{"id":320208,"date":"2026-01-16T09:46:44","date_gmt":"2026-01-16T06:46:44","guid":{"rendered":"https:\/\/baldumarket.lt\/product\/zestaw-mebli-kuchennych-kuchnie-ava-nessa-490-cm\/"},"modified":"2026-04-23T18:34:32","modified_gmt":"2026-04-23T15:34:32","slug":"zestaw-mebli-kuchennych-kuchnie-ava-nessa-490-cm","status":"publish","type":"product","link":"https:\/\/baldumarket.lt\/lt\/product\/zestaw-mebli-kuchennych-kuchnie-ava-nessa-490-cm\/","title":{"rendered":"Virtuv\u0117s bald\u0173 komplektas Ava + Nessa virtuv\u0117s 490 cm"},"content":{"rendered":"<h5><span style=\"color: #54859b\">Apsilankykite m\u016bs\u0173 virtualioje Stolarz-Lempert prek\u0117s \u017eenklo parduotuv\u0117je<\/span><\/h5>\n<p> <a href=\"http:\/\/spacer.lempert.pl\/\" target=\"_blank\" rel=\"noopener\"><span style=\"color: #e47025\">http:\/\/spacer.lempert.pl\/<\/span><\/a><\/p>\n<p>\u201eAva and Nessa\u201c virtuv\u0117 \u2013 tai itin prakti\u0161kas ir gra\u017eus bald\u0173 komplektas. Sistem\u0105 sudaro de\u0161imtys spinteli\u0173 \u2013 skandinavi\u0161ko stiliaus virtuv\u0117s baldai. Spinteli\u0173 fasadai lyg\u016bs ir primena lameles. Platus stalvir\u0161i\u0173 pasirinkimas. Tvirtos ranken\u0117l\u0117s suteikia baldams charakterio ir palengvina prieig\u0105 prie juose laikom\u0173 produkt\u0173. Jos puikiai papildo vis\u0105 komplekt\u0105. Parametrai:<br \/>\nLentos tipas, storis, spalva:<br \/>\n16 mm antracito laminuotos plok\u0161t\u0117s korpusas, 2,5 mm baltos HDF plok\u0161t\u0117s nugar\u0117l\u0117<br \/>\n18 mm MDF fasadai, \u0105\u017euolo spalvos ir 16 mm antracito spalvos laminuotos plok\u0161t\u0117s fasadai<br \/>\nBriaunos tipas:<br \/>\nmelamino korpusai<br \/>\nABS fasadai<br \/>\nKojel\u0117s \u2013 reguliuojamo auk\u0161\u010dio, 15 cm auk\u0161\u010dio<br \/>\nRankenos \u2013 2Z128-160 D50 juodos 16 mm metalin\u0117s ir GM 315 P2 juoda ranken\u0117l\u0117<br \/>\nStal\u010di\u0173 atidarymo sistema \u2013 b\u0117geli\u0173 tipo \u2013 PREMIUM BOX<br \/>\nVyri\u0173 tipas \u2013 \u0161velniai u\u017esidarantys (i\u0161skyrus 90\/90 cm kampin\u0119 spintel\u0119)<br \/>\nUniversal\u016bs fasadai \u2013 montuojami kair\u0117je arba de\u0161in\u0117je.<br \/>\nSpintel\u0117s \u2013 be stalvir\u0161i\u0173. \u0160velniai u\u017esidarantys fasadai ir stal\u010diai, virtuv\u0117 ant reguliuojamo auk\u0161\u010dio kojeli\u0173, cokolis nepridedamas.<br \/>\n\u00a0<br \/>\n\u00a0Spalvos:<br \/>\nPriekin\u0117s dalys: 18 mm MDF plok\u0161t\u0117s, lamel\u0117s \/ \u0105\u017euolo dirbiniai \/ antracito spalvos<br \/>\nKorpusas: 16 mm laminuota plok\u0161t\u0117, antracito (melamino) spalvos<br \/>\nNuotraukoje esantis stalvir\u0161is: 38-U12290 Antracitas<br \/>\nDviej\u0173 spalv\u0173 dizain\u0105 sudaro \u201eNessa\u201c ir \u201eAva\u201c virtuv\u0117s spintel\u0117s (med\u017eio imitacijos).<br \/>\nNurodyta kaina su spintel\u0117mis be stalvir\u0161i\u0173:<br \/>\n\u201eNessa\u201c virtuv\u0117s pagrindas + gil\u016bs praplatinimai<br \/>\n60 cm orkait\u0117s spintel\u0117 su stal\u010diais \u2013 60 DPS 215 3S1F<br \/>\n60 cm \u0161aldytuvo spintel\u0117 \u2013 60 LO-215 2F<br \/>\n50 cm spintel\u0117 po kriaukle \u2013 50 ZL 1F BB<br \/>\n80 cm stal\u010diai \u2013 80D 3S BB<br \/>\n60 cm su 1 priekiu \u2013 60D 1F BB<br \/>\n80 cm \u2013 80D 2F BB<br \/>\n40 cm sand\u0117liuko spintel\u0117 \u2013 40 DK-215 2F<br \/>\n60 cm sand\u0117liuko spintel\u0117 \u2013 60 DK-215 2F<br \/>\n60 cm gylio prailginimai 60 NAGU-36 1F \u2013 4 vnt.<br \/>\n80 cm gylio prailginimai 80 NAGU-36 1F \u2013 2 vnt.<br \/>\n50 cm prailginimas, 50 cm gylio NAGU-36 1F \u2013 1 vnt.<br \/>\n40 cm gylio prailginimas NAGU-36 1F \u2013 1 vnt.<br \/>\nAva virtuv\u0117s stalvir\u0161is<br \/>\n50 cm 50 G-72 1F<br \/>\n80 cm \u2013 80 G-72 2F<br \/>\n60 cm 60 G-72 1F<br \/>\n80 cm \u2013 80 G-72 2F<br \/>\nir du 2 metr\u0173 cokoliai + vienas 1 metro cokolis<br \/>\nVirtuvei reikalingas 270 cm ilgio stalvir\u0161is<\/p>","protected":false},"excerpt":{"rendered":"<p>Fasado tipas: Laminuota plok\u0161t\u0117 \/ MDF \/ Lakuota MDF<br \/>\nVirtuv\u0117s spalva: Artisan \u0105\u017euolo lamel\u0117s<br \/>\nVirtuv\u0117s stilius: Skandinavi\u0161kas<br \/>\nFasado tipas: Laminuota plok\u0161t\u0117 \/ MDF \/ Lakuota MDF<br \/>\nGylis su stalvir\u0161iu [cm]: 60<br \/>\nAuk\u0161tis [cm]: 72 vir\u0161uje<br \/>\nAuk\u0161tis be vir\u0161utinio skydelio [cm]: 87<\/p>","protected":false},"featured_media":320209,"comment_status":"open","ping_status":"open","template":"","meta":[],"product_brand":[],"product_cat":[9234,1932],"product_tag":[],"class_list":{"0":"post-320208","1":"product","2":"type-product","3":"status-publish","4":"has-post-thumbnail","6":"product_cat-stolarz-lempert","7":"product_cat-kitchen-sets","9":"first","10":"instock","11":"purchasable","12":"product-type-simple"},"_links":{"self":[{"href":"https:\/\/baldumarket.lt\/lt\/wp-json\/wp\/v2\/product\/320208","targetHints":{"allow":["GET"]}}],"collection":[{"href":"https:\/\/baldumarket.lt\/lt\/wp-json\/wp\/v2\/product"}],"about":[{"href":"https:\/\/baldumarket.lt\/lt\/wp-json\/wp\/v2\/types\/product"}],"replies":[{"embeddable":true,"href":"https:\/\/baldumarket.lt\/lt\/wp-json\/wp\/v2\/comments?post=320208"}],"wp:featuredmedia":[{"embeddable":true,"href":"https:\/\/baldumarket.lt\/lt\/wp-json\/wp\/v2\/media\/320209"}],"wp:attachment":[{"href":"https:\/\/baldumarket.lt\/lt\/wp-json\/wp\/v2\/media?parent=320208"}],"wp:term":[{"taxonomy":"product_brand","embeddable":true,"href":"https:\/\/baldumarket.lt\/lt\/wp-json\/wp\/v2\/product_brand?post=320208"},{"taxonomy":"product_cat","embeddable":true,"href":"https:\/\/baldumarket.lt\/lt\/wp-json\/wp\/v2\/product_cat?post=320208"},{"taxonomy":"product_tag","embeddable":true,"href":"https:\/\/baldumarket.lt\/lt\/wp-json\/wp\/v2\/product_tag?post=320208"}],"curies":[{"name":"wp","href":"https:\/\/api.w.org\/{rel}","templated":true}]}}