{"id":320200,"date":"2026-01-16T09:46:35","date_gmt":"2026-01-16T06:46:35","guid":{"rendered":"https:\/\/baldumarket.lt\/product\/zestaw-kuchenny-narozny-300-200-cm-kuchnie-nessa-i-scandi\/"},"modified":"2026-04-23T18:34:32","modified_gmt":"2026-04-23T15:34:32","slug":"zestaw-kuchenny-narozny-300-200-cm-kuchnie-nessa-i-scandi","status":"publish","type":"product","link":"https:\/\/baldumarket.lt\/lt\/product\/zestaw-kuchenny-narozny-300-200-cm-kuchnie-nessa-i-scandi\/","title":{"rendered":"Kampinis virtuv\u0117s komplektas 300-200 cm, Nessa ir Scandi virtuv\u0117s"},"content":{"rendered":"<h5><span style=\"color: #54859b\">Apsilankykite m\u016bs\u0173 virtualioje Stolarz-Lempert prek\u0117s \u017eenklo parduotuv\u0117je<\/span><\/h5>\n<p> <a href=\"http:\/\/spacer.lempert.pl\/\" target=\"_blank\" rel=\"noopener\"><span style=\"color: #e47025\">http:\/\/spacer.lempert.pl\/<\/span><\/a><\/p>\n<p>\u201eScandi\u201c ir \u201eNessa\u201c virtuv\u0117s \u2013 tai itin prakti\u0161ki ir gra\u017e\u016bs bald\u0173 komplektai. Sistem\u0105 sudaro de\u0161imtys spinteli\u0173 \u2013 skandinavi\u0161ko ir lofto stiliaus virtuv\u0117s bald\u0173. Spinteli\u0173 fasadai dekoruoti med\u017eio imitacijos \u201eeglut\u0117s\u201c ra\u0161tu. Platus stalvir\u0161i\u0173 pasirinkimas. Tvirtos rankenos suteikia baldams charakterio ir palengvina prieig\u0105 prie viduje laikom\u0173 produkt\u0173. Jos puikiai papildo bendr\u0105 komplekt\u0105. Parametrai:<br \/>\nLentos tipas, storis, spalva:<br \/>\n16 mm antracito laminuotos plok\u0161t\u0117s korpusas, 2,5 mm baltos HDF plok\u0161t\u0117s nugar\u0117l\u0117<br \/>\n16 mm antracito laminuotos plok\u0161t\u0117s fasadas<br \/>\n16 mm antracito laminuotos plok\u0161t\u0117s fasadas<br \/>\nBriaunos tipas:<br \/>\nmelamino korpusai<br \/>\nABS fasadai<br \/>\nKojel\u0117s \u2013 reguliuojamo auk\u0161\u010dio, 15 cm auk\u0161\u010dio<br \/>\nRankenos \u2013 2Z128-160 D50 metalin\u0117s, juodos, 16 mm<br \/>\nStal\u010di\u0173 atidarymo sistema \u2013 b\u0117geli\u0173 tipo \u2013 PREMIUM BOX<br \/>\nVyri\u0173 tipas \u2013 \u0161velniai u\u017esidarantys (i\u0161skyrus 90\/90 cm kampin\u0119 spintel\u0119)<br \/>\nUniversal\u016bs fasadai \u2013 montuojami kair\u0117je arba de\u0161in\u0117je.<br \/>\nSpintel\u0117s \u2013 be stalvir\u0161i\u0173. \u0160velnaus u\u017edarymo sistema fasadams ir stal\u010diams, virtuv\u0117 ant reguliuojamo auk\u0161\u010dio kojeli\u0173, cokolis nepridedamas.<br \/>\nSpalvos:<br \/>\nPriekin\u0117s dalys: 16 mm laminuota plok\u0161t\u0117, skandinavi\u0161ko ra\u0161to (ABS) ir 16 mm laminuota plok\u0161t\u0117, antracito spalvos<br \/>\nKorpusas: 16 mm laminuota plok\u0161t\u0117, antracito (melamino) spalvos<br \/>\nNuotraukoje matomas stalvir\u0161is: 38-U12290 Antracitas<br \/>\n\u012e kain\u0105 \u012fskai\u010diuotos spintel\u0117s be stalvir\u0161i\u0173:<br \/>\n60 cm \u0161aldytuvo spintel\u0117 \u2013 60 LO 215 2F<br \/>\n60 cm orkait\u0117s spintel\u0117 \u2013 60 DP 215 2F<br \/>\n30 cm krovinin\u0117 spintel\u0117 \u2013 30D CARGO BB<br \/>\n60 cm stal\u010di\u0173 spintel\u0117 \u2013 60D 3S BB<br \/>\n90\/90 kampin\u0117 spintel\u0117 \u2013 90\u00d790 ND 2F BB<br \/>\n60 cm su 1 priekiniu 60D 1F BB<br \/>\n50 cm spintel\u0117 po kriaukle 50ZL 1F BB<br \/>\n30 cm \u2013 30 G-72 1F<br \/>\n60 cm gylio po gaubtu \u2013 60 GU-36 1F<br \/>\n30 cm \u2013 30 G-72 1F<br \/>\n60-60 kampas \u2013 60\u00d760 GN-72 45 laipsni\u0173 1F<br \/>\n30 cm \u2013 30 G-72 1F<br \/>\n60 cm 60 G-72 1F<br \/>\n50 cm 50 G-72 1F<br \/>\n\u00a0<br \/>\nir du cokoliai, po 2 metrus ir 1 metr\u0105.<br \/>\nKomplektui reikalingos dvi stalvir\u0161io dalys \u2013 180 cm ir 235 cm.<\/p>","protected":false},"excerpt":{"rendered":"<p>Priekin\u0117s dalies tipas: laminuota plok\u0161t\u0117 \/ MDF \/ lakuota laminuota plok\u0161t\u0117<br \/>\nVirtuv\u0117s spalv\u0173 schema: Eglut\u0117s ra\u0161tas<br \/>\nVirtuv\u0117s stilius: Skandinavi\u0161kas<br \/>\nPriekin\u0117s dalies tipas: laminuota plok\u0161t\u0117 \/ MDF \/ lakuota laminuota plok\u0161t\u0117<br \/>\nGylis [cm]: 31 vir\u0161uje<br \/>\nGylis be stalvir\u0161io [cm]: 52<br \/>\nGylis su stalvir\u0161iu [cm]: 60<\/p>","protected":false},"featured_media":320201,"comment_status":"open","ping_status":"open","template":"","meta":[],"product_brand":[],"product_cat":[9234,1932],"product_tag":[],"class_list":{"0":"post-320200","1":"product","2":"type-product","3":"status-publish","4":"has-post-thumbnail","6":"product_cat-stolarz-lempert","7":"product_cat-kitchen-sets","9":"first","10":"instock","11":"purchasable","12":"product-type-simple"},"_links":{"self":[{"href":"https:\/\/baldumarket.lt\/lt\/wp-json\/wp\/v2\/product\/320200","targetHints":{"allow":["GET"]}}],"collection":[{"href":"https:\/\/baldumarket.lt\/lt\/wp-json\/wp\/v2\/product"}],"about":[{"href":"https:\/\/baldumarket.lt\/lt\/wp-json\/wp\/v2\/types\/product"}],"replies":[{"embeddable":true,"href":"https:\/\/baldumarket.lt\/lt\/wp-json\/wp\/v2\/comments?post=320200"}],"wp:featuredmedia":[{"embeddable":true,"href":"https:\/\/baldumarket.lt\/lt\/wp-json\/wp\/v2\/media\/320201"}],"wp:attachment":[{"href":"https:\/\/baldumarket.lt\/lt\/wp-json\/wp\/v2\/media?parent=320200"}],"wp:term":[{"taxonomy":"product_brand","embeddable":true,"href":"https:\/\/baldumarket.lt\/lt\/wp-json\/wp\/v2\/product_brand?post=320200"},{"taxonomy":"product_cat","embeddable":true,"href":"https:\/\/baldumarket.lt\/lt\/wp-json\/wp\/v2\/product_cat?post=320200"},{"taxonomy":"product_tag","embeddable":true,"href":"https:\/\/baldumarket.lt\/lt\/wp-json\/wp\/v2\/product_tag?post=320200"}],"curies":[{"name":"wp","href":"https:\/\/api.w.org\/{rel}","templated":true}]}}