{"id":320170,"date":"2026-01-16T09:46:09","date_gmt":"2026-01-16T06:46:09","guid":{"rendered":"https:\/\/baldumarket.lt\/product\/meble-kuchenne-kuchnia-350-cm-bianka\/"},"modified":"2026-03-23T13:00:26","modified_gmt":"2026-03-23T10:00:26","slug":"meble-kuchenne-kuchnia-350-cm-bianka","status":"publish","type":"product","link":"https:\/\/baldumarket.lt\/lt\/product\/meble-kuchenne-kuchnia-350-cm-bianka\/","title":{"rendered":"Virtuv\u0117s baldai virtuv\u0117je 350 cm Bianka"},"content":{"rendered":"<h5><span style=\"color: #54859b\">Apsilankykite m\u016bs\u0173 virtualioje Stolarz-Lempert prek\u0117s \u017eenklo parduotuv\u0117je<\/span><\/h5>\n<p> <a href=\"http:\/\/spacer.lempert.pl\/\" target=\"_blank\" rel=\"noopener\"><span style=\"color: #e47025\">http:\/\/spacer.lempert.pl\/<\/span><\/a><\/p>\n<p>Rekomenduojame modern\u0173, 180 cm plo\u010dio, blizgant\u012f virtuv\u0117s komplekt\u0105 \u201eBianka\u201c.<br \/>\nPaprastos formos, lengvas dizainas ir blizg\u016bs PVC fasadai \u2013 tai \u0161io komplekto i\u0161skirtiniai bruo\u017eai. Jis puikiai tinka bet kuriai moderniu stiliumi dekoruotai virtuvei.<br \/>\nVirtuv\u0117s ypatyb\u0117s:<br \/>\nAuk\u0161tos kokyb\u0117s vir\u0161utiniai fasadai pagaminti i\u0161 blizgaus balto PVC, atspar\u016bs nepalankioms virtuv\u0117s s\u0105lygoms<br \/>\nErdvios spintel\u0117s<br \/>\nMetalin\u0117s rankenos<br \/>\n2,8 cm storio stalvir\u0161is, pagamintas naudojant pokalimo technologij\u0105, su ergonomi\u0161kai i\u0161lenktu travertino spalvos priekiu \u2013 galima \u012fsigyti atskirai<br \/>\nSpintel\u0117s turi \u0161velnaus u\u017edarymo stal\u010di\u0173 sistem\u0105<br \/>\nSpintel\u0117s turi \u0161velnaus u\u017edarymo priekin\u0119 sistem\u0105<br \/>\nVirtuv\u0117s spalvos:<br \/>\nFasadas: MDF balta \/ PVC balta<br \/>\nK\u016bnas: pilkas<br \/>\n\u012e rinkin\u012f \u012feina:<br \/>\nVir\u0161utin\u0117s spintel\u0117s:<br \/>\n80 cm \u2013 80 G-72 2F<br \/>\n60 cm \u2013 60 G-72 1F<br \/>\n60 cm gartraukio blokas \u2013 60 GU-36 1F<br \/>\n60 cm atver\u010diamas ir pasukamas blokas \u2013 60 GU-72 2F<br \/>\n30 cm galinis blokas \u2013 30 G ZAK-72<br \/>\n\u00a0<br \/>\nApatin\u0117s spintel\u0117s:<br \/>\n60 cm sand\u0117liuko kolona su stal\u010diais \u2013 60 DKS-210 3S 1F<br \/>\n80 cm kriaukl\u0117 \u2013 ZL 2F BB<br \/>\n60 cm \u2013 D 1F BB<br \/>\n60 cm orkait\u0117s spintel\u0117 \u2013 60 D GAZ BB<br \/>\n60 cm stal\u010diai \u2013 60 D 3S BB<br \/>\n30 cm galin\u0117 lentyna \u2013 30 D ZAK BB<br \/>\n\u00a0<br \/>\nSpintel\u0117s be stalvir\u0161i\u0173 \u2013 reikalinga 290 cm sekcija<br \/>\nPapildomos parinktys:<br \/>\nGalima u\u017esisakyti papildomas spinteles arba papildom\u0173 spinteli\u0173 komplekt\u0105 (taip pat yra kampini\u0173 spinteli\u0173 \u2013 \u017er. s\u0105ra\u0161\u0105 antroje nuotraukoje). Spinteli\u0173 priekin\u0117s dalys gali b\u016bti \u0161i\u0173 spalv\u0173: blizgi pilka (pilka virtuv\u0117), blizgi raudona (ro\u017ein\u0117 virtuv\u0117) ir blizgi kremin\u0117 (Karmen virtuv\u0117).<\/p>","protected":false},"excerpt":{"rendered":"<p>Gylis su stalvir\u0161iu [cm]: 60<br \/>\nGylis [cm]: 31 vir\u0161uje<br \/>\nGylis be vir\u0161utinio sluoksnio [cm]: 52<br \/>\nGylis su stalvir\u0161iu [cm]: 60<br \/>\nPlotis [cm]: 350<br \/>\nAuk\u0161tis [cm]: 72 vir\u0161uje<br \/>\nAuk\u0161tis be vir\u0161utinio sluoksnio [cm]: 82<\/p>","protected":false},"featured_media":320171,"comment_status":"open","ping_status":"open","template":"","meta":[],"product_brand":[],"product_cat":[9234,1932],"product_tag":[],"class_list":{"0":"post-320170","1":"product","2":"type-product","3":"status-publish","4":"has-post-thumbnail","6":"product_cat-stolarz-lempert","7":"product_cat-kitchen-sets","9":"first","10":"instock","11":"purchasable","12":"product-type-simple"},"_links":{"self":[{"href":"https:\/\/baldumarket.lt\/lt\/wp-json\/wp\/v2\/product\/320170","targetHints":{"allow":["GET"]}}],"collection":[{"href":"https:\/\/baldumarket.lt\/lt\/wp-json\/wp\/v2\/product"}],"about":[{"href":"https:\/\/baldumarket.lt\/lt\/wp-json\/wp\/v2\/types\/product"}],"replies":[{"embeddable":true,"href":"https:\/\/baldumarket.lt\/lt\/wp-json\/wp\/v2\/comments?post=320170"}],"wp:featuredmedia":[{"embeddable":true,"href":"https:\/\/baldumarket.lt\/lt\/wp-json\/wp\/v2\/media\/320171"}],"wp:attachment":[{"href":"https:\/\/baldumarket.lt\/lt\/wp-json\/wp\/v2\/media?parent=320170"}],"wp:term":[{"taxonomy":"product_brand","embeddable":true,"href":"https:\/\/baldumarket.lt\/lt\/wp-json\/wp\/v2\/product_brand?post=320170"},{"taxonomy":"product_cat","embeddable":true,"href":"https:\/\/baldumarket.lt\/lt\/wp-json\/wp\/v2\/product_cat?post=320170"},{"taxonomy":"product_tag","embeddable":true,"href":"https:\/\/baldumarket.lt\/lt\/wp-json\/wp\/v2\/product_tag?post=320170"}],"curies":[{"name":"wp","href":"https:\/\/api.w.org\/{rel}","templated":true}]}}