{"id":320127,"date":"2026-01-16T09:45:33","date_gmt":"2026-01-16T06:45:33","guid":{"rendered":"https:\/\/baldumarket.lt\/product\/zestaw-mebli-kuchennych-kuchnia-340-cm-old-style\/"},"modified":"2026-04-23T18:34:42","modified_gmt":"2026-04-23T15:34:42","slug":"zestaw-mebli-kuchennych-kuchnia-340-cm-old-style","status":"publish","type":"product","link":"https:\/\/baldumarket.lt\/lt\/product\/zestaw-mebli-kuchennych-kuchnia-340-cm-old-style\/","title":{"rendered":"Virtuv\u0117s bald\u0173 komplektas 340 cm, senovinio stiliaus"},"content":{"rendered":"<h5><span style=\"color: #54859b\">Apsilankykite m\u016bs\u0173 virtualioje Stolarz-Lempert prek\u0117s \u017eenklo parduotuv\u0117je<\/span><\/h5>\n<p> <a href=\"http:\/\/spacer.lempert.pl\/\" target=\"_blank\" rel=\"noopener\"><span style=\"color: #e47025\">http:\/\/spacer.lempert.pl\/<\/span><\/a><\/p>\n<p>\u201eOld Style Kitchen\u201c \u2013 tai labai prakti\u0161k\u0173 ir gra\u017ei\u0173 bald\u0173 komplektas. Sistem\u0105 sudaro de\u0161imtys spinteli\u0173 \u2013 vinta\u017einio stiliaus virtuv\u0117s baldai. Spinteli\u0173 fasadai lyg\u016bs. Platus stalvir\u0161i\u0173 pasirinkimas. Tvirtos rankenos suteikia baldams charakterio ir palengvina prieig\u0105 prie viduje laikom\u0173 produkt\u0173. Jos puikiai papildo vis\u0105 komplekt\u0105.<br \/>\nParametrai:<br \/>\nLentos tipas, storis, spalva:<br \/>\n16 mm antracito laminuota plok\u0161t\u0117 korpusui, 2,5 mm balta HDF plok\u0161t\u0117 nugar\u0117lei<br \/>\n16 mm senovinio stiliaus laminuota med\u017eio plok\u0161t\u0117 fasadams<br \/>\nApvado tipas:<br \/>\nmelaminas k\u016bnams<br \/>\nABS fasadai<br \/>\nKojel\u0117s \u2013 reguliuojamo auk\u0161\u010dio, 15 cm auk\u0161\u010dio<br \/>\nRankenos \u2013 metalin\u0117s 2Z128-160 D50 juodos<br \/>\nStal\u010di\u0173 atidarymo sistema \u2013 b\u0117geli\u0173 tipo \u2013 PREMIUM BOX<br \/>\nVyri\u0173 tipas \u2013 \u0161velniai u\u017esidarantys (i\u0161skyrus 90\/90 cm kampin\u0119 spintel\u0119)<br \/>\nUniversal\u016bs fasadai \u2013 montuojami kair\u0117je arba de\u0161in\u0117je.<br \/>\n\u00a0<br \/>\nSpintel\u0117s \u2013 be stalvir\u0161i\u0173. \u0160velniai u\u017esidarantys fasadai ir stal\u010diai, virtuv\u0117 ant reguliuojamo auk\u0161\u010dio kojeli\u0173, prie spintel\u0117s cokolio n\u0117ra.<br \/>\n\u00a0<br \/>\n\u00a0<br \/>\nSpalvos:<br \/>\nPriekin\u0117s dalys: 16 mm senovinio stiliaus laminuota plok\u0161t\u0117 (ABS)<br \/>\nKorpusas: 16 mm antracito spalvos laminuota plok\u0161t\u0117 (melaminas)<br \/>\nNuotraukoje matomas stalvir\u0161is: 38-U12290 Antracitas<br \/>\nSpintel\u0117s be stalvir\u0161i\u0173 yra prieinamos u\u017e nurodyt\u0105 kain\u0105:<br \/>\n30 cm atvira lentyn\u0173 sistema 30D OTW BB<br \/>\n80 cm kriaukl\u0117s spintel\u0117 80ZL 2F BB<br \/>\n40 cm stal\u010di\u0173 spintel\u0117 40D 3S BB<br \/>\n60 cm orkait\u0117s blokas 60D dujin\u0117 BB<br \/>\n30 cm atvira lentyna 30D OTW BB \u2013 nuotraukoje matoma klaida ir spintel\u0117 su priekiu<br \/>\n40 cm sand\u0117liuko spintel\u0117 40 DK-215 2F<br \/>\n60 cm sand\u0117liuko spintel\u0117 60 DK-215 2F<br \/>\n30 cm atvira lentyn\u0173 sistema 30 G-72 OTW<br \/>\n80 cm 80 G-72 2F<br \/>\n40 cm 40 G-72 1F<br \/>\n60 cm gaubtas 60 GU-36 1F<br \/>\n30 cm 30 G-72 1F<br \/>\n\u00a0<br \/>\nir 2 metr\u0173 cokolin\u0117s grindjuost\u0117s \u2013 2 vnt. ir 1 metras<br \/>\nVirtuvei reikalingas 240 cm ilgio stalvir\u0161is<\/p>","protected":false},"excerpt":{"rendered":"<p>Priekin\u0117s dalies tipas: laminuota plok\u0161t\u0117 \/ MDF \/ lakuota laminuota plok\u0161t\u0117<br \/>\nVirtuv\u0117s spalva: Mediena<br \/>\nVirtuv\u0117s stilius: Vinta\u017einis<br \/>\nPriekin\u0117s dalies tipas: laminuota plok\u0161t\u0117 \/ MDF \/ lakuota laminuota plok\u0161t\u0117<br \/>\nGylis su stalvir\u0161iu [cm]: 60<br \/>\nAuk\u0161tis [cm]: 72 vir\u0161uje<br \/>\nAuk\u0161tis be vir\u0161utinio skydelio [cm]: 87<\/p>","protected":false},"featured_media":320128,"comment_status":"open","ping_status":"open","template":"","meta":[],"product_brand":[],"product_cat":[9234,1932],"product_tag":[],"class_list":{"0":"post-320127","1":"product","2":"type-product","3":"status-publish","4":"has-post-thumbnail","6":"product_cat-stolarz-lempert","7":"product_cat-kitchen-sets","9":"first","10":"instock","11":"purchasable","12":"product-type-simple"},"_links":{"self":[{"href":"https:\/\/baldumarket.lt\/lt\/wp-json\/wp\/v2\/product\/320127","targetHints":{"allow":["GET"]}}],"collection":[{"href":"https:\/\/baldumarket.lt\/lt\/wp-json\/wp\/v2\/product"}],"about":[{"href":"https:\/\/baldumarket.lt\/lt\/wp-json\/wp\/v2\/types\/product"}],"replies":[{"embeddable":true,"href":"https:\/\/baldumarket.lt\/lt\/wp-json\/wp\/v2\/comments?post=320127"}],"wp:featuredmedia":[{"embeddable":true,"href":"https:\/\/baldumarket.lt\/lt\/wp-json\/wp\/v2\/media\/320128"}],"wp:attachment":[{"href":"https:\/\/baldumarket.lt\/lt\/wp-json\/wp\/v2\/media?parent=320127"}],"wp:term":[{"taxonomy":"product_brand","embeddable":true,"href":"https:\/\/baldumarket.lt\/lt\/wp-json\/wp\/v2\/product_brand?post=320127"},{"taxonomy":"product_cat","embeddable":true,"href":"https:\/\/baldumarket.lt\/lt\/wp-json\/wp\/v2\/product_cat?post=320127"},{"taxonomy":"product_tag","embeddable":true,"href":"https:\/\/baldumarket.lt\/lt\/wp-json\/wp\/v2\/product_tag?post=320127"}],"curies":[{"name":"wp","href":"https:\/\/api.w.org\/{rel}","templated":true}]}}