{"id":320103,"date":"2026-01-16T09:45:10","date_gmt":"2026-01-16T06:45:10","guid":{"rendered":"https:\/\/baldumarket.lt\/product\/zestaw-kuchenny-z-blatem-kuchnia-300-cm-toni-labrador-zielony\/"},"modified":"2026-04-23T18:34:51","modified_gmt":"2026-04-23T15:34:51","slug":"zestaw-kuchenny-z-blatem-kuchnia-300-cm-toni-labrador-zielony","status":"publish","type":"product","link":"https:\/\/baldumarket.lt\/lt\/product\/zestaw-kuchenny-z-blatem-kuchnia-300-cm-toni-labrador-zielony\/","title":{"rendered":"Virtuv\u0117s komplektas su stalvir\u0161iu, virtuv\u0117 300 cm Toni \u017ealias labradoras"},"content":{"rendered":"<h5><span style=\"color: #54859b\">Apsilankykite m\u016bs\u0173 virtualioje Stolarz-Lempert prek\u0117s \u017eenklo parduotuv\u0117je<\/span><\/h5>\n<p> <a href=\"http:\/\/spacer.lempert.pl\/\" target=\"_blank\" rel=\"noopener\"><span style=\"color: #e47025\">http:\/\/spacer.lempert.pl\/<\/span><\/a><\/p>\n<p>\u201eToni\u201c segmentas yra idealus sprendimas biud\u017eetin\u0117ms virtuv\u0117ms, studijos tipo apartamentams, virtuv\u0117l\u0117ms, vie\u0161bu\u010di\u0173 bufetams arba kaip virtuv\u0117s kampelis nuosavyb\u0117je. \u201eToni\u201c sistemos parametrai:<br \/>\nPriekin\u0117 apdaila: 16 mm laminuota plok\u0161t\u0117<br \/>\nPriekin\u0117 spalva I: Labradoro \u017ealia (ABS)<br \/>\nPriekin\u0117 spalva II: balta (ABS)<br \/>\nKorpusas: 16 mm laminuota plok\u0161t\u0117<br \/>\nKorpuso spalva: balta (melaminas)<br \/>\nVir\u0161us: 28 mm \u2013 baltas<br \/>\nRankena: 2C-128 SA plastikas<br \/>\nCokolis: baltas<br \/>\nSpalvos:<br \/>\nPriekin\u0117 dalis: 16 mm laminuota plok\u0161t\u0117, Labradoro \u017ealia + balta<br \/>\nKorpusas: 16 mm laminuota plok\u0161t\u0117, balta<br \/>\nVir\u0161us: 28 mm \u2013 baltas<br \/>\n\u012e rinkin\u012f \u012feina:<br \/>\n1x \u012emontuojama \u0161aldytuvo spintel\u0117 60 cm \/ HSKK 60\/190 Z \/ 3 x Priekin\u0117s dalys<br \/>\n1 x Auk\u0161ta krovinin\u0117 spintel\u0117 30 cm \/ HSAZ 30\/190 Z PW II \/ 5 x Stal\u010diai<br \/>\n1x Apatin\u0117 spintel\u0117 40 cm \/ U 40Z PW II \/ 1x Priekis \/ 1x Stal\u010dius<br \/>\n1x Apatin\u0117 spintel\u0117 orkaitei 60 cm \/ HUB 60 Z PW II<br \/>\n1x Indaplov\u0117s priekin\u0117 dalis 60 cm \/ TGV 60 Z<br \/>\n1 x Praustuvo apatin\u0117 spintel\u0117 50 cm \/ SPUK 50 Z PW II \/ 1 x Priekin\u0117 dalis<br \/>\n1x Vir\u0161utin\u0117 spintel\u0117 40 cm \/ A 40\/58 Z \/ 1x Priekin\u0117 dalis<br \/>\n1x Vir\u0161utin\u0117 spintel\u0117 60 cm \/ A 60\/58 Z \/ 1x Priekin\u0117 dalis<br \/>\n1 x Vir\u0161utin\u0117 spintel\u0117 50 cm \/ A 50\/58 Z \/ 1 x Priekin\u0117 dalis<br \/>\n1 x Stalvir\u0161is 210 cm \u2013 28 mm \/ APL 200-28<br \/>\n\u00a0<br \/>\nTamsiai \u017ealia \u0161iuo metu yra viena madingiausi\u0173 spalv\u0173. Virtuv\u0117je ji atrodo gra\u017eiai derinama su medaus spalvos \u0105\u017euolu. Ta\u010diau verta j\u0105 \u012ftraukti ir \u012f kitus interjerus, kad erdv\u0117 pagyv\u0117t\u0173 ir \u012fgaut\u0173 nat\u016bralumo \u012fsp\u016bd\u012f.<br \/>\nKomplektas tiekiamas tik su paveiksl\u0117liu \u2013 kit\u0173 spinteli\u0173 u\u017esakyti negalima.<\/p>","protected":false},"excerpt":{"rendered":"<p>Komplekto plotis [cm]: 300<br \/>\nAuk\u0161tis [cm]: 58<br \/>\nGylis [cm]: 30,6<br \/>\nPlotis i\u0161 kair\u0117s [cm]: 40 | 60 | 50<br \/>\nAuk\u0161tis [cm]: 58<br \/>\nGylis [cm]: 30,6<br \/>\nGylis be vir\u0161utinio sluoksnio [cm]: 56,6<br \/>\nGylis su stalvir\u0161iu [cm]: 60<\/p>","protected":false},"featured_media":320104,"comment_status":"open","ping_status":"open","template":"","meta":[],"product_brand":[],"product_cat":[9234,1932],"product_tag":[],"class_list":{"0":"post-320103","1":"product","2":"type-product","3":"status-publish","4":"has-post-thumbnail","6":"product_cat-stolarz-lempert","7":"product_cat-kitchen-sets","9":"first","10":"instock","11":"purchasable","12":"product-type-simple"},"_links":{"self":[{"href":"https:\/\/baldumarket.lt\/lt\/wp-json\/wp\/v2\/product\/320103","targetHints":{"allow":["GET"]}}],"collection":[{"href":"https:\/\/baldumarket.lt\/lt\/wp-json\/wp\/v2\/product"}],"about":[{"href":"https:\/\/baldumarket.lt\/lt\/wp-json\/wp\/v2\/types\/product"}],"replies":[{"embeddable":true,"href":"https:\/\/baldumarket.lt\/lt\/wp-json\/wp\/v2\/comments?post=320103"}],"wp:featuredmedia":[{"embeddable":true,"href":"https:\/\/baldumarket.lt\/lt\/wp-json\/wp\/v2\/media\/320104"}],"wp:attachment":[{"href":"https:\/\/baldumarket.lt\/lt\/wp-json\/wp\/v2\/media?parent=320103"}],"wp:term":[{"taxonomy":"product_brand","embeddable":true,"href":"https:\/\/baldumarket.lt\/lt\/wp-json\/wp\/v2\/product_brand?post=320103"},{"taxonomy":"product_cat","embeddable":true,"href":"https:\/\/baldumarket.lt\/lt\/wp-json\/wp\/v2\/product_cat?post=320103"},{"taxonomy":"product_tag","embeddable":true,"href":"https:\/\/baldumarket.lt\/lt\/wp-json\/wp\/v2\/product_tag?post=320103"}],"curies":[{"name":"wp","href":"https:\/\/api.w.org\/{rel}","templated":true}]}}