{"id":319927,"date":"2026-01-16T09:42:51","date_gmt":"2026-01-16T06:42:51","guid":{"rendered":"https:\/\/baldumarket.lt\/product\/biurko-proste-regulowana-wysokosc-malta-symbol-161\/"},"modified":"2026-03-23T13:00:26","modified_gmt":"2026-03-23T10:00:26","slug":"biurko-proste-regulowana-wysokosc-malta-symbol-161","status":"publish","type":"product","link":"https:\/\/baldumarket.lt\/lt\/product\/biurko-proste-regulowana-wysokosc-malta-symbol-161\/","title":{"rendered":"\u201eMalta\u201c tiesus stalas, reguliuojamo auk\u0161\u010dio, simbolis 161"},"content":{"rendered":"<h5><span style=\"color: #54859b\">Apsilankykite m\u016bs\u0173 virtualioje Stolarz-Lempert prek\u0117s \u017eenklo parduotuv\u0117je<\/span><\/h5>\n<p> <a href=\"http:\/\/spacer.lempert.pl\/\" target=\"_blank\" rel=\"noopener\"><span style=\"color: #e47025\">http:\/\/spacer.lempert.pl\/<\/span><\/a><\/p>\n<p>\u201eMalta\u201c moduliniai baldai si\u016blo modernius baldus, kurie pad\u0117s sutvarkyti bet kur\u012f biur\u0105 ar jaunimo kambar\u012f.<br \/>\nKomplektus sudaro knyg\u0173 lentynos, komodos, prie sienos tvirtinamos spintel\u0117s, lentynos, konteineriai, ra\u0161omieji stalai ir net drabu\u017ein\u0117s.<br \/>\nSavo svajoni\u0173 erdv\u0119 galite susikurti bet kokiu jums patinkan\u010diu b\u016bdu.<br \/>\nPagaminta i\u0161 laminuotos plok\u0161t\u0117s.<br \/>\n1\/2 pakuot\u0117s \u2013 830 x 210 x 180 mm \u2013 17,80 kg (reguliuojama koja)<br \/>\n2\/2 pakuot\u0117 \u2013 1520 x 705 x 65 mm \u2013 35,0 kg<br \/>\nSpalvos:<br \/>\nGalimos \u012fvairios spalvos:<br \/>\nMatin\u0117s pilkos arba meni\u0161ko \u0105\u017euolo r\u0117mai<br \/>\nMatin\u0117s pilkos arba dirbtinio \u0105\u017euolo fasadai<br \/>\nKai kurie gaminiai yra vienos spalvos \u2013 pilkos arba \u0105\u017euolo \u2013 \u017er. parinktis<br \/>\n\u201eMalta 161 Straight\u201c stalas \u2013 stalas turi metalin\u012f pagrind\u0105 ir elektrin\u012f auk\u0161\u010dio reguliavim\u0105. Stalo stalvir\u0161is pastorintas.<br \/>\nKiekvieno stalo vir\u0161uje yra skyl\u0117s ir jungiamosios d\u0117\u017eut\u0117s laidams i\u0161vesti.<\/p>","protected":false},"excerpt":{"rendered":"<p>Gylis [cm]: 67<br \/>\nPlotis [cm]: 138<br \/>\n\u016agis [cm]: 75,6\u2013123,6<br \/>\nGylis [cm]: 67<\/p>","protected":false},"featured_media":319928,"comment_status":"open","ping_status":"open","template":"","meta":[],"product_brand":[],"product_cat":[9234,1312],"product_tag":[],"class_list":{"0":"post-319927","1":"product","2":"type-product","3":"status-publish","4":"has-post-thumbnail","6":"product_cat-stolarz-lempert","7":"product_cat-desks","9":"first","10":"instock","11":"purchasable","12":"product-type-simple"},"_links":{"self":[{"href":"https:\/\/baldumarket.lt\/lt\/wp-json\/wp\/v2\/product\/319927","targetHints":{"allow":["GET"]}}],"collection":[{"href":"https:\/\/baldumarket.lt\/lt\/wp-json\/wp\/v2\/product"}],"about":[{"href":"https:\/\/baldumarket.lt\/lt\/wp-json\/wp\/v2\/types\/product"}],"replies":[{"embeddable":true,"href":"https:\/\/baldumarket.lt\/lt\/wp-json\/wp\/v2\/comments?post=319927"}],"wp:featuredmedia":[{"embeddable":true,"href":"https:\/\/baldumarket.lt\/lt\/wp-json\/wp\/v2\/media\/319928"}],"wp:attachment":[{"href":"https:\/\/baldumarket.lt\/lt\/wp-json\/wp\/v2\/media?parent=319927"}],"wp:term":[{"taxonomy":"product_brand","embeddable":true,"href":"https:\/\/baldumarket.lt\/lt\/wp-json\/wp\/v2\/product_brand?post=319927"},{"taxonomy":"product_cat","embeddable":true,"href":"https:\/\/baldumarket.lt\/lt\/wp-json\/wp\/v2\/product_cat?post=319927"},{"taxonomy":"product_tag","embeddable":true,"href":"https:\/\/baldumarket.lt\/lt\/wp-json\/wp\/v2\/product_tag?post=319927"}],"curies":[{"name":"wp","href":"https:\/\/api.w.org\/{rel}","templated":true}]}}