{"id":319911,"date":"2026-01-16T09:42:37","date_gmt":"2026-01-16T06:42:37","guid":{"rendered":"https:\/\/baldumarket.lt\/product\/zestaw-mebli-kuchennych-narozny-kuchnia-narozna-295-180-cm-scandi-jodelka\/"},"modified":"2026-03-23T13:00:26","modified_gmt":"2026-03-23T10:00:26","slug":"zestaw-mebli-kuchennych-narozny-kuchnia-narozna-295-180-cm-scandi-jodelka","status":"publish","type":"product","link":"https:\/\/baldumarket.lt\/lt\/product\/zestaw-mebli-kuchennych-narozny-kuchnia-narozna-295-180-cm-scandi-jodelka\/","title":{"rendered":"Kampinis virtuv\u0117s bald\u0173 komplektas, kampin\u0117 virtuv\u0117 295-180 cm, skandinavi\u0161ko silk\u0117s kaulo ra\u0161to"},"content":{"rendered":"<h5><span style=\"color: #54859b\">Apsilankykite m\u016bs\u0173 virtualioje Stolarz-Lempert prek\u0117s \u017eenklo parduotuv\u0117je<\/span><\/h5>\n<p> <a href=\"http:\/\/spacer.lempert.pl\/\" target=\"_blank\" rel=\"noopener\"><span style=\"color: #e47025\">http:\/\/spacer.lempert.pl\/<\/span><\/a><\/p>\n<p>\u201eScandi\u201c virtuv\u0117 \u2013 tai itin prakti\u0161k\u0173 ir gra\u017ei\u0173 bald\u0173 komplektas. Sistem\u0105 sudaro de\u0161imtys spinteli\u0173 \u2013 skandinavi\u0161ko stiliaus virtuv\u0117s baldai. Spinteli\u0173 fasadai dekoruoti vientisu \u201eeglut\u0117s\u201c ra\u0161tu. Platus stalvir\u0161i\u0173 pasirinkimas. Tvirtos ranken\u0117l\u0117s suteikia baldams charakterio ir palengvina prieig\u0105 prie viduje laikom\u0173 produkt\u0173. Jos puikiai papildo bendr\u0105 komplekt\u0105. Parametrai:<br \/>\nLentos tipas, storis, spalva:<br \/>\n16 mm antracito laminuota plok\u0161t\u0117, nugar\u0117l\u0117 \u2013 2,5 mm HDF \u2013 balta<br \/>\n16 mm \u201eeglut\u0117s\u201c ra\u0161to skandinavi\u0161ko laminuoto kartono fasadas<br \/>\nBriaunos tipas:<br \/>\nmelamino korpusai<br \/>\nABS fasadai<br \/>\nKojel\u0117s \u2013 reguliuojamo auk\u0161\u010dio, 15 cm auk\u0161\u010dio<br \/>\nRankenos \u2013 2Z128-160 D50 metalin\u0117s, juodos, 16 mm<br \/>\nStal\u010di\u0173 atidarymo sistema \u2013 b\u0117geli\u0173 tipo \u2013 PREMIUM BOX<br \/>\nVyri\u0173 tipas \u2013 \u0161velniai u\u017esidarantys (i\u0161skyrus 90\/90 cm kampin\u0119 spintel\u0119)<br \/>\nUniversal\u016bs fasadai \u2013 montuojami kair\u0117je arba de\u0161in\u0117je.<br \/>\nSpintel\u0117s \u2013 be stalvir\u0161i\u0173 ar grindjuos\u010di\u0173<br \/>\n\u0160velnaus u\u017edarymo sistema fasadams ir stal\u010diams, virtuv\u0117 ant reguliuojamo auk\u0161\u010dio kojeli\u0173, cokolis nepridedamas.<br \/>\nSpalvos:<br \/>\nPriekin\u0117s pus\u0117s: 16 mm laminuota plok\u0161t\u0117, skandinavi\u0161ko ra\u0161to \u201eeglut\u0117s kaulo\u201c ra\u0161tas (ABS)<br \/>\nKorpusas: 16 mm laminuota plok\u0161t\u0117, antracito spalvos (melamino spalvos)<br \/>\nNuotraukoje esantis stalvir\u0161is: 38-U12290 Antracitas<br \/>\nDviej\u0173 spalv\u0173 dizaine panaudotos \u201eNessa\u201c ir \u201eScandi\u201c virtuv\u0117s spintel\u0117s.<br \/>\nSpintel\u0117s be stalvir\u0161i\u0173 yra prieinamos u\u017e nurodyt\u0105 kain\u0105:<br \/>\n30 cm atvira lentyn\u0173 sistema 30 D-72 OTW BB<br \/>\n30 cm krovinin\u0117 spintel\u0117 30 CARGO BB<br \/>\n80 cm stal\u010diai 80 D 3S BB<br \/>\n50 cm po kriaukle 50ZL 1F BB<br \/>\n105\/60 cm kampinis 105 ND 1F BB<br \/>\n60 cm stal\u010diai 60 D 3S BB<br \/>\n60 cm su 1 priekiniu 60D 1F BB<br \/>\n30 cm lentyna 30 G-72 OTW<br \/>\n30 cm 30 G-72 1F<br \/>\n80 cm 80 G-72 2F<br \/>\n50 cm 50 G-72 1F<br \/>\n45 cm 45 G-72 1F<br \/>\n60-60 kampas 60\u00d760 GN-72 45 laipsni\u0173 1F<br \/>\n60 cm \u017eemas po gaubtu 60 GU-36 1F<br \/>\n60 cm 60 G-72 1F<br \/>\nir du cokoliai, kiekvienas 2 metr\u0173 ir 1 metro ilgio.<br \/>\nNuotraukoje matomos spintel\u0117s \u012f kain\u0105 ne\u012fskai\u010diuotos.<br \/>\nKomplektui reikalingos dvi stalvir\u0161io dalys \u2013 180 cm ir 235 cm.<\/p>","protected":false},"excerpt":{"rendered":"<p>Priekin\u0117s dalies tipas: laminuota plok\u0161t\u0117 \/ MDF \/ lakuota laminuota plok\u0161t\u0117<br \/>\nVirtuv\u0117s spalv\u0173 schema: Eglut\u0117s ra\u0161tas<br \/>\nVirtuv\u0117s stilius: Skandinavi\u0161kas<br \/>\nPriekin\u0117s dalies tipas: laminuota plok\u0161t\u0117 \/ MDF \/ lakuota laminuota plok\u0161t\u0117<br \/>\nGylis [cm]: 31 vir\u0161uje<br \/>\nGylis be stalvir\u0161io [cm]: 52<br \/>\nGylis su stalvir\u0161iu [cm]: 60<\/p>","protected":false},"featured_media":319912,"comment_status":"open","ping_status":"open","template":"","meta":[],"product_brand":[],"product_cat":[9234,1932],"product_tag":[],"class_list":{"0":"post-319911","1":"product","2":"type-product","3":"status-publish","4":"has-post-thumbnail","6":"product_cat-stolarz-lempert","7":"product_cat-kitchen-sets","9":"first","10":"instock","11":"purchasable","12":"product-type-simple"},"_links":{"self":[{"href":"https:\/\/baldumarket.lt\/lt\/wp-json\/wp\/v2\/product\/319911","targetHints":{"allow":["GET"]}}],"collection":[{"href":"https:\/\/baldumarket.lt\/lt\/wp-json\/wp\/v2\/product"}],"about":[{"href":"https:\/\/baldumarket.lt\/lt\/wp-json\/wp\/v2\/types\/product"}],"replies":[{"embeddable":true,"href":"https:\/\/baldumarket.lt\/lt\/wp-json\/wp\/v2\/comments?post=319911"}],"wp:featuredmedia":[{"embeddable":true,"href":"https:\/\/baldumarket.lt\/lt\/wp-json\/wp\/v2\/media\/319912"}],"wp:attachment":[{"href":"https:\/\/baldumarket.lt\/lt\/wp-json\/wp\/v2\/media?parent=319911"}],"wp:term":[{"taxonomy":"product_brand","embeddable":true,"href":"https:\/\/baldumarket.lt\/lt\/wp-json\/wp\/v2\/product_brand?post=319911"},{"taxonomy":"product_cat","embeddable":true,"href":"https:\/\/baldumarket.lt\/lt\/wp-json\/wp\/v2\/product_cat?post=319911"},{"taxonomy":"product_tag","embeddable":true,"href":"https:\/\/baldumarket.lt\/lt\/wp-json\/wp\/v2\/product_tag?post=319911"}],"curies":[{"name":"wp","href":"https:\/\/api.w.org\/{rel}","templated":true}]}}