{"id":319501,"date":"2026-01-16T09:36:25","date_gmt":"2026-01-16T06:36:25","guid":{"rendered":"https:\/\/baldumarket.lt\/product\/slupek-spizarka-maria-50-cm-old-style\/"},"modified":"2026-03-23T13:00:26","modified_gmt":"2026-03-23T10:00:26","slug":"slupek-spizarka-maria-50-cm-old-style","status":"publish","type":"product","link":"https:\/\/baldumarket.lt\/lt\/product\/slupek-spizarka-maria-50-cm-old-style\/","title":{"rendered":"Maria sand\u0117liuko kolona 50 cm senovinio stiliaus"},"content":{"rendered":"<h5><span style=\"color: #54859b\">Apsilankykite m\u016bs\u0173 virtualioje Stolarz-Lempert prek\u0117s \u017eenklo parduotuv\u0117je<\/span><\/h5>\n<p> <a href=\"http:\/\/spacer.lempert.pl\/\" target=\"_blank\" rel=\"noopener\"><span style=\"color: #e47025\">http:\/\/spacer.lempert.pl\/<\/span><\/a><\/p>\n<p>Maria sistemos parametrai:<br \/>\nPlok\u0161t\u0117s tipas, storis, spalva:<br \/>\n16 mm laminuota plok\u0161t\u0117 r\u0117mams, 2,5 mm HDF plok\u0161t\u0117 nugar\u0117l\u0117ms<br \/>\n16 mm laminuota plok\u0161t\u0117 fasadams<br \/>\nBriaunos tipas:<br \/>\nMelaminas r\u0117mams<br \/>\nABS fasadai<br \/>\nKojel\u0117s \u2013 juodos dvigubos slydimo slydimo sijos<br \/>\nRankenos \u2013 128 mm plastikin\u0117s<br \/>\nStal\u010di\u0173 atidarymo sistema \u2013 ritininiai kreiptuvai<br \/>\nVyri\u0173 tipas \u2013 standartinis \u2013 be \u0161velnaus u\u017edarymo<br \/>\nSpalvos:<br \/>\nPriekin\u0117s dalys: 16 mm senovinio stiliaus laminuota plok\u0161t\u0117 (ABS)<br \/>\nKorpusas: 16 mm storio Matera laminuota plok\u0161t\u0117 (melaminas)<br \/>\nVir\u0161uje: 28-Matera<br \/>\nKolonin\u0117 spintel\u0117 \u201eMaria\u201c, vadinamasis sand\u0117liuko blokas, turi dvi spinteles \u2013 lentynas u\u017e fasad\u0173.<\/p>","protected":false},"excerpt":{"rendered":"<p>Auk\u0161tis [cm]: 200<br \/>\nPlotis [cm]: 50<br \/>\nGylis [cm]: 57<br \/>\nAuk\u0161tis [cm]: 200<\/p>","protected":false},"featured_media":319502,"comment_status":"open","ping_status":"open","template":"","meta":[],"product_brand":[],"product_cat":[9234,9118],"product_tag":[],"class_list":{"0":"post-319501","1":"product","2":"type-product","3":"status-publish","4":"has-post-thumbnail","6":"product_cat-stolarz-lempert","7":"product_cat-kitchen-cabinets","9":"first","10":"instock","11":"purchasable","12":"product-type-simple"},"_links":{"self":[{"href":"https:\/\/baldumarket.lt\/lt\/wp-json\/wp\/v2\/product\/319501","targetHints":{"allow":["GET"]}}],"collection":[{"href":"https:\/\/baldumarket.lt\/lt\/wp-json\/wp\/v2\/product"}],"about":[{"href":"https:\/\/baldumarket.lt\/lt\/wp-json\/wp\/v2\/types\/product"}],"replies":[{"embeddable":true,"href":"https:\/\/baldumarket.lt\/lt\/wp-json\/wp\/v2\/comments?post=319501"}],"wp:featuredmedia":[{"embeddable":true,"href":"https:\/\/baldumarket.lt\/lt\/wp-json\/wp\/v2\/media\/319502"}],"wp:attachment":[{"href":"https:\/\/baldumarket.lt\/lt\/wp-json\/wp\/v2\/media?parent=319501"}],"wp:term":[{"taxonomy":"product_brand","embeddable":true,"href":"https:\/\/baldumarket.lt\/lt\/wp-json\/wp\/v2\/product_brand?post=319501"},{"taxonomy":"product_cat","embeddable":true,"href":"https:\/\/baldumarket.lt\/lt\/wp-json\/wp\/v2\/product_cat?post=319501"},{"taxonomy":"product_tag","embeddable":true,"href":"https:\/\/baldumarket.lt\/lt\/wp-json\/wp\/v2\/product_tag?post=319501"}],"curies":[{"name":"wp","href":"https:\/\/api.w.org\/{rel}","templated":true}]}}