{"id":319493,"date":"2026-01-16T09:36:19","date_gmt":"2026-01-16T06:36:19","guid":{"rendered":"https:\/\/baldumarket.lt\/product\/kredens-bufet-aneks-kuchenny-maria-100-cm-old-style\/"},"modified":"2026-03-23T13:00:26","modified_gmt":"2026-03-23T10:00:26","slug":"kredens-bufet-aneks-kuchenny-maria-100-cm-old-style","status":"publish","type":"product","link":"https:\/\/baldumarket.lt\/lt\/product\/kredens-bufet-aneks-kuchenny-maria-100-cm-old-style\/","title":{"rendered":"Bufeto tipo virtuv\u0117l\u0117 Maria, 100 cm, senovinio stiliaus"},"content":{"rendered":"<h5><span style=\"color: #54859b\">Apsilankykite m\u016bs\u0173 virtualioje Stolarz-Lempert prek\u0117s \u017eenklo parduotuv\u0117je<\/span><\/h5>\n<p> <a href=\"http:\/\/spacer.lempert.pl\/\" target=\"_blank\" rel=\"noopener\"><span style=\"color: #e47025\">http:\/\/spacer.lempert.pl\/<\/span><\/a><\/p>\n<p>\u201eMaria\u201c indauja \u2013 idealus sprendimas ma\u017eoms virtuv\u0117ms, studijos tipo apartamentams, virtuv\u0117l\u0117ms, vie\u0161bu\u010di\u0173 bufetams ar net virtuv\u0117s kampeliui nuosavyb\u0117je. \u201eMaria\u201c sistemos parametrai:<br \/>\nPlok\u0161t\u0117s tipas, storis, spalva:<br \/>\n16 mm laminuota plok\u0161t\u0117 r\u0117mams, 2,5 mm HDF plok\u0161t\u0117 nugar\u0117l\u0117ms<br \/>\n16 mm laminuota plok\u0161t\u0117 fasadams<br \/>\nBriaunos tipas:<br \/>\nMelaminas r\u0117mams<br \/>\nABS fasadai<br \/>\nKojel\u0117s \u2013 juodos dvigubos slydimo slydimo sijos<br \/>\nRankenos \u2013 128 mm plastikin\u0117s<br \/>\nStal\u010di\u0173 atidarymo sistema \u2013 ritininiai kreiptuvai<br \/>\nVyri\u0173 tipas \u2013 standartinis \u2013 be \u0161velnaus u\u017edarymo<br \/>\nSpalvos:<br \/>\nPriekin\u0117s dalys: 16 mm senovinio stiliaus laminuota plok\u0161t\u0117 (ABS)<br \/>\nKorpusas: 16 mm storio Matera laminuota plok\u0161t\u0117 (melaminas)<br \/>\nVir\u0161uje: 28-Matera<br \/>\nMaria indauja \u2013 turi dvi spinteles, du stal\u010dius ir stalvir\u0161\u012f su lentynomis. Pridedamas 28 mm ir 100 cm storio Matera stalvir\u0161is.<\/p>","protected":false},"excerpt":{"rendered":"<p>Auk\u0161tis [cm]: 200<br \/>\nPlotis [cm]: 100<br \/>\nGylis [cm]: 60 su stalvir\u0161iu<br \/>\nAuk\u0161tis [cm]: 200<\/p>","protected":false},"featured_media":319494,"comment_status":"open","ping_status":"open","template":"","meta":[],"product_brand":[],"product_cat":[9234,1177],"product_tag":[],"class_list":{"0":"post-319493","1":"product","2":"type-product","3":"status-publish","4":"has-post-thumbnail","6":"product_cat-stolarz-lempert","7":"product_cat-wardrobes","9":"first","10":"instock","11":"purchasable","12":"product-type-simple"},"_links":{"self":[{"href":"https:\/\/baldumarket.lt\/lt\/wp-json\/wp\/v2\/product\/319493","targetHints":{"allow":["GET"]}}],"collection":[{"href":"https:\/\/baldumarket.lt\/lt\/wp-json\/wp\/v2\/product"}],"about":[{"href":"https:\/\/baldumarket.lt\/lt\/wp-json\/wp\/v2\/types\/product"}],"replies":[{"embeddable":true,"href":"https:\/\/baldumarket.lt\/lt\/wp-json\/wp\/v2\/comments?post=319493"}],"wp:featuredmedia":[{"embeddable":true,"href":"https:\/\/baldumarket.lt\/lt\/wp-json\/wp\/v2\/media\/319494"}],"wp:attachment":[{"href":"https:\/\/baldumarket.lt\/lt\/wp-json\/wp\/v2\/media?parent=319493"}],"wp:term":[{"taxonomy":"product_brand","embeddable":true,"href":"https:\/\/baldumarket.lt\/lt\/wp-json\/wp\/v2\/product_brand?post=319493"},{"taxonomy":"product_cat","embeddable":true,"href":"https:\/\/baldumarket.lt\/lt\/wp-json\/wp\/v2\/product_cat?post=319493"},{"taxonomy":"product_tag","embeddable":true,"href":"https:\/\/baldumarket.lt\/lt\/wp-json\/wp\/v2\/product_tag?post=319493"}],"curies":[{"name":"wp","href":"https:\/\/api.w.org\/{rel}","templated":true}]}}