{"id":319413,"date":"2026-01-16T09:35:14","date_gmt":"2026-01-16T06:35:14","guid":{"rendered":"https:\/\/baldumarket.lt\/product\/szafka-wiszaca-maria-100-cm-bialy-mat\/"},"modified":"2026-04-23T18:36:12","modified_gmt":"2026-04-23T15:36:12","slug":"szafka-wiszaca-maria-100-cm-bialy-mat","status":"publish","type":"product","link":"https:\/\/baldumarket.lt\/lt\/product\/szafka-wiszaca-maria-100-cm-bialy-mat\/","title":{"rendered":"Maria pakabinama spintel\u0117 100 cm, balta matin\u0117"},"content":{"rendered":"<h5><span style=\"color: #54859b\">Apsilankykite m\u016bs\u0173 virtualioje Stolarz-Lempert prek\u0117s \u017eenklo parduotuv\u0117je<\/span><\/h5>\n<p> <a href=\"http:\/\/spacer.lempert.pl\/\" target=\"_blank\" rel=\"noopener\"><span style=\"color: #e47025\">http:\/\/spacer.lempert.pl\/<\/span><\/a><\/p>\n<p>Maria sistemos parametrai:<br \/>\nPlok\u0161t\u0117s tipas, storis, spalva:<br \/>\n16 mm laminuota plok\u0161t\u0117 r\u0117mams, 2,5 mm HDF plok\u0161t\u0117 nugar\u0117l\u0117ms<br \/>\n16 mm laminuota plok\u0161t\u0117 fasadams<br \/>\nBriaunos tipas:<br \/>\nMelaminas r\u0117mams<br \/>\nABS fasadai<br \/>\nKojel\u0117s \u2013 juodos dvigubos slydimo slydimo sijos<br \/>\nRankenos \u2013 128 mm plastikin\u0117s<br \/>\nStal\u010di\u0173 atidarymo sistema \u2013 ritininiai kreiptuvai<br \/>\nVyri\u0173 tipas \u2013 standartinis \u2013 be \u0161velnaus u\u017edarymo<br \/>\nSpalvos:<br \/>\nPriekin\u0117s dalys: 16 mm laminuota plok\u0161t\u0117, matin\u0117 balta (ABS)<br \/>\nKorpusas: 16 mm laminuota plok\u0161t\u0117, matin\u0117 balta (melaminas)<br \/>\nVir\u0161us: 28-granitas<br \/>\nMaria pakabinama spintel\u0117 \u2013 su lentyna u\u017e fasado.<\/p>","protected":false},"excerpt":{"rendered":"<p>Auk\u0161tis [cm]: 58<br \/>\nPlotis [cm]: 100<br \/>\nGylis [cm]: 31<br \/>\nAuk\u0161tis [cm]: 58<\/p>","protected":false},"featured_media":319414,"comment_status":"open","ping_status":"open","template":"","meta":[],"product_brand":[],"product_cat":[9234,9118],"product_tag":[],"class_list":{"0":"post-319413","1":"product","2":"type-product","3":"status-publish","4":"has-post-thumbnail","6":"product_cat-stolarz-lempert","7":"product_cat-kitchen-cabinets","9":"first","10":"instock","11":"purchasable","12":"product-type-simple"},"_links":{"self":[{"href":"https:\/\/baldumarket.lt\/lt\/wp-json\/wp\/v2\/product\/319413","targetHints":{"allow":["GET"]}}],"collection":[{"href":"https:\/\/baldumarket.lt\/lt\/wp-json\/wp\/v2\/product"}],"about":[{"href":"https:\/\/baldumarket.lt\/lt\/wp-json\/wp\/v2\/types\/product"}],"replies":[{"embeddable":true,"href":"https:\/\/baldumarket.lt\/lt\/wp-json\/wp\/v2\/comments?post=319413"}],"wp:featuredmedia":[{"embeddable":true,"href":"https:\/\/baldumarket.lt\/lt\/wp-json\/wp\/v2\/media\/319414"}],"wp:attachment":[{"href":"https:\/\/baldumarket.lt\/lt\/wp-json\/wp\/v2\/media?parent=319413"}],"wp:term":[{"taxonomy":"product_brand","embeddable":true,"href":"https:\/\/baldumarket.lt\/lt\/wp-json\/wp\/v2\/product_brand?post=319413"},{"taxonomy":"product_cat","embeddable":true,"href":"https:\/\/baldumarket.lt\/lt\/wp-json\/wp\/v2\/product_cat?post=319413"},{"taxonomy":"product_tag","embeddable":true,"href":"https:\/\/baldumarket.lt\/lt\/wp-json\/wp\/v2\/product_tag?post=319413"}],"curies":[{"name":"wp","href":"https:\/\/api.w.org\/{rel}","templated":true}]}}