{"id":319257,"date":"2026-01-16T09:33:05","date_gmt":"2026-01-16T06:33:05","guid":{"rendered":"https:\/\/baldumarket.lt\/product\/front-zmywarki-odkryty-old-style-zm-57x596\/"},"modified":"2026-03-23T13:00:26","modified_gmt":"2026-03-23T10:00:26","slug":"front-zmywarki-odkryty-old-style-zm-57x596","status":"publish","type":"product","link":"https:\/\/baldumarket.lt\/lt\/product\/front-zmywarki-odkryty-old-style-zm-57x596\/","title":{"rendered":"\u201eOld Style ZM 57&#215;59.6\u201c indaplov\u0117 su atvira priekine dalimi"},"content":{"rendered":"<h5><span style=\"color: #54859b\">Apsilankykite m\u016bs\u0173 virtualioje Stolarz-Lempert prek\u0117s \u017eenklo parduotuv\u0117je<\/span><\/h5>\n<p> <a href=\"http:\/\/spacer.lempert.pl\/\" target=\"_blank\" rel=\"noopener\"><span style=\"color: #e47025\">http:\/\/spacer.lempert.pl\/<\/span><\/a><\/p>\n<p>\u201eOld Style Kitchen\u201c \u2013 tai labai prakti\u0161k\u0173 ir gra\u017ei\u0173 bald\u0173 komplektas. Sistem\u0105 sudaro de\u0161imtys spinteli\u0173 \u2013 vinta\u017einio stiliaus virtuv\u0117s baldai. Spinteli\u0173 fasadai lyg\u016bs. Platus stalvir\u0161i\u0173 pasirinkimas. Tvirtos rankenos suteikia baldams charakterio ir palengvina prieig\u0105 prie viduje laikom\u0173 produkt\u0173. Jos puikiai papildo vis\u0105 komplekt\u0105.<br \/>\nParametrai:<br \/>\nLentos tipas, storis, spalva:<br \/>\n16 mm antracito laminuota plok\u0161t\u0117 korpusui, 2,5 mm balta HDF plok\u0161t\u0117 nugar\u0117lei<br \/>\n16 mm senovinio stiliaus laminuota med\u017eio plok\u0161t\u0117 fasadams<br \/>\nApvado tipas:<br \/>\nmelaminas k\u016bnams<br \/>\nABS fasadai<br \/>\nKojel\u0117s \u2013 reguliuojamo auk\u0161\u010dio, 15 cm auk\u0161\u010dio<br \/>\nRankenos \u2013 metalin\u0117s 2Z128-160 D50 juodos<br \/>\nStal\u010di\u0173 atidarymo sistema \u2013 b\u0117geli\u0173 tipo \u2013 PREMIUM BOX<br \/>\nVyri\u0173 tipas \u2013 \u0161velniai u\u017esidarantys (i\u0161skyrus 90\/90 cm kampin\u0119 spintel\u0119)<br \/>\nUniversal\u016bs fasadai \u2013 montuojami kair\u0117je arba de\u0161in\u0117je.<br \/>\n\u00a0<br \/>\nSpintel\u0117s \u2013 be stalvir\u0161i\u0173 ar grindjuos\u010di\u0173<br \/>\n\u0160velnaus u\u017edarymo sistema fasadams ir stal\u010diams, virtuv\u0117 ant reguliuojamo auk\u0161\u010dio kojeli\u0173, cokolis \u012f spintel\u0119 ne\u012feina.<br \/>\n\u00a0<br \/>\nSpalvos:<br \/>\nPriekin\u0117s dalys: 16 mm senovinio stiliaus laminuota plok\u0161t\u0117 (ABS)<br \/>\nKorpusas: 16 mm antracito spalvos laminuota plok\u0161t\u0117 (melaminas)<br \/>\nPavaizduotas stalvir\u0161is: 38-U12290 Antracito spalvos<br \/>\n\u00a0<br \/>\nOld Style ZM 57\u00d759,6 mm atvira indaplov\u0117s priekin\u0117 dalis (kai mygtuk\u0173 skydelis yra priekyje).<\/p>","protected":false},"excerpt":{"rendered":"<p>Priekin\u0117s dalies tipas: laminuota plok\u0161t\u0117 \/ MDF \/ lakuota laminuota plok\u0161t\u0117<br \/>\nVirtuv\u0117s spalva: Mediena<br \/>\nVirtuv\u0117s stilius: Vinta\u017einis<br \/>\nPriekin\u0117s dalies tipas: laminuota plok\u0161t\u0117 \/ MDF \/ lakuota laminuota plok\u0161t\u0117<\/p>","protected":false},"featured_media":319258,"comment_status":"open","ping_status":"open","template":"","meta":[],"product_brand":[],"product_cat":[9234,1043],"product_tag":[],"class_list":{"0":"post-319257","1":"product","2":"type-product","3":"status-publish","4":"has-post-thumbnail","6":"product_cat-stolarz-lempert","7":"product_cat-extras","9":"first","10":"instock","11":"purchasable","12":"product-type-simple"},"_links":{"self":[{"href":"https:\/\/baldumarket.lt\/lt\/wp-json\/wp\/v2\/product\/319257","targetHints":{"allow":["GET"]}}],"collection":[{"href":"https:\/\/baldumarket.lt\/lt\/wp-json\/wp\/v2\/product"}],"about":[{"href":"https:\/\/baldumarket.lt\/lt\/wp-json\/wp\/v2\/types\/product"}],"replies":[{"embeddable":true,"href":"https:\/\/baldumarket.lt\/lt\/wp-json\/wp\/v2\/comments?post=319257"}],"wp:featuredmedia":[{"embeddable":true,"href":"https:\/\/baldumarket.lt\/lt\/wp-json\/wp\/v2\/media\/319258"}],"wp:attachment":[{"href":"https:\/\/baldumarket.lt\/lt\/wp-json\/wp\/v2\/media?parent=319257"}],"wp:term":[{"taxonomy":"product_brand","embeddable":true,"href":"https:\/\/baldumarket.lt\/lt\/wp-json\/wp\/v2\/product_brand?post=319257"},{"taxonomy":"product_cat","embeddable":true,"href":"https:\/\/baldumarket.lt\/lt\/wp-json\/wp\/v2\/product_cat?post=319257"},{"taxonomy":"product_tag","embeddable":true,"href":"https:\/\/baldumarket.lt\/lt\/wp-json\/wp\/v2\/product_tag?post=319257"}],"curies":[{"name":"wp","href":"https:\/\/api.w.org\/{rel}","templated":true}]}}