{"id":319242,"date":"2026-01-16T09:32:53","date_gmt":"2026-01-16T06:32:53","guid":{"rendered":"https:\/\/baldumarket.lt\/product\/zestaw-mebli-kuchennych-narozny-330-300-cm-ava-nessa\/"},"modified":"2026-03-23T13:00:26","modified_gmt":"2026-03-23T10:00:26","slug":"zestaw-mebli-kuchennych-narozny-330-300-cm-ava-nessa","status":"publish","type":"product","link":"https:\/\/baldumarket.lt\/lt\/product\/zestaw-mebli-kuchennych-narozny-330-300-cm-ava-nessa\/","title":{"rendered":"Kampinis virtuv\u0117s bald\u0173 komplektas 330-300 cm Ava + Nessa"},"content":{"rendered":"<h5><span style=\"color: #54859b\">Apsilankykite m\u016bs\u0173 virtualioje Stolarz-Lempert prek\u0117s \u017eenklo parduotuv\u0117je<\/span><\/h5>\n<p> <a href=\"http:\/\/spacer.lempert.pl\/\" target=\"_blank\" rel=\"noopener\"><span style=\"color: #e47025\">http:\/\/spacer.lempert.pl\/<\/span><\/a><\/p>\n<p>\u201eAva and Nessa\u201c virtuv\u0117 \u2013 tai itin prakti\u0161kas ir gra\u017eus bald\u0173 komplektas. Sistem\u0105 sudaro de\u0161imtys spinteli\u0173 \u2013 skandinavi\u0161ko stiliaus virtuv\u0117s baldai. Spinteli\u0173 fasadai lyg\u016bs ir primena lameles. Platus stalvir\u0161i\u0173 pasirinkimas. Tvirtos ranken\u0117l\u0117s suteikia baldams charakterio ir palengvina prieig\u0105 prie juose laikom\u0173 produkt\u0173. Jos puikiai papildo vis\u0105 komplekt\u0105. Parametrai:<br \/>\nLentos tipas, storis, spalva:<br \/>\n16 mm antracito laminuotos plok\u0161t\u0117s korpusas, 2,5 mm baltos HDF plok\u0161t\u0117s nugar\u0117l\u0117<br \/>\n18 mm MDF fasadai, \u0105\u017euolo spalvos ir 16 mm antracito spalvos laminuotos plok\u0161t\u0117s fasadai<br \/>\nBriaunos tipas:<br \/>\nmelamino korpusai<br \/>\nABS fasadai<br \/>\nKojel\u0117s \u2013 reguliuojamo auk\u0161\u010dio, 15 cm auk\u0161\u010dio<br \/>\nRankenos \u2013 2Z128-160 D50 juodos 16 mm metalin\u0117s ir GM 315 P2 juoda ranken\u0117l\u0117<br \/>\nStal\u010di\u0173 atidarymo sistema \u2013 b\u0117geli\u0173 tipo \u2013 PREMIUM BOX<br \/>\nVyri\u0173 tipas \u2013 \u0161velniai u\u017esidarantys (i\u0161skyrus 90\/90 cm kampin\u0119 spintel\u0119)<br \/>\nUniversal\u016bs fasadai \u2013 montuojami kair\u0117je arba de\u0161in\u0117je.<br \/>\nSpintel\u0117s \u2013 be stalvir\u0161i\u0173 ar grindjuos\u010di\u0173<br \/>\n\u0160velnaus u\u017edarymo sistema fasadams ir stal\u010diams, virtuv\u0117 ant reguliuojamo auk\u0161\u010dio kojeli\u0173, cokolis \u012f spintel\u0119 ne\u012feina.<br \/>\n\u00a0<br \/>\n\u00a0Spalvos:<br \/>\nPriekin\u0117s dalys: 18 mm MDF plok\u0161t\u0117s, lamel\u0117s \/ \u0105\u017euolo dirbiniai \/ antracito spalvos<br \/>\nKorpusas: 16 mm laminuota plok\u0161t\u0117, antracito (melamino) spalvos<br \/>\nNuotraukoje esantis stalvir\u0161is: 38-U12290 Antracitas<br \/>\nDviej\u0173 spalv\u0173 dizain\u0105 sudaro \u201eNessa\u201c ir \u201eAva\u201c virtuv\u0117s spintel\u0117s (med\u017eio imitacijos).<br \/>\nNurodyta kaina su spintel\u0117mis be stalvir\u0161i\u0173:<br \/>\n\u201eNessa\u201c virtuv\u0117s pagrindas + gil\u016bs praplatinimai<br \/>\n60 cm mikrobang\u0173 krosnel\u0117 + orkait\u0117s stovas 60 DPM-215 2F<br \/>\n60 cm \u012fmontuojamas \u0161aldytuvas su stovu 60 LO-215 2F<br \/>\n60 cm su 1 priekiniu 60D 1F BB<br \/>\n60 cm stal\u010diai 60D 3S BB<br \/>\n90\/90 cm kampin\u0117 lenta 90\u00d790 ND 2F BB<br \/>\n50 cm su stal\u010diumi 50D 1F 1S BB<br \/>\n80 cm po kriaukle 80ZL 2F BB<br \/>\n80 cm stal\u010diai 80D 3S BB<br \/>\n60 cm gylio prailginimai 60 NAGU-36 1F \u2013 4 vnt.<br \/>\n50 cm gylio prailginimas 50 NAGU-36 1F<br \/>\n40 cm gylio prailginimas 40 NAGU-36 1F<br \/>\nAva virtuv\u0117s stalvir\u0161is<br \/>\n60 cm 60 G-72 1F \u2013 2 vnt.<br \/>\n50 cm 50 G-72 1F<br \/>\n40 cm 40 G-72 1F<br \/>\nir trys 2 metr\u0173 cokoliai + vienas 1 metro cokolis<br \/>\nVirtuvei reikalingos dvi stalvir\u0161io dalys \u2013 210 cm ir 240 cm.<\/p>","protected":false},"excerpt":{"rendered":"<p>Fasado tipas: Laminuota plok\u0161t\u0117 \/ MDF \/ Lakuota MDF<br \/>\nVirtuv\u0117s spalva: Artisan \u0105\u017euolo lamel\u0117s<br \/>\nVirtuv\u0117s stilius: Skandinavi\u0161kas<br \/>\nFasado tipas: Laminuota plok\u0161t\u0117 \/ MDF \/ Lakuota MDF<br \/>\nGylis su stalvir\u0161iu [cm]: 60<br \/>\nAuk\u0161tis [cm]: 72 vir\u0161uje<br \/>\nAuk\u0161tis be vir\u0161utinio skydelio [cm]: 87<\/p>","protected":false},"featured_media":319243,"comment_status":"open","ping_status":"open","template":"","meta":[],"product_brand":[],"product_cat":[9234,1932],"product_tag":[],"class_list":{"0":"post-319242","1":"product","2":"type-product","3":"status-publish","4":"has-post-thumbnail","6":"product_cat-stolarz-lempert","7":"product_cat-kitchen-sets","9":"first","10":"instock","11":"purchasable","12":"product-type-simple"},"_links":{"self":[{"href":"https:\/\/baldumarket.lt\/lt\/wp-json\/wp\/v2\/product\/319242","targetHints":{"allow":["GET"]}}],"collection":[{"href":"https:\/\/baldumarket.lt\/lt\/wp-json\/wp\/v2\/product"}],"about":[{"href":"https:\/\/baldumarket.lt\/lt\/wp-json\/wp\/v2\/types\/product"}],"replies":[{"embeddable":true,"href":"https:\/\/baldumarket.lt\/lt\/wp-json\/wp\/v2\/comments?post=319242"}],"wp:featuredmedia":[{"embeddable":true,"href":"https:\/\/baldumarket.lt\/lt\/wp-json\/wp\/v2\/media\/319243"}],"wp:attachment":[{"href":"https:\/\/baldumarket.lt\/lt\/wp-json\/wp\/v2\/media?parent=319242"}],"wp:term":[{"taxonomy":"product_brand","embeddable":true,"href":"https:\/\/baldumarket.lt\/lt\/wp-json\/wp\/v2\/product_brand?post=319242"},{"taxonomy":"product_cat","embeddable":true,"href":"https:\/\/baldumarket.lt\/lt\/wp-json\/wp\/v2\/product_cat?post=319242"},{"taxonomy":"product_tag","embeddable":true,"href":"https:\/\/baldumarket.lt\/lt\/wp-json\/wp\/v2\/product_tag?post=319242"}],"curies":[{"name":"wp","href":"https:\/\/api.w.org\/{rel}","templated":true}]}}