{"id":319210,"date":"2026-01-16T09:32:28","date_gmt":"2026-01-16T06:32:28","guid":{"rendered":"https:\/\/baldumarket.lt\/product\/szafka-slupek-60-cm-piekarnik-szuflady-ava-60-dps-215-3s1f\/"},"modified":"2026-03-23T13:00:26","modified_gmt":"2026-03-23T10:00:26","slug":"szafka-slupek-60-cm-piekarnik-szuflady-ava-60-dps-215-3s1f","status":"publish","type":"product","link":"https:\/\/baldumarket.lt\/lt\/product\/szafka-slupek-60-cm-piekarnik-szuflady-ava-60-dps-215-3s1f\/","title":{"rendered":"Spintel\u0117s kolona 60 cm orkait\u0117s stal\u010dius Ava 60 DPS 215 3S1F"},"content":{"rendered":"<h5><span style=\"color: #54859b\">Apsilankykite m\u016bs\u0173 virtualioje Stolarz-Lempert prek\u0117s \u017eenklo parduotuv\u0117je<\/span><\/h5>\n<p> <a href=\"http:\/\/spacer.lempert.pl\/\" target=\"_blank\" rel=\"noopener\"><span style=\"color: #e47025\">http:\/\/spacer.lempert.pl\/<\/span><\/a><\/p>\n<p>\u201eAva\u201c virtuv\u0117 \u2013 tai labai prakti\u0161k\u0173 ir gra\u017ei\u0173 bald\u0173 komplektas. Sistem\u0105 sudaro de\u0161imtys spinteli\u0173 \u2013 skandinavi\u0161ko stiliaus virtuv\u0117s baldai. Spinteli\u0173 fasadai padengti lameli\u0173 apdaila. Galimas platus stalvir\u0161i\u0173 pasirinkimas. Tvirtos rankenos suteikia charakterio ir palengvina prieig\u0105 prie viduje laikom\u0173 produkt\u0173. Jos puikiai papildo vis\u0105 komplekt\u0105.<br \/>\nParametrai:<br \/>\nLentos tipas, storis, spalva:<br \/>\n16 mm antracito laminuotos plok\u0161t\u0117s korpusas, 2,5 mm baltos HDF plok\u0161t\u0117s nugar\u0117l\u0117<br \/>\n18 mm MDF fasadai, dirbtinis \u0105\u017euolas<br \/>\nApvado tipas:<br \/>\nmelamino korpusas korpusas<br \/>\nKojel\u0117s \u2013 reguliuojamo auk\u0161\u010dio, 15 cm auk\u0161\u010dio<br \/>\nRankenos \u2013 metalin\u0117s GM 315 P2, juoda ranken\u0117l\u0117<br \/>\nStal\u010di\u0173 atidarymo sistema \u2013 b\u0117geli\u0173 tipo \u2013 PREMIUM BOX<br \/>\nVyri\u0173 tipas \u2013 \u0161velniai u\u017esidarantys (i\u0161skyrus 90\/90 cm kampin\u0119 spintel\u0119)<br \/>\nUniversal\u016bs fasadai \u2013 montuojami kair\u0117je arba de\u0161in\u0117je.<br \/>\n\u00a0<br \/>\nSpintel\u0117s \u2013 be stalvir\u0161i\u0173 ar grindjuos\u010di\u0173<br \/>\n\u0160velnaus u\u017edarymo sistema fasadams ir stal\u010diams, virtuv\u0117 ant reguliuojamo auk\u0161\u010dio kojeli\u0173, cokolis \u012f spintel\u0119 ne\u012feina.<br \/>\n\u00a0<br \/>\nSpalvos:<br \/>\nFasadas: 18 mm MDF lamel\u0117s\/artisan \u0105\u017euolas<br \/>\nKorpusas: 16 mm antracito (melamino) laminuota plok\u0161t\u0117<br \/>\nNuotraukoje esantis stalvir\u0161is: 38-U12290 Antracitas<br \/>\nDviej\u0173 spalv\u0173 dizain\u0105 sudaro \u201eNessa\u201c ir \u201eAva\u201c virtuv\u0117s spintel\u0117s (med\u017eio imitacijos).<br \/>\n60 cm kolonin\u0117 spintel\u0117 su orkaite ir stal\u010diais Ava 60 DPS 215 3S1F.<\/p>","protected":false},"excerpt":{"rendered":"<p>Priekin\u0117s plok\u0161t\u0117s tipas: laminuota MDF\/MDF\/lakuota MDF<br \/>\nVirtuv\u0117s spalva: Artisan Oak Slats<br \/>\nVirtuv\u0117s stilius: Skandinavi\u0161kas<br \/>\nPriekin\u0117s plok\u0161t\u0117s tipas: laminuota MDF\/MDF\/lakuota MDF<\/p>","protected":false},"featured_media":319211,"comment_status":"open","ping_status":"open","template":"","meta":[],"product_brand":[],"product_cat":[9234,9118],"product_tag":[],"class_list":{"0":"post-319210","1":"product","2":"type-product","3":"status-publish","4":"has-post-thumbnail","6":"product_cat-stolarz-lempert","7":"product_cat-kitchen-cabinets","9":"first","10":"instock","11":"purchasable","12":"product-type-simple"},"_links":{"self":[{"href":"https:\/\/baldumarket.lt\/lt\/wp-json\/wp\/v2\/product\/319210","targetHints":{"allow":["GET"]}}],"collection":[{"href":"https:\/\/baldumarket.lt\/lt\/wp-json\/wp\/v2\/product"}],"about":[{"href":"https:\/\/baldumarket.lt\/lt\/wp-json\/wp\/v2\/types\/product"}],"replies":[{"embeddable":true,"href":"https:\/\/baldumarket.lt\/lt\/wp-json\/wp\/v2\/comments?post=319210"}],"wp:featuredmedia":[{"embeddable":true,"href":"https:\/\/baldumarket.lt\/lt\/wp-json\/wp\/v2\/media\/319211"}],"wp:attachment":[{"href":"https:\/\/baldumarket.lt\/lt\/wp-json\/wp\/v2\/media?parent=319210"}],"wp:term":[{"taxonomy":"product_brand","embeddable":true,"href":"https:\/\/baldumarket.lt\/lt\/wp-json\/wp\/v2\/product_brand?post=319210"},{"taxonomy":"product_cat","embeddable":true,"href":"https:\/\/baldumarket.lt\/lt\/wp-json\/wp\/v2\/product_cat?post=319210"},{"taxonomy":"product_tag","embeddable":true,"href":"https:\/\/baldumarket.lt\/lt\/wp-json\/wp\/v2\/product_tag?post=319210"}],"curies":[{"name":"wp","href":"https:\/\/api.w.org\/{rel}","templated":true}]}}