{"id":318850,"date":"2026-01-16T09:27:46","date_gmt":"2026-01-16T06:27:46","guid":{"rendered":"https:\/\/baldumarket.lt\/product\/zestaw-mebli-kuchennych-260-cm-nessa\/"},"modified":"2026-04-23T18:37:33","modified_gmt":"2026-04-23T15:37:33","slug":"zestaw-mebli-kuchennych-260-cm-nessa","status":"publish","type":"product","link":"https:\/\/baldumarket.lt\/lt\/product\/zestaw-mebli-kuchennych-260-cm-nessa\/","title":{"rendered":"Nessa 260 cm virtuv\u0117s bald\u0173 komplektas"},"content":{"rendered":"<h5><span style=\"color: #54859b\">Apsilankykite m\u016bs\u0173 virtualioje Stolarz-Lempert prek\u0117s \u017eenklo parduotuv\u0117je<\/span><\/h5>\n<p> <a href=\"http:\/\/spacer.lempert.pl\/\" target=\"_blank\" rel=\"noopener\"><span style=\"color: #e47025\">http:\/\/spacer.lempert.pl\/<\/span><\/a><\/p>\n<p>\u201eNessa\u201c virtuv\u0117 \u2013 tai itin prakti\u0161k\u0173 ir gra\u017ei\u0173 bald\u0173 komplektas. Sistem\u0105 sudaro de\u0161imtys spinteli\u0173 \u2013 lofto stiliaus virtuv\u0117s baldai. Spinteli\u0173 fasadai tvirti. Platus stalvir\u0161i\u0173 pasirinkimas. Tvirtos rankenos suteikia baldams charakterio ir palengvina prieig\u0105 prie viduje laikom\u0173 produkt\u0173. Jos puikiai papildo bendr\u0105 komplekt\u0105. Parametrai:<br \/>\nLentos tipas, storis, spalva:<br \/>\n16 mm antracito laminuotos plok\u0161t\u0117s korpusas, 2,5 mm baltos HDF plok\u0161t\u0117s nugar\u0117l\u0117<br \/>\n16 mm antracito laminuotos plok\u0161t\u0117s fasadas<br \/>\nBriaunos tipas:<br \/>\nmelamino korpusai<br \/>\nABS fasadai<br \/>\nKojel\u0117s \u2013 reguliuojamo auk\u0161\u010dio, 15 cm auk\u0161\u010dio<br \/>\nRankenos \u2013 2Z128-160 D50 metalin\u0117s, juodos, 16 mm<br \/>\nStal\u010di\u0173 atidarymo sistema \u2013 b\u0117geli\u0173 tipo \u2013 PREMIUM BOX<br \/>\nVyri\u0173 tipas \u2013 \u0161velniai u\u017esidarantys (i\u0161skyrus 90\/90 cm kampin\u0119 spintel\u0119)<br \/>\nUniversal\u016bs fasadai \u2013 montuojami kair\u0117je arba de\u0161in\u0117je.<br \/>\nSpintel\u0117s \u2013 be stalvir\u0161i\u0173 ar grindjuos\u010di\u0173<br \/>\n\u0160velnaus u\u017edarymo sistema fasadams ir stal\u010diams, virtuv\u0117 ant reguliuojamo auk\u0161\u010dio kojeli\u0173, cokolis nepridedamas.<br \/>\nSpalvos:<br \/>\nPriekin\u0117 dalis: 16 mm antracito spalvos (ABS) laminuota plok\u0161t\u0117<br \/>\nKorpusas: 16 mm antracito (melamino) laminuota plok\u0161t\u0117<br \/>\nNuotraukoje esantis stalvir\u0161is: 38-U12290 Antracitas<br \/>\nDviej\u0173 spalv\u0173 dizain\u0105 sudaro \u201eNessa\u201c ir \u201eAva\u201c virtuv\u0117s spintel\u0117s (med\u017eio imitacijos).<br \/>\n\u012e kain\u0105 \u012fskai\u010diuotos spintel\u0117s be stalvir\u0161i\u0173:<br \/>\n40 cm sand\u0117liuko kolona 40 DK-215 2F<br \/>\n80 cm kriaukl\u0117s spintel\u0117 80ZL 2F BB<br \/>\n60 cm su 1 priekiniu 60D 1F BB<br \/>\n80 cm 80D 2F BB<br \/>\n80 cm 80 G-72 2F<br \/>\n60 cm 60 G-72 1F<br \/>\n30 cm lentyna 30 G-72 OTW<br \/>\n50 cm 50 G-72 1F<br \/>\nir du 2 metr\u0173 cokoliai<\/p>","protected":false},"excerpt":{"rendered":"<p>Priekin\u0117s dalies tipas: laminuota plok\u0161t\u0117 \/ MDF \/ lakuota laminuota plok\u0161t\u0117<br \/>\nVirtuv\u0117s spalva: Antracitas<br \/>\nVirtuv\u0117s stilius: Loftas<br \/>\nPriekin\u0117s dalies tipas: laminuota plok\u0161t\u0117 \/ MDF \/ lakuota laminuota plok\u0161t\u0117<br \/>\nGylis [cm]: 31 vir\u0161uje<br \/>\nGylis be stalvir\u0161io [cm]: 52<br \/>\nGylis su stalvir\u0161iu [cm]: 60<\/p>","protected":false},"featured_media":318851,"comment_status":"open","ping_status":"open","template":"","meta":[],"product_brand":[],"product_cat":[9234,1932],"product_tag":[],"class_list":{"0":"post-318850","1":"product","2":"type-product","3":"status-publish","4":"has-post-thumbnail","6":"product_cat-stolarz-lempert","7":"product_cat-kitchen-sets","9":"first","10":"instock","11":"purchasable","12":"product-type-simple"},"_links":{"self":[{"href":"https:\/\/baldumarket.lt\/lt\/wp-json\/wp\/v2\/product\/318850","targetHints":{"allow":["GET"]}}],"collection":[{"href":"https:\/\/baldumarket.lt\/lt\/wp-json\/wp\/v2\/product"}],"about":[{"href":"https:\/\/baldumarket.lt\/lt\/wp-json\/wp\/v2\/types\/product"}],"replies":[{"embeddable":true,"href":"https:\/\/baldumarket.lt\/lt\/wp-json\/wp\/v2\/comments?post=318850"}],"wp:featuredmedia":[{"embeddable":true,"href":"https:\/\/baldumarket.lt\/lt\/wp-json\/wp\/v2\/media\/318851"}],"wp:attachment":[{"href":"https:\/\/baldumarket.lt\/lt\/wp-json\/wp\/v2\/media?parent=318850"}],"wp:term":[{"taxonomy":"product_brand","embeddable":true,"href":"https:\/\/baldumarket.lt\/lt\/wp-json\/wp\/v2\/product_brand?post=318850"},{"taxonomy":"product_cat","embeddable":true,"href":"https:\/\/baldumarket.lt\/lt\/wp-json\/wp\/v2\/product_cat?post=318850"},{"taxonomy":"product_tag","embeddable":true,"href":"https:\/\/baldumarket.lt\/lt\/wp-json\/wp\/v2\/product_tag?post=318850"}],"curies":[{"name":"wp","href":"https:\/\/api.w.org\/{rel}","templated":true}]}}