{"id":318848,"date":"2026-01-16T09:27:45","date_gmt":"2026-01-16T06:27:45","guid":{"rendered":"https:\/\/baldumarket.lt\/product\/cokol-1-m-antracyt-do-kuchni-producenta-10\/"},"modified":"2026-04-23T18:37:33","modified_gmt":"2026-04-23T15:37:33","slug":"cokol-1-m-antracyt-do-kuchni-producenta-10","status":"publish","type":"product","link":"https:\/\/baldumarket.lt\/lt\/product\/cokol-1-m-antracyt-do-kuchni-producenta-10\/","title":{"rendered":"1 m antracito spalvos cokolis virtuv\u0117s gamintojui 10"},"content":{"rendered":"<h5><span style=\"color: #54859b\">Apsilankykite m\u016bs\u0173 virtualioje Stolarz-Lempert prek\u0117s \u017eenklo parduotuv\u0117je<\/span><\/h5>\n<p> <a href=\"http:\/\/spacer.lempert.pl\/\" target=\"_blank\" rel=\"noopener\"><span style=\"color: #e47025\">http:\/\/spacer.lempert.pl\/<\/span><\/a><\/p>\n<p>1 m virtuv\u0117s cokolis i\u0161 gamintojo 010 \u2013 tai priekinis cokolis, u\u017edengiantis kojeles. Spalva: antracito.<br \/>\nCokol\u012f galima si\u0173sti tik u\u017esakant virtuves ar virtuv\u0117s spinteles i\u0161 gamintojo 010.<\/p>","protected":false},"excerpt":{"rendered":"<p>Ilgis [cm]: 100<br \/>\nAuk\u0161tis [cm]: 15<\/p>","protected":false},"featured_media":318849,"comment_status":"open","ping_status":"open","template":"","meta":[],"product_brand":[],"product_cat":[9234,1043],"product_tag":[],"class_list":{"0":"post-318848","1":"product","2":"type-product","3":"status-publish","4":"has-post-thumbnail","6":"product_cat-stolarz-lempert","7":"product_cat-extras","9":"first","10":"instock","11":"purchasable","12":"product-type-simple"},"_links":{"self":[{"href":"https:\/\/baldumarket.lt\/lt\/wp-json\/wp\/v2\/product\/318848","targetHints":{"allow":["GET"]}}],"collection":[{"href":"https:\/\/baldumarket.lt\/lt\/wp-json\/wp\/v2\/product"}],"about":[{"href":"https:\/\/baldumarket.lt\/lt\/wp-json\/wp\/v2\/types\/product"}],"replies":[{"embeddable":true,"href":"https:\/\/baldumarket.lt\/lt\/wp-json\/wp\/v2\/comments?post=318848"}],"wp:featuredmedia":[{"embeddable":true,"href":"https:\/\/baldumarket.lt\/lt\/wp-json\/wp\/v2\/media\/318849"}],"wp:attachment":[{"href":"https:\/\/baldumarket.lt\/lt\/wp-json\/wp\/v2\/media?parent=318848"}],"wp:term":[{"taxonomy":"product_brand","embeddable":true,"href":"https:\/\/baldumarket.lt\/lt\/wp-json\/wp\/v2\/product_brand?post=318848"},{"taxonomy":"product_cat","embeddable":true,"href":"https:\/\/baldumarket.lt\/lt\/wp-json\/wp\/v2\/product_cat?post=318848"},{"taxonomy":"product_tag","embeddable":true,"href":"https:\/\/baldumarket.lt\/lt\/wp-json\/wp\/v2\/product_tag?post=318848"}],"curies":[{"name":"wp","href":"https:\/\/api.w.org\/{rel}","templated":true}]}}