{"id":318774,"date":"2026-01-16T09:26:46","date_gmt":"2026-01-16T06:26:46","guid":{"rendered":"https:\/\/baldumarket.lt\/product\/szafka-gorna-narozna-60-60-cm-nessa-60x60-gn-72-45-stopni-1f\/"},"modified":"2026-04-23T18:37:42","modified_gmt":"2026-04-23T15:37:42","slug":"szafka-gorna-narozna-60-60-cm-nessa-60x60-gn-72-45-stopni-1f","status":"publish","type":"product","link":"https:\/\/baldumarket.lt\/lt\/product\/szafka-gorna-narozna-60-60-cm-nessa-60x60-gn-72-45-stopni-1f\/","title":{"rendered":"Vir\u0161utin\u0117 kampin\u0117 spintel\u0117 60\/60 cm Nessa 60\u00d760 GN-72 (45 laipsni\u0173) 1F"},"content":{"rendered":"<h5><span style=\"color: #54859b\">Apsilankykite m\u016bs\u0173 virtualioje Stolarz-Lempert prek\u0117s \u017eenklo parduotuv\u0117je<\/span><\/h5>\n<p> <a href=\"http:\/\/spacer.lempert.pl\/\" target=\"_blank\" rel=\"noopener\"><span style=\"color: #e47025\">http:\/\/spacer.lempert.pl\/<\/span><\/a><\/p>\n<p>\u201eNessa\u201c virtuv\u0117 \u2013 tai itin prakti\u0161k\u0173 ir gra\u017ei\u0173 bald\u0173 komplektas. Sistem\u0105 sudaro de\u0161imtys spinteli\u0173 \u2013 lofto stiliaus virtuv\u0117s baldai. Spinteli\u0173 fasadai tvirti. Platus stalvir\u0161i\u0173 pasirinkimas. Tvirtos rankenos suteikia baldams charakterio ir palengvina prieig\u0105 prie viduje laikom\u0173 produkt\u0173. Jos puikiai papildo bendr\u0105 komplekt\u0105. Parametrai:<br \/>\nLentos tipas, storis, spalva:<br \/>\n16 mm antracito laminuotos plok\u0161t\u0117s korpusas, 2,5 mm baltos HDF plok\u0161t\u0117s nugar\u0117l\u0117<br \/>\n16 mm antracito laminuotos plok\u0161t\u0117s fasadas<br \/>\nBriaunos tipas:<br \/>\nmelamino korpusai<br \/>\nABS fasadai<br \/>\nKojel\u0117s \u2013 reguliuojamo auk\u0161\u010dio, 15 cm auk\u0161\u010dio<br \/>\nRankenos \u2013 2Z128-160 D50 metalin\u0117s, juodos, 16 mm<br \/>\nStal\u010di\u0173 atidarymo sistema \u2013 b\u0117geli\u0173 tipo \u2013 PREMIUM BOX<br \/>\nVyri\u0173 tipas \u2013 \u0161velniai u\u017esidarantys (i\u0161skyrus 90\/90 cm kampin\u0119 spintel\u0119)<br \/>\nUniversal\u016bs fasadai \u2013 montuojami kair\u0117je arba de\u0161in\u0117je.<br \/>\nSpintel\u0117s \u2013 be stalvir\u0161i\u0173 ar grindjuos\u010di\u0173<br \/>\n\u0160velnaus u\u017edarymo sistema fasadams ir stal\u010diams, virtuv\u0117 ant reguliuojamo auk\u0161\u010dio kojeli\u0173, cokolis nepridedamas.<br \/>\nSpalvos:<br \/>\nPriekin\u0117 dalis: 16 mm antracito spalvos (ABS) laminuota plok\u0161t\u0117<br \/>\nKorpusas: 16 mm antracito (melamino) laminuota plok\u0161t\u0117<br \/>\nNuotraukoje esantis stalvir\u0161is: 38-U12290 Antracitas<br \/>\nDviej\u0173 spalv\u0173 dizaine panaudotos \u201eNessa\u201c ir \u201eAva\u201c virtuv\u0117s spintel\u0117s (med\u017eio imitacijos).<br \/>\nNessa 60\u00d760 GN-72 (45 laipsni\u0173) 1F kampin\u0117 vir\u0161utin\u0117 spintel\u0117 60\/60 cm \u2013 spintel\u0117 su lentynomis.<br \/>\n\u0160i universali spintel\u0117 gali b\u016bti montuojama de\u0161in\u0117je arba kair\u0117je pus\u0117je.<\/p>","protected":false},"excerpt":{"rendered":"<p>Priekin\u0117s dalies tipas: laminuota plok\u0161t\u0117 \/ MDF \/ lakuota laminuota plok\u0161t\u0117<br \/>\nVirtuv\u0117s spalva: Antracitas<br \/>\nVirtuv\u0117s stilius: Loftas<br \/>\nPriekin\u0117s dalies tipas: laminuota plok\u0161t\u0117 \/ MDF \/ lakuota laminuota plok\u0161t\u0117<\/p>","protected":false},"featured_media":318775,"comment_status":"open","ping_status":"open","template":"","meta":[],"product_brand":[],"product_cat":[9234,9118],"product_tag":[],"class_list":{"0":"post-318774","1":"product","2":"type-product","3":"status-publish","4":"has-post-thumbnail","6":"product_cat-stolarz-lempert","7":"product_cat-kitchen-cabinets","9":"first","10":"instock","11":"purchasable","12":"product-type-simple"},"_links":{"self":[{"href":"https:\/\/baldumarket.lt\/lt\/wp-json\/wp\/v2\/product\/318774","targetHints":{"allow":["GET"]}}],"collection":[{"href":"https:\/\/baldumarket.lt\/lt\/wp-json\/wp\/v2\/product"}],"about":[{"href":"https:\/\/baldumarket.lt\/lt\/wp-json\/wp\/v2\/types\/product"}],"replies":[{"embeddable":true,"href":"https:\/\/baldumarket.lt\/lt\/wp-json\/wp\/v2\/comments?post=318774"}],"wp:featuredmedia":[{"embeddable":true,"href":"https:\/\/baldumarket.lt\/lt\/wp-json\/wp\/v2\/media\/318775"}],"wp:attachment":[{"href":"https:\/\/baldumarket.lt\/lt\/wp-json\/wp\/v2\/media?parent=318774"}],"wp:term":[{"taxonomy":"product_brand","embeddable":true,"href":"https:\/\/baldumarket.lt\/lt\/wp-json\/wp\/v2\/product_brand?post=318774"},{"taxonomy":"product_cat","embeddable":true,"href":"https:\/\/baldumarket.lt\/lt\/wp-json\/wp\/v2\/product_cat?post=318774"},{"taxonomy":"product_tag","embeddable":true,"href":"https:\/\/baldumarket.lt\/lt\/wp-json\/wp\/v2\/product_tag?post=318774"}],"curies":[{"name":"wp","href":"https:\/\/api.w.org\/{rel}","templated":true}]}}