{"id":318150,"date":"2026-01-16T09:18:15","date_gmt":"2026-01-16T06:18:15","guid":{"rendered":"https:\/\/baldumarket.lt\/product\/komoda-salsa-mdf-lamele-dab-artisan-bialy-promocja\/"},"modified":"2026-03-23T13:00:26","modified_gmt":"2026-03-23T10:00:26","slug":"komoda-salsa-mdf-lamele-dab-artisan-bialy-promocja","status":"publish","type":"product","link":"https:\/\/baldumarket.lt\/lt\/product\/komoda-salsa-mdf-lamele-dab-artisan-bialy-promocja\/","title":{"rendered":"Salsa MDF komoda, Artisan \u0105\u017euolas\/balta \u2013 I\u0160PARDAVIMAS"},"content":{"rendered":"<h5><span style=\"color: #54859b\">Apsilankykite m\u016bs\u0173 virtualioje Stolarz-Lempert prek\u0117s \u017eenklo parduotuv\u0117je<\/span><\/h5>\n<p> <a href=\"http:\/\/spacer.lempert.pl\/\" target=\"_blank\" rel=\"noopener\"><span style=\"color: #e47025\">http:\/\/spacer.lempert.pl\/<\/span><\/a><\/p>\n<p>\u201eSalsa\u201c indauja \u2013 tai modernus baldas su stikliniais fasadais, stal\u010diumi ir erdviomis lentynomis. Prie jos galima u\u017esisakyti ir \u201eSalsa\u201c sienin\u0119 spintel\u0119.<br \/>\nPapildomas ap\u0161vietimas<br \/>\nKomodos pakuot\u0117s matmenys:<br \/>\n1\/2 pakuot\u0117s \u2013 0,065 m3 1500 x 435 x 100 mm, svoris \u2013 28,50 kg (korpusas)<br \/>\n2\/2 pakuot\u0117 \u2013 0,042 m3 850 x 500 x 100 mm, svoris \u2013 18,80 kg (priekin\u0117s dalys)<br \/>\nFasadas: 16 mm Artisan Oak MDF<br \/>\nKorpusas: 15 mm balta (melamino) laminuota plok\u0161t\u0117<\/p>","protected":false},"excerpt":{"rendered":"<p>Plotis [cm]: 140<br \/>\nAuk\u0161tis [cm]: 80<br \/>\nGylis [cm]: 40<br \/>\nKomodos stilius: modernus<br \/>\nMed\u017eiaga: MDF<br \/>\nKomodos spalva: \u0105\u017euolas<br \/>\nAtidarymo b\u016bdas: naudojant rankenas<br \/>\nStal\u010di\u0173 skai\u010dius: 1 stal\u010dius<br \/>\nKoj\u0173 tipas: be koj\u0173 \u2013 ant cokolio<\/p>","protected":false},"featured_media":318151,"comment_status":"open","ping_status":"open","template":"","meta":[],"product_brand":[],"product_cat":[9234,1173],"product_tag":[],"class_list":{"0":"post-318150","1":"product","2":"type-product","3":"status-publish","4":"has-post-thumbnail","6":"product_cat-stolarz-lempert","7":"product_cat-chests-of-drawers","9":"first","10":"instock","11":"purchasable","12":"product-type-simple"},"_links":{"self":[{"href":"https:\/\/baldumarket.lt\/lt\/wp-json\/wp\/v2\/product\/318150","targetHints":{"allow":["GET"]}}],"collection":[{"href":"https:\/\/baldumarket.lt\/lt\/wp-json\/wp\/v2\/product"}],"about":[{"href":"https:\/\/baldumarket.lt\/lt\/wp-json\/wp\/v2\/types\/product"}],"replies":[{"embeddable":true,"href":"https:\/\/baldumarket.lt\/lt\/wp-json\/wp\/v2\/comments?post=318150"}],"wp:featuredmedia":[{"embeddable":true,"href":"https:\/\/baldumarket.lt\/lt\/wp-json\/wp\/v2\/media\/318151"}],"wp:attachment":[{"href":"https:\/\/baldumarket.lt\/lt\/wp-json\/wp\/v2\/media?parent=318150"}],"wp:term":[{"taxonomy":"product_brand","embeddable":true,"href":"https:\/\/baldumarket.lt\/lt\/wp-json\/wp\/v2\/product_brand?post=318150"},{"taxonomy":"product_cat","embeddable":true,"href":"https:\/\/baldumarket.lt\/lt\/wp-json\/wp\/v2\/product_cat?post=318150"},{"taxonomy":"product_tag","embeddable":true,"href":"https:\/\/baldumarket.lt\/lt\/wp-json\/wp\/v2\/product_tag?post=318150"}],"curies":[{"name":"wp","href":"https:\/\/api.w.org\/{rel}","templated":true}]}}