{"id":318134,"date":"2026-01-16T09:18:03","date_gmt":"2026-01-16T06:18:03","guid":{"rendered":"https:\/\/baldumarket.lt\/product\/mebloscianka-salsa-mdf-lamele-bialy-bialy-promocja\/"},"modified":"2026-03-23T13:00:26","modified_gmt":"2026-03-23T10:00:26","slug":"mebloscianka-salsa-mdf-lamele-bialy-bialy-promocja","status":"publish","type":"product","link":"https:\/\/baldumarket.lt\/lt\/product\/mebloscianka-salsa-mdf-lamele-bialy-bialy-promocja\/","title":{"rendered":"Salsa MDF sienin\u0117 spintel\u0117, lamel\u0117s, balta\/balta \u2013 AKCIJA"},"content":{"rendered":"<h5><span style=\"color: #54859b\">Apsilankykite m\u016bs\u0173 virtualioje Stolarz-Lempert prek\u0117s \u017eenklo parduotuv\u0117je<\/span><\/h5>\n<p> <a href=\"http:\/\/spacer.lempert.pl\/\" target=\"_blank\" rel=\"noopener\"><span style=\"color: #e47025\">http:\/\/spacer.lempert.pl\/<\/span><\/a><\/p>\n<p>\u201eSalsa\u201c sienin\u0117 spintel\u0117 \u2013 tai modernus svetain\u0117s bald\u0173 komplektas, kurio paprastas, kompakti\u0161kas dizainas tinka net ir ma\u017eoms erdv\u0117ms. Papildomai pasirenkamas LED ap\u0161vietimas suteikia unikal\u0173 akcent\u0105 ant sienos.<br \/>\nSpalva:<br \/>\nPriekin\u0117s dalys: 16 mm MDF plok\u0161t\u0117, balta<br \/>\nKorpusas: 15 mm laminuota plok\u0161t\u0117, balta (melaminas)<br \/>\nSienin\u0119 spintel\u0119 taip pat galima u\u017esisakyti su nuotraukoje pavaizduota komoda. Matmenys: 140,4 x 80 x 40,2 cm (plotis\/auk\u0161tis\/gylis)<br \/>\nElemento matmenys:<br \/>\nGrind\u0173 spintel\u0117s matmenys: 59,3 x 115 x 30,6 cm (plotis \/ auk\u0161tis \/ gylis)<br \/>\nSienin\u0117 spintel\u0117: 59,3 x 113 x 30,6 cm (plotis \/ auk\u0161tis \/ gylis)<br \/>\nTelevizoriaus stovas: 175,5 x 27,7 x 40,2 cm (plotis \/ auk\u0161tis \/ gylis)<br \/>\nSienin\u0117 lentyna: 102 x 16 x 17,5 cm (plotis \/ auk\u0161tis \/ gylis)<br \/>\nPakuot\u0117s matmenys Sienin\u0117s spintel\u0117s:<br \/>\n1\/2 pakuot\u0117s \u2013 0,101 m3<br \/>\n1845 x 435 x 125 mm, svoris \u2013 46,50 kg (korpusas)<br \/>\n2\/2 pakuot\u0117s \u2013 0,051 m3<br \/>\n1250 x 410 x 100 mm, svoris \u2013 24,0 kg (priekin\u0117s dalys)<br \/>\nKomodos pakuot\u0117s matmenys:<br \/>\n1\/2 pakuot\u0117s \u2013 0,065 m3<br \/>\n1500 x 435 x 100 mm, svoris \u2013 28,50 kg (korpusas)<br \/>\n2\/2 pakuot\u0117s \u2013 0,042 m3<br \/>\n850 x 500 x 100 mm, svoris \u2013 18,80 kg (priekin\u0117s dalys)<\/p>","protected":false},"excerpt":{"rendered":"<p>Apsilankykite m\u016bs\u0173 virtualioje \u201eStolarz-Lempert\u201c prek\u0117s \u017eenklo parduotuv\u0117je http:\/\/spacer.lempert.pl\/ \u201eSalsa\u201c sienin\u0117 spintel\u0117 \u2013 tai modernus svetain\u0117s bald\u0173 komplektas, kurio paprastas, kompakti\u0161kas dizainas tinka net ir ma\u017eoms erdv\u0117ms. Papildomai pasirenkamas LED ap\u0161vietimas suteikia unikal\u0173 akcent\u0105 ant sienos. Spalva: Priekin\u0117s dalys: 16 mm MDF plok\u0161t\u0117, balta Korpusas: 15 mm laminuota plok\u0161t\u0117, balta (melamino) [\u2026]<\/p>","protected":false},"featured_media":318135,"comment_status":"open","ping_status":"open","template":"","meta":[],"product_brand":[],"product_cat":[9234,2008],"product_tag":[],"class_list":{"0":"post-318134","1":"product","2":"type-product","3":"status-publish","4":"has-post-thumbnail","6":"product_cat-stolarz-lempert","7":"product_cat-wall-units","9":"first","10":"instock","11":"purchasable","12":"product-type-simple"},"_links":{"self":[{"href":"https:\/\/baldumarket.lt\/lt\/wp-json\/wp\/v2\/product\/318134","targetHints":{"allow":["GET"]}}],"collection":[{"href":"https:\/\/baldumarket.lt\/lt\/wp-json\/wp\/v2\/product"}],"about":[{"href":"https:\/\/baldumarket.lt\/lt\/wp-json\/wp\/v2\/types\/product"}],"replies":[{"embeddable":true,"href":"https:\/\/baldumarket.lt\/lt\/wp-json\/wp\/v2\/comments?post=318134"}],"wp:featuredmedia":[{"embeddable":true,"href":"https:\/\/baldumarket.lt\/lt\/wp-json\/wp\/v2\/media\/318135"}],"wp:attachment":[{"href":"https:\/\/baldumarket.lt\/lt\/wp-json\/wp\/v2\/media?parent=318134"}],"wp:term":[{"taxonomy":"product_brand","embeddable":true,"href":"https:\/\/baldumarket.lt\/lt\/wp-json\/wp\/v2\/product_brand?post=318134"},{"taxonomy":"product_cat","embeddable":true,"href":"https:\/\/baldumarket.lt\/lt\/wp-json\/wp\/v2\/product_cat?post=318134"},{"taxonomy":"product_tag","embeddable":true,"href":"https:\/\/baldumarket.lt\/lt\/wp-json\/wp\/v2\/product_tag?post=318134"}],"curies":[{"name":"wp","href":"https:\/\/api.w.org\/{rel}","templated":true}]}}