{"id":31809,"date":"2025-11-14T21:43:21","date_gmt":"2025-11-14T18:43:21","guid":{"rendered":"https:\/\/baldumarket.lt\/product\/tilmann-drzwi-przesuwne-czarny\/"},"modified":"2026-03-24T18:16:27","modified_gmt":"2026-03-24T15:16:27","slug":"tilmann-drzwi-przesuwne-czarny","status":"publish","type":"product","link":"https:\/\/baldumarket.lt\/lt\/product\/tilmann-drzwi-przesuwne-czarny\/","title":{"rendered":"Tilmann stumdomos durys juodos"},"content":{"rendered":"<p>\u201eTilmann\u201c stumdomos durys \u2013 modernus ir eleganti\u0161kas sprendimas, puikiai tinkantis tiems, kurie vertina stiling\u0105 interjero dizain\u0105. J\u0173 matmenys \u2013 96,5 cm x 205 cm, jos pagamintos i\u0161 patvari\u0173 med\u017eiag\u0173: laminuotos bald\u0173 plok\u0161t\u0117s ir plastiko. Pusiau matin\u0117 juoda apdaila suteikia joms modernumo. \u012erengtas \u0161velnus u\u017edarymo mechanizmas ir \u201eLaguna S100\u201c mechanizmas u\u017etikrina skland\u0173 ir tyl\u0173 dur\u0173 jud\u0117jim\u0105. Papildomo elegancijos suteikia ir dangtelis bei juoda rankena. Durys turi dur\u0173 stabdikl\u012f, ritin\u0117l\u012f ir apatin\u0119 kreipian\u010di\u0105j\u0105, kad b\u016bt\u0173 u\u017etikrintas didesnis saugumas. Montavimas paprastas, nes jos tvirtinamos prie sienos. \u201eTilmann\u201c \u2013 puikus pasirinkimas ie\u0161kantiems stilingo ir funkcionalaus sprendimo savo interjerui, u\u017etikrinan\u010dio maksimal\u0173 erdv\u0117s i\u0161naudojim\u0105.<\/p>","protected":false},"excerpt":{"rendered":"<p>\u201eTilmann\u201c stumdomos durys \u2013 modernus ir eleganti\u0161kas sprendimas, puikiai tinkantis tiems, kurie vertina stiling\u0105 interjero dizain\u0105. J\u0173 matmenys \u2013 96,5 cm x 205 cm, jos pagamintos i\u0161 patvari\u0173 med\u017eiag\u0173: laminuotos bald\u0173 plok\u0161t\u0117s ir plastiko. Pusiau matin\u0117 juoda apdaila suteikia joms modernumo. \u012erengtos \u0161velnaus u\u017edarymo mechanizmo ir \u201eLaguna S100\u201c mechanizmo, jos u\u017etikrina [\u2026]<\/p>","protected":false},"featured_media":31810,"comment_status":"open","ping_status":"open","template":"","meta":[],"product_brand":[],"product_cat":[2012,9175,1330],"product_tag":[],"class_list":{"0":"post-31809","1":"product","2":"type-product","3":"status-publish","4":"has-post-thumbnail","6":"product_cat-eltap","7":"product_cat-sliding-doors-eltap","8":"product_cat-doors","10":"first","11":"instock","12":"purchasable","13":"product-type-simple"},"_links":{"self":[{"href":"https:\/\/baldumarket.lt\/lt\/wp-json\/wp\/v2\/product\/31809","targetHints":{"allow":["GET"]}}],"collection":[{"href":"https:\/\/baldumarket.lt\/lt\/wp-json\/wp\/v2\/product"}],"about":[{"href":"https:\/\/baldumarket.lt\/lt\/wp-json\/wp\/v2\/types\/product"}],"replies":[{"embeddable":true,"href":"https:\/\/baldumarket.lt\/lt\/wp-json\/wp\/v2\/comments?post=31809"}],"wp:featuredmedia":[{"embeddable":true,"href":"https:\/\/baldumarket.lt\/lt\/wp-json\/wp\/v2\/media\/31810"}],"wp:attachment":[{"href":"https:\/\/baldumarket.lt\/lt\/wp-json\/wp\/v2\/media?parent=31809"}],"wp:term":[{"taxonomy":"product_brand","embeddable":true,"href":"https:\/\/baldumarket.lt\/lt\/wp-json\/wp\/v2\/product_brand?post=31809"},{"taxonomy":"product_cat","embeddable":true,"href":"https:\/\/baldumarket.lt\/lt\/wp-json\/wp\/v2\/product_cat?post=31809"},{"taxonomy":"product_tag","embeddable":true,"href":"https:\/\/baldumarket.lt\/lt\/wp-json\/wp\/v2\/product_tag?post=31809"}],"curies":[{"name":"wp","href":"https:\/\/api.w.org\/{rel}","templated":true}]}}