{"id":31797,"date":"2025-11-14T21:42:58","date_gmt":"2025-11-14T18:42:58","guid":{"rendered":"https:\/\/baldumarket.lt\/product\/lindo-drzwi-przesuwne-czarny\/"},"modified":"2026-03-24T18:16:27","modified_gmt":"2026-03-24T15:16:27","slug":"lindo-drzwi-przesuwne-czarny","status":"publish","type":"product","link":"https:\/\/baldumarket.lt\/lt\/product\/lindo-drzwi-przesuwne-czarny\/","title":{"rendered":"Lindo stumdomos durys juodos"},"content":{"rendered":"<p>\u201eLindo\u201c stumdomos durys, kuri\u0173 matmenys 96,5 x 205 cm, yra eleganti\u0161kas ir funkcionalus sprendimas moderniam interjerui. Minimalistinio dizaino ir auk\u0161tos kokyb\u0117s gamybos d\u0117ka jos puikiai dera prie \u012fvairi\u0173 interjero stili\u0173. Stumdomas mechanizmas taupo viet\u0105, o tai ypa\u010d svarbu ma\u017eesn\u0117se erdv\u0117se. Duris lengva montuoti, o auk\u0161tos kokyb\u0117s med\u017eiagos u\u017etikrina patvarum\u0105 ir ilgaam\u017ei\u0161kum\u0105. D\u0117l universalaus dizaino jos tinka \u012fvairioms patalpoms, tokioms kaip miegamasis, svetain\u0117, biuras ar persirengimo kambarys.<\/p>","protected":false},"excerpt":{"rendered":"<p>\u201eLindo\u201c stumdomos durys, kuri\u0173 matmenys 96,5 x 205 cm, yra eleganti\u0161kas ir funkcionalus sprendimas moderniam interjerui. Minimalistinio dizaino ir auk\u0161tos kokyb\u0117s gamybos, jos puikiai dera prie \u012fvairi\u0173 interjero stili\u0173. Stumdomas mechanizmas taupo viet\u0105, o tai ypa\u010d svarbu ma\u017eesn\u0117se erdv\u0117se. Duris lengva montuoti, o auk\u0161tos kokyb\u0117s [\u2026]<\/p>","protected":false},"featured_media":31798,"comment_status":"open","ping_status":"open","template":"","meta":[],"product_brand":[],"product_cat":[2012,9175,1330],"product_tag":[],"class_list":{"0":"post-31797","1":"product","2":"type-product","3":"status-publish","4":"has-post-thumbnail","6":"product_cat-eltap","7":"product_cat-sliding-doors-eltap","8":"product_cat-doors","10":"first","11":"instock","12":"purchasable","13":"product-type-simple"},"_links":{"self":[{"href":"https:\/\/baldumarket.lt\/lt\/wp-json\/wp\/v2\/product\/31797","targetHints":{"allow":["GET"]}}],"collection":[{"href":"https:\/\/baldumarket.lt\/lt\/wp-json\/wp\/v2\/product"}],"about":[{"href":"https:\/\/baldumarket.lt\/lt\/wp-json\/wp\/v2\/types\/product"}],"replies":[{"embeddable":true,"href":"https:\/\/baldumarket.lt\/lt\/wp-json\/wp\/v2\/comments?post=31797"}],"wp:featuredmedia":[{"embeddable":true,"href":"https:\/\/baldumarket.lt\/lt\/wp-json\/wp\/v2\/media\/31798"}],"wp:attachment":[{"href":"https:\/\/baldumarket.lt\/lt\/wp-json\/wp\/v2\/media?parent=31797"}],"wp:term":[{"taxonomy":"product_brand","embeddable":true,"href":"https:\/\/baldumarket.lt\/lt\/wp-json\/wp\/v2\/product_brand?post=31797"},{"taxonomy":"product_cat","embeddable":true,"href":"https:\/\/baldumarket.lt\/lt\/wp-json\/wp\/v2\/product_cat?post=31797"},{"taxonomy":"product_tag","embeddable":true,"href":"https:\/\/baldumarket.lt\/lt\/wp-json\/wp\/v2\/product_tag?post=31797"}],"curies":[{"name":"wp","href":"https:\/\/api.w.org\/{rel}","templated":true}]}}