{"id":31785,"date":"2025-11-14T21:42:33","date_gmt":"2025-11-14T18:42:33","guid":{"rendered":"https:\/\/baldumarket.lt\/product\/crestina-drzwi-przesuwne-czarny\/"},"modified":"2026-03-24T18:16:27","modified_gmt":"2026-03-24T15:16:27","slug":"crestina-drzwi-przesuwne-czarny","status":"publish","type":"product","link":"https:\/\/baldumarket.lt\/lt\/product\/crestina-drzwi-przesuwne-czarny\/","title":{"rendered":"\u201eCrestina\u201c stumdomos durys juodos"},"content":{"rendered":"<p>\u201eCrestina\u201c stumdomos durys \u2013 tai modernus ir eleganti\u0161kas sprendimas, puikiai papildantis bet kok\u012f interjer\u0105, suteikiantis unikalumo. J\u0173 matmenys \u2013 96,5 cm x 205 cm, jos pagamintos i\u0161 laminuotos bald\u0173 plok\u0161t\u0117s ir plastiko. Pusiau matin\u0117 juoda apdaila suteikia joms stiling\u0105 i\u0161vaizd\u0105. \u201eLaguna S100\u201c mechanizmas u\u017etikrina skland\u0173 ir tyl\u0173 dur\u0173 jud\u0117jim\u0105, o komplekte yra dangtelis ir juoda rankena, suteikianti modernumo. Jos turi stabdikl\u012f, ritinin\u012f guol\u012f ir apatin\u0119 kreipian\u010di\u0105j\u0105, tod\u0117l u\u017etikrinamas saugumas ir paprastas naudojimas. Montavimas paprastas ir atliekamas tvirtinant prie sienos. \u201eCrestina\u201c \u2013 puikus pasirinkimas tiems, kurie ie\u0161ko stilingo ir funkcionalaus interjero papildymo, u\u017etikrinan\u010dio maksimal\u0173 erdv\u0117s panaudojim\u0105.<\/p>","protected":false},"excerpt":{"rendered":"<p>\u201eCrestina\u201c stumdomos durys \u2013 tai modernus ir eleganti\u0161kas sprendimas, puikiai papildantis bet kok\u012f interjer\u0105, suteikiantis unikal\u0173 charakter\u012f. J\u0173 matmenys \u2013 96,5 cm x 205 cm, jos pagamintos i\u0161 laminuotos bald\u0173 plok\u0161t\u0117s ir plastiko. Pusiau matin\u0117 juoda apdaila suteikia joms stiling\u0105 i\u0161vaizd\u0105. \u201eLaguna S100\u201c mechanizmas u\u017etikrina skland\u0173 ir tyl\u0173 dur\u0173 jud\u0117jim\u0105, o [\u2026]<\/p>","protected":false},"featured_media":31786,"comment_status":"open","ping_status":"open","template":"","meta":[],"product_brand":[],"product_cat":[2012,9175,1330],"product_tag":[],"class_list":{"0":"post-31785","1":"product","2":"type-product","3":"status-publish","4":"has-post-thumbnail","6":"product_cat-eltap","7":"product_cat-sliding-doors-eltap","8":"product_cat-doors","10":"first","11":"instock","12":"purchasable","13":"product-type-simple"},"_links":{"self":[{"href":"https:\/\/baldumarket.lt\/lt\/wp-json\/wp\/v2\/product\/31785","targetHints":{"allow":["GET"]}}],"collection":[{"href":"https:\/\/baldumarket.lt\/lt\/wp-json\/wp\/v2\/product"}],"about":[{"href":"https:\/\/baldumarket.lt\/lt\/wp-json\/wp\/v2\/types\/product"}],"replies":[{"embeddable":true,"href":"https:\/\/baldumarket.lt\/lt\/wp-json\/wp\/v2\/comments?post=31785"}],"wp:featuredmedia":[{"embeddable":true,"href":"https:\/\/baldumarket.lt\/lt\/wp-json\/wp\/v2\/media\/31786"}],"wp:attachment":[{"href":"https:\/\/baldumarket.lt\/lt\/wp-json\/wp\/v2\/media?parent=31785"}],"wp:term":[{"taxonomy":"product_brand","embeddable":true,"href":"https:\/\/baldumarket.lt\/lt\/wp-json\/wp\/v2\/product_brand?post=31785"},{"taxonomy":"product_cat","embeddable":true,"href":"https:\/\/baldumarket.lt\/lt\/wp-json\/wp\/v2\/product_cat?post=31785"},{"taxonomy":"product_tag","embeddable":true,"href":"https:\/\/baldumarket.lt\/lt\/wp-json\/wp\/v2\/product_tag?post=31785"}],"curies":[{"name":"wp","href":"https:\/\/api.w.org\/{rel}","templated":true}]}}