{"id":31774,"date":"2025-11-14T21:42:11","date_gmt":"2025-11-14T18:42:11","guid":{"rendered":"https:\/\/baldumarket.lt\/product\/charlise-drzwi-przesuwne-bialy\/"},"modified":"2026-03-24T18:16:27","modified_gmt":"2026-03-24T15:16:27","slug":"charlise-drzwi-przesuwne-bialy","status":"publish","type":"product","link":"https:\/\/baldumarket.lt\/lt\/product\/charlise-drzwi-przesuwne-bialy\/","title":{"rendered":"Charlise stumdomos durys baltos"},"content":{"rendered":"<p>Minimalistinis dizainas ir auk\u0161tos kokyb\u0117s med\u017eiagos idealiai tinka svetain\u0117ms, virtuv\u0117ms ir miegamiesiems. 90 cm plo\u010dio ir 204 cm auk\u0161\u010dio durys tinka standartin\u0117ms dur\u0173 angoms. Pagamintos i\u0161 laminuotos bald\u0173 plok\u0161t\u0117s, jos gali b\u016bti pusiau matin\u0117s baltos spalvos (balta U8681). \u012erengtas \u201eLaguna STANDARD 1990\u201c mechanizmas su 195 cm kreipian\u010di\u0105ja, \u201eCharlise\u201c durys slysta skland\u017eiai ir tyliai. Komplekte yra laminuotos bald\u0173 plok\u0161t\u0117s u\u017edanga ir juoda plastikin\u0117 rankena. Durys turi dur\u0173 stabdikl\u012f, ritin\u0117l\u012f ir apatin\u0119 kreipian\u010di\u0105j\u0105, kad b\u016bt\u0173 u\u017etikrintas saugumas ir patogumas naudoti. Montavimas paprastas \u2013 tereikia pritvirtinti prie sienos. \u201eCharlise\u201c stumdomos durys \u2013 puikus sprendimas tiems, kurie vertina funkcionalum\u0105, estetik\u0105 ir modern\u0173 dizain\u0105.<\/p>","protected":false},"excerpt":{"rendered":"<p>Minimalistinis dizainas ir auk\u0161tos kokyb\u0117s med\u017eiagos idealiai tinka svetain\u0117ms, virtuv\u0117ms ir miegamiesiems. 90 cm plo\u010dio ir 204 cm auk\u0161\u010dio durys tinka standartin\u0117ms dur\u0173 angoms. Jos pagamintos i\u0161 laminuotos bald\u0173 plok\u0161t\u0117s ir yra pusiau matin\u0117s baltos spalvos (balta U8681). Jose sumontuotas \u201eLaguna STANDARD 1990\u201c mechanizmas su 195 cm kreipian\u010di\u0105ja, [\u2026]<\/p>","protected":false},"featured_media":31775,"comment_status":"open","ping_status":"open","template":"","meta":[],"product_brand":[],"product_cat":[2012,9175,1330],"product_tag":[],"class_list":{"0":"post-31774","1":"product","2":"type-product","3":"status-publish","4":"has-post-thumbnail","6":"product_cat-eltap","7":"product_cat-sliding-doors-eltap","8":"product_cat-doors","10":"first","11":"instock","12":"purchasable","13":"product-type-simple"},"_links":{"self":[{"href":"https:\/\/baldumarket.lt\/lt\/wp-json\/wp\/v2\/product\/31774","targetHints":{"allow":["GET"]}}],"collection":[{"href":"https:\/\/baldumarket.lt\/lt\/wp-json\/wp\/v2\/product"}],"about":[{"href":"https:\/\/baldumarket.lt\/lt\/wp-json\/wp\/v2\/types\/product"}],"replies":[{"embeddable":true,"href":"https:\/\/baldumarket.lt\/lt\/wp-json\/wp\/v2\/comments?post=31774"}],"wp:featuredmedia":[{"embeddable":true,"href":"https:\/\/baldumarket.lt\/lt\/wp-json\/wp\/v2\/media\/31775"}],"wp:attachment":[{"href":"https:\/\/baldumarket.lt\/lt\/wp-json\/wp\/v2\/media?parent=31774"}],"wp:term":[{"taxonomy":"product_brand","embeddable":true,"href":"https:\/\/baldumarket.lt\/lt\/wp-json\/wp\/v2\/product_brand?post=31774"},{"taxonomy":"product_cat","embeddable":true,"href":"https:\/\/baldumarket.lt\/lt\/wp-json\/wp\/v2\/product_cat?post=31774"},{"taxonomy":"product_tag","embeddable":true,"href":"https:\/\/baldumarket.lt\/lt\/wp-json\/wp\/v2\/product_tag?post=31774"}],"curies":[{"name":"wp","href":"https:\/\/api.w.org\/{rel}","templated":true}]}}