{"id":317638,"date":"2026-01-16T09:10:52","date_gmt":"2026-01-16T06:10:52","guid":{"rendered":"https:\/\/baldumarket.lt\/product\/zestaw-kuchenny-narozny-kuchnia-narozna-310-340-cm-biala-claygrey-luna\/"},"modified":"2026-03-23T13:00:26","modified_gmt":"2026-03-23T10:00:26","slug":"zestaw-kuchenny-narozny-kuchnia-narozna-310-340-cm-biala-claygrey-luna","status":"publish","type":"product","link":"https:\/\/baldumarket.lt\/lt\/product\/zestaw-kuchenny-narozny-kuchnia-narozna-310-340-cm-biala-claygrey-luna\/","title":{"rendered":"Kampinis virtuv\u0117s komplektas, kampin\u0117 virtuv\u0117 310\/340 cm balta\/molio pilkumo Luna"},"content":{"rendered":"<h5><span style=\"color: #54859b\">Apsilankykite m\u016bs\u0173 virtualioje Stolarz-Lempert prek\u0117s \u017eenklo parduotuv\u0117je<\/span><\/h5>\n<p> <a href=\"http:\/\/spacer.lempert.pl\/\" target=\"_blank\" rel=\"noopener\"><span style=\"color: #e47025\">http:\/\/spacer.lempert.pl\/<\/span><\/a><\/p>\n<p>\u201eLuna\u201c virtuv\u0117 \u2013 tai klasikinio ir stilingo stiliaus bald\u0173 komplektas, kuris tiks prie bet kokio interjero.<br \/>\nVirtuv\u0117je yra de\u0161imtys spinteli\u0173, i\u0161 kuri\u0173 galite susikurti savo komplekt\u0105.<br \/>\n\u012e rinkin\u012f \u012feina:<br \/>\nauk\u0161tos kokyb\u0117s MDF fasadai<br \/>\nlaminuot\u0173 plok\u0161\u010di\u0173 korpusai<br \/>\n\u0161velniai u\u017esidaran\u010dios fasadin\u0117s dalys<br \/>\nauk\u0161\u010diausios kokyb\u0117s stal\u010diai su \u0161velniu u\u017edarymu<br \/>\nerdvios spintel\u0117s<br \/>\nspintel\u0117s, sumontuotos ant korpus\u0173 be koj\u0173<br \/>\nbalti cokoliai pridedami<br \/>\nauk\u0161ti statrams\u010diai<br \/>\n2,8 cm arba 3,8 cm storio stalvir\u0161iai, pagaminti naudojant pokalimo technologij\u0105, su ergonomi\u0161kai u\u017eapvalinta priekine dalimi (neb\u016btina)<br \/>\nVirtuv\u0117s specifikacijos:<br \/>\nPriekin\u0117s dalys: 16 mm molio pilkumo MDF su frezavimo angomis \u2013 1 mm ABS kra\u0161tas (pilkas su sm\u0117lio spalvos atspalviu)<br \/>\nRankenos: juodos<br \/>\nKorpusas: 16 mm laminuota plok\u0161t\u0117, matin\u0117 balta \u2013 melamino kra\u0161tai<br \/>\nKomplekt\u0105 sudaro spintel\u0117s be stalvir\u0161i\u0173:<br \/>\n60 cm \u0161aldytuvo spintel\u0117 \u2013 LO-210 2F<br \/>\n60 cm orkait\u0117s spintel\u0117 su stal\u010diais \u2013 60 DPS-210 3S 1F<br \/>\n40 cm kolonin\u0117 sand\u0117liuko lentyna \u2013 40 DK-210 2F<br \/>\n60 cm \u2013 60 D 1F BB<br \/>\n90\/90 cm kampas \u2013 90\u00d790 ND 2F BB<br \/>\n80 cm kriaukl\u0117 \u2013 80 ZL 2F BB<br \/>\n60 cm stal\u010diai \u2013 60 D 3S BB<br \/>\n80 cm stal\u010diai \u2013 80 D 3S BB<br \/>\n30 cm galinis blokas \u2013 30 D ZAK BB<br \/>\nvir\u0161uje<br \/>\n60 cm \u017eemas pakreipiamas \u2013 60 GU-36 1F \u2013 2 vnt.<br \/>\n80 cm \u2013 80 G-72 2F<br \/>\n30 cm galinis blokas \u2013 30 G-72 ZAK<\/p>","protected":false},"excerpt":{"rendered":"<p>Gylis su stalvir\u0161iu [cm]: 60<br \/>\nGylis [cm]: 31 vir\u0161uje<br \/>\nGylis be vir\u0161utinio sluoksnio [cm]: 52<br \/>\nGylis su stalvir\u0161iu [cm]: 60<br \/>\nPlotis [cm]: 310\/340<br \/>\nAuk\u0161tis [cm]: 71,5 vir\u0161uje<br \/>\nAuk\u0161tis be vir\u0161utinio sluoksnio [cm]: 82<\/p>","protected":false},"featured_media":317639,"comment_status":"open","ping_status":"open","template":"","meta":[],"product_brand":[],"product_cat":[9234,1932],"product_tag":[],"class_list":{"0":"post-317638","1":"product","2":"type-product","3":"status-publish","4":"has-post-thumbnail","6":"product_cat-stolarz-lempert","7":"product_cat-kitchen-sets","9":"first","10":"instock","11":"purchasable","12":"product-type-simple"},"_links":{"self":[{"href":"https:\/\/baldumarket.lt\/lt\/wp-json\/wp\/v2\/product\/317638","targetHints":{"allow":["GET"]}}],"collection":[{"href":"https:\/\/baldumarket.lt\/lt\/wp-json\/wp\/v2\/product"}],"about":[{"href":"https:\/\/baldumarket.lt\/lt\/wp-json\/wp\/v2\/types\/product"}],"replies":[{"embeddable":true,"href":"https:\/\/baldumarket.lt\/lt\/wp-json\/wp\/v2\/comments?post=317638"}],"wp:featuredmedia":[{"embeddable":true,"href":"https:\/\/baldumarket.lt\/lt\/wp-json\/wp\/v2\/media\/317639"}],"wp:attachment":[{"href":"https:\/\/baldumarket.lt\/lt\/wp-json\/wp\/v2\/media?parent=317638"}],"wp:term":[{"taxonomy":"product_brand","embeddable":true,"href":"https:\/\/baldumarket.lt\/lt\/wp-json\/wp\/v2\/product_brand?post=317638"},{"taxonomy":"product_cat","embeddable":true,"href":"https:\/\/baldumarket.lt\/lt\/wp-json\/wp\/v2\/product_cat?post=317638"},{"taxonomy":"product_tag","embeddable":true,"href":"https:\/\/baldumarket.lt\/lt\/wp-json\/wp\/v2\/product_tag?post=317638"}],"curies":[{"name":"wp","href":"https:\/\/api.w.org\/{rel}","templated":true}]}}