{"id":317606,"date":"2026-01-16T09:10:25","date_gmt":"2026-01-16T06:10:25","guid":{"rendered":"https:\/\/baldumarket.lt\/product\/zestaw-kuchenny-kuchnia-405-cm-bialy-artisan-luna\/"},"modified":"2026-03-23T13:00:26","modified_gmt":"2026-03-23T10:00:26","slug":"zestaw-kuchenny-kuchnia-405-cm-bialy-artisan-luna","status":"publish","type":"product","link":"https:\/\/baldumarket.lt\/lt\/product\/zestaw-kuchenny-kuchnia-405-cm-bialy-artisan-luna\/","title":{"rendered":"Virtuv\u0117s komplektas, virtuv\u0117 405 cm balta\/artisan Luna"},"content":{"rendered":"<h5><span style=\"color: #54859b\">Apsilankykite m\u016bs\u0173 virtualioje Stolarz-Lempert prek\u0117s \u017eenklo parduotuv\u0117je<\/span><\/h5>\n<p> <a href=\"http:\/\/spacer.lempert.pl\/\" target=\"_blank\" rel=\"noopener\"><span style=\"color: #e47025\">http:\/\/spacer.lempert.pl\/<\/span><\/a><\/p>\n<p>\u201eLuna\u201c virtuv\u0117 \u2013 tai klasikinio ir stilingo stiliaus bald\u0173 komplektas, kuris tiks prie bet kokio interjero.<br \/>\nVirtuv\u0117je yra de\u0161imtys spinteli\u0173, i\u0161 kuri\u0173 galite susikurti savo komplekt\u0105.<br \/>\n\u012e rinkin\u012f \u012feina:<br \/>\nAuk\u0161tos kokyb\u0117s MDF fasadai<br \/>\nLaminuot\u0173 plok\u0161\u010di\u0173 korpusai<br \/>\nFasadai su \u0161velnaus u\u017edarymo sistema<br \/>\n\u201ePremium Box\u201c stal\u010diai su \u0161velnaus u\u017edarymo sistema<br \/>\nErdvios spintel\u0117s<br \/>\nSpintel\u0117s, sumontuotos ant korpus\u0173 be koj\u0173<br \/>\n\u012e komplekt\u0105 \u012feina amatinink\u0173 \u0105\u017euolin\u0117s cokolin\u0117s grindys<br \/>\nAuk\u0161ti postai<br \/>\n2,8 cm arba 3,8 cm storio stalvir\u0161iai, pagaminti naudojant pokalimo technologij\u0105, su ergonomi\u0161kai u\u017eapvalinta priekine dalimi (neb\u016btina)<br \/>\nVirtuv\u0117s specifikacijos:<br \/>\nFasadas: 16 mm MDF, matin\u0117s baltos spalvos su frezuotu 1 mm ABS kra\u0161tu<br \/>\nRankenos: 192 mm metalin\u0117s<br \/>\nKorpusas: 16 mm storio \u201eArtisan\u201c \u0105\u017euolo laminuota plok\u0161t\u0117 su melamino kra\u0161tais<br \/>\nKomplekt\u0105 sudaro spintel\u0117s be stalvir\u0161i\u0173:<br \/>\n60 cm sand\u0117liukas su stal\u010diais \u2013 60 DKS-210 3S 1F<br \/>\n60 cm \u012fmontuojamas \u0161aldytuvas-stulpelis \u2013 LO-210 2F<br \/>\n60 cm orkait\u0117s ir mikrobang\u0173 krosnel\u0117s kolon\u0117l\u0117 \u2013 60 DPM-210 2F<br \/>\n80 cm stal\u010diai \u2013 80 D 3S BB<br \/>\n60 cm \u2013 60 D 1F BB<br \/>\n15 cm atvira lentyn\u0173 sistema \u2013 15 D OTW BB<br \/>\n80 cm kriaukl\u0117 \u2013 80 ZL 2F BB<br \/>\n50 cm su stal\u010diumi \u2013 50 D 1F 1S stalvir\u0161is<br \/>\n40 cm vitrina 40 GS-72 1F \u2013 2 vnt.<br \/>\n60 cm \u017eemas pakreipiamas \u2013 60 GU-36 1F<br \/>\n15 cm atvira lentyn\u0173 sistema \u2013 15 G-72 OTW<br \/>\n80 cm \u2013 80 G-72 2F<br \/>\n50 cm \u2013 50 G-72 1F<\/p>","protected":false},"excerpt":{"rendered":"<p>Gylis su stalvir\u0161iu [cm]: 60<br \/>\nGylis [cm]: 31 vir\u0161uje<br \/>\nGylis be vir\u0161utinio sluoksnio [cm]: 52<br \/>\nGylis su stalvir\u0161iu [cm]: 60<br \/>\nPlotis [cm]: 405<br \/>\nAuk\u0161tis [cm]: 71,5 vir\u0161uje<br \/>\nAuk\u0161tis be vir\u0161utinio sluoksnio [cm]: 82<\/p>","protected":false},"featured_media":317607,"comment_status":"open","ping_status":"open","template":"","meta":[],"product_brand":[],"product_cat":[9234,1932],"product_tag":[],"class_list":{"0":"post-317606","1":"product","2":"type-product","3":"status-publish","4":"has-post-thumbnail","6":"product_cat-stolarz-lempert","7":"product_cat-kitchen-sets","9":"first","10":"instock","11":"purchasable","12":"product-type-simple"},"_links":{"self":[{"href":"https:\/\/baldumarket.lt\/lt\/wp-json\/wp\/v2\/product\/317606","targetHints":{"allow":["GET"]}}],"collection":[{"href":"https:\/\/baldumarket.lt\/lt\/wp-json\/wp\/v2\/product"}],"about":[{"href":"https:\/\/baldumarket.lt\/lt\/wp-json\/wp\/v2\/types\/product"}],"replies":[{"embeddable":true,"href":"https:\/\/baldumarket.lt\/lt\/wp-json\/wp\/v2\/comments?post=317606"}],"wp:featuredmedia":[{"embeddable":true,"href":"https:\/\/baldumarket.lt\/lt\/wp-json\/wp\/v2\/media\/317607"}],"wp:attachment":[{"href":"https:\/\/baldumarket.lt\/lt\/wp-json\/wp\/v2\/media?parent=317606"}],"wp:term":[{"taxonomy":"product_brand","embeddable":true,"href":"https:\/\/baldumarket.lt\/lt\/wp-json\/wp\/v2\/product_brand?post=317606"},{"taxonomy":"product_cat","embeddable":true,"href":"https:\/\/baldumarket.lt\/lt\/wp-json\/wp\/v2\/product_cat?post=317606"},{"taxonomy":"product_tag","embeddable":true,"href":"https:\/\/baldumarket.lt\/lt\/wp-json\/wp\/v2\/product_tag?post=317606"}],"curies":[{"name":"wp","href":"https:\/\/api.w.org\/{rel}","templated":true}]}}