{"id":31750,"date":"2025-11-14T21:41:25","date_gmt":"2025-11-14T18:41:25","guid":{"rendered":"https:\/\/baldumarket.lt\/product\/detmer-20x22x44cm-nocna-1-czarny-zloty\/"},"modified":"2026-03-24T18:16:35","modified_gmt":"2026-03-24T15:16:35","slug":"detmer-20x22x44cm-nocna-1-czarny-zloty","status":"publish","type":"product","link":"https:\/\/baldumarket.lt\/lt\/product\/detmer-20x22x44cm-nocna-1-czarny-zloty\/","title":{"rendered":"Detmer, 20x22x44cm naktinis staliukas 1 juodas\/auksinis"},"content":{"rendered":"<p>\u201eDetmer\u201c naktin\u0117 lempa \u2013 stilingas j\u016bs\u0173 miegamojo papildymas. Lempa turi standartin\u012f E27 lizd\u0105, o tai rei\u0161kia, kad jai tinka \u012fvairi\u0173 tip\u0173 lemput\u0117s. Ji turi vien\u0105 \u0161viesos \u0161altin\u012f, tod\u0117l galite sutelkti \u0161vies\u0105 \u012f konkre\u010di\u0105 viet\u0105. Galite naudoti lemputes, kuri\u0173 maksimali galia yra 15 W, taip u\u017etikrindami pakankam\u0105 ap\u0161vietim\u0105 ir taupydami energij\u0105. D\u0117l IP20 apsaugos klas\u0117s lempa tinka naudoti patalpose, ta\u010diau nerekomenduojama jos naudoti didel\u0117s dr\u0117gm\u0117s vietose. \u201eDetmer\u201c naktin\u0117 lempa yra puikus pasirinkimas tiems, kurie nori savo interjerui suteikti elegancijos ir modernumo.<\/p>","protected":false},"excerpt":{"rendered":"<p>\u201eDetmer\u201c naktin\u0117 lempa \u2013 stilingas j\u016bs\u0173 miegamojo aksesuaras. Lempa turi standartin\u012f E27 lizd\u0105, tod\u0117l joje galima naudoti \u012fvairi\u0173 tip\u0173 lemputes. Ji turi vien\u0105 \u0161viesos \u0161altin\u012f, tod\u0117l galite nukreipti \u0161vies\u0105 \u012f konkre\u010di\u0105 viet\u0105. Galite naudoti lemputes, kuri\u0173 maksimali galia yra 15 W, u\u017etikrinant pakankam\u0105 ap\u0161vietim\u0105 [\u2026]<\/p>","protected":false},"featured_media":31751,"comment_status":"open","ping_status":"open","template":"","meta":[],"product_brand":[],"product_cat":[2012,1231],"product_tag":[],"class_list":{"0":"post-31750","1":"product","2":"type-product","3":"status-publish","4":"has-post-thumbnail","6":"product_cat-eltap","7":"product_cat-lamps","9":"first","10":"instock","11":"purchasable","12":"product-type-simple"},"_links":{"self":[{"href":"https:\/\/baldumarket.lt\/lt\/wp-json\/wp\/v2\/product\/31750","targetHints":{"allow":["GET"]}}],"collection":[{"href":"https:\/\/baldumarket.lt\/lt\/wp-json\/wp\/v2\/product"}],"about":[{"href":"https:\/\/baldumarket.lt\/lt\/wp-json\/wp\/v2\/types\/product"}],"replies":[{"embeddable":true,"href":"https:\/\/baldumarket.lt\/lt\/wp-json\/wp\/v2\/comments?post=31750"}],"wp:featuredmedia":[{"embeddable":true,"href":"https:\/\/baldumarket.lt\/lt\/wp-json\/wp\/v2\/media\/31751"}],"wp:attachment":[{"href":"https:\/\/baldumarket.lt\/lt\/wp-json\/wp\/v2\/media?parent=31750"}],"wp:term":[{"taxonomy":"product_brand","embeddable":true,"href":"https:\/\/baldumarket.lt\/lt\/wp-json\/wp\/v2\/product_brand?post=31750"},{"taxonomy":"product_cat","embeddable":true,"href":"https:\/\/baldumarket.lt\/lt\/wp-json\/wp\/v2\/product_cat?post=31750"},{"taxonomy":"product_tag","embeddable":true,"href":"https:\/\/baldumarket.lt\/lt\/wp-json\/wp\/v2\/product_tag?post=31750"}],"curies":[{"name":"wp","href":"https:\/\/api.w.org\/{rel}","templated":true}]}}