{"id":317486,"date":"2026-01-16T09:08:46","date_gmt":"2026-01-16T06:08:46","guid":{"rendered":"https:\/\/baldumarket.lt\/product\/zestaw-kuchenny-stillo-bialy-claygrey-kuchnia-250-cm\/"},"modified":"2026-03-23T13:00:26","modified_gmt":"2026-03-23T10:00:26","slug":"zestaw-kuchenny-stillo-bialy-claygrey-kuchnia-250-cm","status":"publish","type":"product","link":"https:\/\/baldumarket.lt\/lt\/product\/zestaw-kuchenny-stillo-bialy-claygrey-kuchnia-250-cm\/","title":{"rendered":"Stillo baltas\/molio pilkumo virtuv\u0117s komplektas, virtuv\u0117 250 cm"},"content":{"rendered":"<h5><span style=\"color: #54859b\">Apsilankykite m\u016bs\u0173 virtualioje Stolarz-Lempert prek\u0117s \u017eenklo parduotuv\u0117je<\/span><\/h5>\n<p> <a href=\"http:\/\/spacer.lempert.pl\/\" target=\"_blank\" rel=\"noopener\"><span style=\"color: #e47025\">http:\/\/spacer.lempert.pl\/<\/span><\/a><\/p>\n<p>\u201eStillo\u201c virtuv\u0117 \u2013 tai klasikini\u0173 ir stiling\u0173 bald\u0173 komplektas, kuris tiks prie bet kokio interjero.<br \/>\nVirtuv\u0117je yra de\u0161imtys spinteli\u0173, i\u0161 kuri\u0173 galite susikurti savo komplekt\u0105.<br \/>\n\u012e rinkin\u012f \u012feina:<br \/>\nauk\u0161tos kokyb\u0117s MDF fasadai<br \/>\nlaminuot\u0173 plok\u0161\u010di\u0173 korpusai<br \/>\nfasadai su \u0161velnaus u\u017edarymo sistema<br \/>\n\u201ePremium Box\u201c stal\u010diai su \u0161velnaus u\u017edarymo sistema<br \/>\nerdvios spintel\u0117s<br \/>\nspintel\u0117s, montuojamos ant korpus\u0173 be koj\u0173<br \/>\nmatin\u0117s baltos spalvos cokolin\u0117s dalys yra komplekte<br \/>\nauk\u0161ti statrams\u010diai<br \/>\n2,8 cm arba 3,8 cm storio stalvir\u0161is, pagamintas naudojant pokalimo technologij\u0105, su ergonomi\u0161kai u\u017eapvalinta priekine dalimi (neb\u016btina)<br \/>\nVirtuv\u0117s specifikacijos:<br \/>\nPriekin\u0117s dalys: 16 mm molio pilkumo MDF plok\u0161t\u0117 su frezavimo angomis \u2013 1 mm ABS briauna (pilka su sm\u0117lio spalvos atspalviu)<br \/>\nRankenos: 96\u20132342 metalin\u0117s<br \/>\nKorpusas: 16 mm storio matin\u0117s baltos laminuotos plok\u0161t\u0117s su melamino kra\u0161tais<br \/>\nKomplekt\u0105 sudaro spintel\u0117s be stalvir\u0161i\u0173:<br \/>\n80 cm kriaukl\u0117 \u2013 80 ZL 2F BB<br \/>\n60 cm po orkaite \u2013 60 D dujin\u0117 virykl\u0117 su BB<br \/>\n50 cm su stal\u010diumi \u2013 50 D 1F 1S<br \/>\n60 cm \u2013 60 D 1F BB<br \/>\nVir\u0161uje<br \/>\n80 cm \u2013 80 G-72 2F<br \/>\n60 cm po gaubtu \u2013 60 GU-36 1F<br \/>\n50 cm \u2013 50 G-72 1F<br \/>\n60 cm \u2013 60 G-72 1F<\/p>","protected":false},"excerpt":{"rendered":"<p>Fasado tipas: Laminuota plok\u0161t\u0117 \/ MDF \/ Lakuota MDF<br \/>\nVirtuv\u0117s spalva: matin\u0117 pilka su sm\u0117lio atspalviu<br \/>\nVirtuv\u0117s stilius: klasikinis, stilingas<br \/>\nFasado tipas: Laminuota plok\u0161t\u0117 \/ MDF \/ Lakuota MDF<br \/>\nPlotis [cm]: 250<br \/>\nAuk\u0161tis [cm]: 71,5 (vir\u0161uje)<br \/>\nAuk\u0161tis be stalvir\u0161io [cm]: 82<\/p>","protected":false},"featured_media":317487,"comment_status":"open","ping_status":"open","template":"","meta":[],"product_brand":[],"product_cat":[9234,1932],"product_tag":[],"class_list":{"0":"post-317486","1":"product","2":"type-product","3":"status-publish","4":"has-post-thumbnail","6":"product_cat-stolarz-lempert","7":"product_cat-kitchen-sets","9":"first","10":"instock","11":"purchasable","12":"product-type-simple"},"_links":{"self":[{"href":"https:\/\/baldumarket.lt\/lt\/wp-json\/wp\/v2\/product\/317486","targetHints":{"allow":["GET"]}}],"collection":[{"href":"https:\/\/baldumarket.lt\/lt\/wp-json\/wp\/v2\/product"}],"about":[{"href":"https:\/\/baldumarket.lt\/lt\/wp-json\/wp\/v2\/types\/product"}],"replies":[{"embeddable":true,"href":"https:\/\/baldumarket.lt\/lt\/wp-json\/wp\/v2\/comments?post=317486"}],"wp:featuredmedia":[{"embeddable":true,"href":"https:\/\/baldumarket.lt\/lt\/wp-json\/wp\/v2\/media\/317487"}],"wp:attachment":[{"href":"https:\/\/baldumarket.lt\/lt\/wp-json\/wp\/v2\/media?parent=317486"}],"wp:term":[{"taxonomy":"product_brand","embeddable":true,"href":"https:\/\/baldumarket.lt\/lt\/wp-json\/wp\/v2\/product_brand?post=317486"},{"taxonomy":"product_cat","embeddable":true,"href":"https:\/\/baldumarket.lt\/lt\/wp-json\/wp\/v2\/product_cat?post=317486"},{"taxonomy":"product_tag","embeddable":true,"href":"https:\/\/baldumarket.lt\/lt\/wp-json\/wp\/v2\/product_tag?post=317486"}],"curies":[{"name":"wp","href":"https:\/\/api.w.org\/{rel}","templated":true}]}}