{"id":31744,"date":"2025-11-14T21:41:15","date_gmt":"2025-11-14T18:41:15","guid":{"rendered":"https:\/\/baldumarket.lt\/product\/detmer-17x25x20cm-kinkiet-1-czarny-zloty\/"},"modified":"2026-03-24T18:16:35","modified_gmt":"2026-03-24T15:16:35","slug":"detmer-17x25x20cm-kinkiet-1-czarny-zloty","status":"publish","type":"product","link":"https:\/\/baldumarket.lt\/lt\/product\/detmer-17x25x20cm-kinkiet-1-czarny-zloty\/","title":{"rendered":"Detmer, 17x25x20cm Sieninis \u0161viestuvas 1 juodas\/auksinis"},"content":{"rendered":"<p>17 x 25 x 20 cm dyd\u017eio \u201eDetmer\u201c sieninis \u0161viestuvas turi vien\u0105 \u0161viesos \u0161altin\u012f, idealiai tinkant\u012f ap\u0161viesti konkre\u010di\u0105 zon\u0105. E27 lizdas leid\u017eia naudoti \u012fvairius \u0161viesos \u0161altinius, o 15 W galios apribojimas leid\u017eia reguliuoti ry\u0161kum\u0105 pagal j\u016bs\u0173 poreikius. D\u0117l IP20 apsaugos klas\u0117s \u0161viestuvas tinka sausoms patalpoms, u\u017etikrinant ne tik efektyvum\u0105, bet ir saugum\u0105. Unikalus juodos ir auksin\u0117s spalv\u0173 kontrastas \u201eDetmer\u201c sieniniame \u0161viestuve suteikia jam unikal\u0173 ir ak\u012f traukiant\u012f charakter\u012f. Tai ne tik \u0161viesos \u0161altinis, bet ir dekoratyvinis elementas, galintis suteikti unikalumo bet kokiam interjerui.<\/p>","protected":false},"excerpt":{"rendered":"<p>\u201eDetmer\u201c sieninis \u0161viestuvas, kurio matmenys 17 x 25 x 20 cm, turi vien\u0105 \u0161viesos \u0161altin\u012f, idealiai tinkant\u012f ap\u0161viesti konkre\u010di\u0105 srit\u012f. E27 lizdas leid\u017eia naudoti \u012fvairius \u0161viesos \u0161altinius, o 15 W galios apribojimas leid\u017eia reguliuoti ry\u0161kum\u0105 pagal j\u016bs\u0173 poreikius. D\u0117l IP20 apsaugos klas\u0117s \u0161viestuvas tinka sausoms patalpoms, u\u017etikrinant ne tik [\u2026]<\/p>","protected":false},"featured_media":31745,"comment_status":"open","ping_status":"open","template":"","meta":[],"product_brand":[],"product_cat":[2012,1231],"product_tag":[],"class_list":{"0":"post-31744","1":"product","2":"type-product","3":"status-publish","4":"has-post-thumbnail","6":"product_cat-eltap","7":"product_cat-lamps","9":"first","10":"instock","11":"purchasable","12":"product-type-simple"},"_links":{"self":[{"href":"https:\/\/baldumarket.lt\/lt\/wp-json\/wp\/v2\/product\/31744","targetHints":{"allow":["GET"]}}],"collection":[{"href":"https:\/\/baldumarket.lt\/lt\/wp-json\/wp\/v2\/product"}],"about":[{"href":"https:\/\/baldumarket.lt\/lt\/wp-json\/wp\/v2\/types\/product"}],"replies":[{"embeddable":true,"href":"https:\/\/baldumarket.lt\/lt\/wp-json\/wp\/v2\/comments?post=31744"}],"wp:featuredmedia":[{"embeddable":true,"href":"https:\/\/baldumarket.lt\/lt\/wp-json\/wp\/v2\/media\/31745"}],"wp:attachment":[{"href":"https:\/\/baldumarket.lt\/lt\/wp-json\/wp\/v2\/media?parent=31744"}],"wp:term":[{"taxonomy":"product_brand","embeddable":true,"href":"https:\/\/baldumarket.lt\/lt\/wp-json\/wp\/v2\/product_brand?post=31744"},{"taxonomy":"product_cat","embeddable":true,"href":"https:\/\/baldumarket.lt\/lt\/wp-json\/wp\/v2\/product_cat?post=31744"},{"taxonomy":"product_tag","embeddable":true,"href":"https:\/\/baldumarket.lt\/lt\/wp-json\/wp\/v2\/product_tag?post=31744"}],"curies":[{"name":"wp","href":"https:\/\/api.w.org\/{rel}","templated":true}]}}