{"id":317390,"date":"2026-01-16T09:07:34","date_gmt":"2026-01-16T06:07:34","guid":{"rendered":"https:\/\/baldumarket.lt\/product\/szafka-gorna-narozna-60-cm-stillo-bialy-claygrey-60x60-gn-90-45-stopni-1f\/"},"modified":"2026-03-23T13:00:26","modified_gmt":"2026-03-23T10:00:26","slug":"szafka-gorna-narozna-60-cm-stillo-bialy-claygrey-60x60-gn-90-45-stopni-1f","status":"publish","type":"product","link":"https:\/\/baldumarket.lt\/lt\/product\/szafka-gorna-narozna-60-cm-stillo-bialy-claygrey-60x60-gn-90-45-stopni-1f\/","title":{"rendered":"Vir\u0161utin\u0117 kampin\u0117 spintel\u0117 60 cm Stillo balta\/pilka 60&#215;60 GN-90 45 laipsni\u0173 1F"},"content":{"rendered":"<h5><span style=\"color: #54859b\">Apsilankykite m\u016bs\u0173 virtualioje Stolarz-Lempert prek\u0117s \u017eenklo parduotuv\u0117je<\/span><\/h5>\n<p> <a href=\"http:\/\/spacer.lempert.pl\/\" target=\"_blank\" rel=\"noopener\"><span style=\"color: #e47025\">http:\/\/spacer.lempert.pl\/<\/span><\/a><\/p>\n<p>\u201eStillo\u201c virtuv\u0117 \u2013 tai klasikini\u0173 ir stiling\u0173 bald\u0173 komplektas, kuris tiks prie bet kokio interjero.<br \/>\nVirtuv\u0117je yra de\u0161imtys spinteli\u0173, i\u0161 kuri\u0173 galite susikurti savo komplekt\u0105.<br \/>\n\u012e rinkin\u012f \u012feina:<br \/>\nAuk\u0161tos kokyb\u0117s MDF fasadai<br \/>\nLaminuot\u0173 plok\u0161\u010di\u0173 korpusai<br \/>\nFasadai su \u0161velnaus u\u017edarymo sistema<br \/>\n\u201ePremium Box\u201c stal\u010diai su \u0161velnaus u\u017edarymo sistema<br \/>\nErdvios spintel\u0117s<br \/>\nSpintel\u0117s, sumontuotos ant korpus\u0173 be koj\u0173<br \/>\nMatin\u0117s baltos spalvos cokolin\u0117s dalys yra komplekte<br \/>\nAuk\u0161ti postai<br \/>\n2,8 cm arba 3,8 cm storio stalvir\u0161iai, pagaminti naudojant pokalimo technologij\u0105, su ergonomi\u0161kai u\u017eapvalinta priekine dalimi (neb\u016btina)<br \/>\nVirtuv\u0117s specifikacijos:<br \/>\nPriekin\u0117s dalys: 16 mm molio pilkumo MDF su frezavimo angomis \u2013 1 mm ABS apvadas (pilkas su sm\u0117lio spalvos atspalviu)<br \/>\nRankenos: 96\u20132342 metalin\u0117s<br \/>\nKorpusas: 16 mm laminuota plok\u0161t\u0117, matin\u0117 balta \u2013 melamino apvadai<br \/>\n60 cm Stillo balta\/molio pilka vir\u0161utin\u0117 kampin\u0117 spintel\u0117 60\u00d760 GN-90 45 laipsni\u0173 1F \u2013 su lentynomis. Universali spintel\u0117, montuojama de\u0161in\u0117je arba kair\u0117je pus\u0117je.<\/p>","protected":false},"excerpt":{"rendered":"<p>Priekin\u0117s plok\u0161t\u0117s tipas: laminuota MDF\/MDF\/lakuota MDF<br \/>\nVirtuv\u0117s spalva: matin\u0117 pilka su sm\u0117lio spalvos atspalviu<br \/>\nVirtuv\u0117s stilius: klasikinis, stilingas<br \/>\nPriekin\u0117s plok\u0161t\u0117s tipas: laminuota MDF\/MDF\/lakuota MDF<\/p>","protected":false},"featured_media":317391,"comment_status":"open","ping_status":"open","template":"","meta":[],"product_brand":[],"product_cat":[9234,9118],"product_tag":[],"class_list":{"0":"post-317390","1":"product","2":"type-product","3":"status-publish","4":"has-post-thumbnail","6":"product_cat-stolarz-lempert","7":"product_cat-kitchen-cabinets","9":"first","10":"instock","11":"purchasable","12":"product-type-simple"},"_links":{"self":[{"href":"https:\/\/baldumarket.lt\/lt\/wp-json\/wp\/v2\/product\/317390","targetHints":{"allow":["GET"]}}],"collection":[{"href":"https:\/\/baldumarket.lt\/lt\/wp-json\/wp\/v2\/product"}],"about":[{"href":"https:\/\/baldumarket.lt\/lt\/wp-json\/wp\/v2\/types\/product"}],"replies":[{"embeddable":true,"href":"https:\/\/baldumarket.lt\/lt\/wp-json\/wp\/v2\/comments?post=317390"}],"wp:featuredmedia":[{"embeddable":true,"href":"https:\/\/baldumarket.lt\/lt\/wp-json\/wp\/v2\/media\/317391"}],"wp:attachment":[{"href":"https:\/\/baldumarket.lt\/lt\/wp-json\/wp\/v2\/media?parent=317390"}],"wp:term":[{"taxonomy":"product_brand","embeddable":true,"href":"https:\/\/baldumarket.lt\/lt\/wp-json\/wp\/v2\/product_brand?post=317390"},{"taxonomy":"product_cat","embeddable":true,"href":"https:\/\/baldumarket.lt\/lt\/wp-json\/wp\/v2\/product_cat?post=317390"},{"taxonomy":"product_tag","embeddable":true,"href":"https:\/\/baldumarket.lt\/lt\/wp-json\/wp\/v2\/product_tag?post=317390"}],"curies":[{"name":"wp","href":"https:\/\/api.w.org\/{rel}","templated":true}]}}