{"id":31738,"date":"2025-11-14T21:41:02","date_gmt":"2025-11-14T18:41:02","guid":{"rendered":"https:\/\/baldumarket.lt\/product\/detmer-17x100x14cm-sufitowa-5-czarny-zloty\/"},"modified":"2026-04-07T01:32:10","modified_gmt":"2026-04-06T22:32:10","slug":"detmer-17x100x14cm-sufitowa-5-czarny-zloty","status":"publish","type":"product","link":"https:\/\/baldumarket.lt\/lt\/product\/detmer-17x100x14cm-sufitowa-5-czarny-zloty\/","title":{"rendered":"Detmer, 17x100x14cm Lubos 5 juodos\/auksin\u0117s spalvos"},"content":{"rendered":"<p>\u201eDetmer\u201c lubinis \u0161viestuvas yra i\u0161skirtinis stiliaus akcentas ir modernus dizainas. D\u0117l puiki\u0173 matmen\u0173 jis tinka \u012fvairioms erdv\u0117ms. Pagaminti i\u0161 auk\u0161tos kokyb\u0117s plieno, tiek \u0161viestuvo gaubtas, tiek pagrindas yra tvirti ir patvar\u016bs. \u201eDetmer\u201c \u0161viestuvas turi 5 \u0161viesos ta\u0161kus, u\u017etikrinan\u010dius gaus\u0173 ap\u0161vietim\u0105 kambaryje. E27 lizdas leid\u017eia lengvai \u012fmontuoti \u012fvairi\u0173 tip\u0173 lemputes, tod\u0117l galite reguliuoti \u0161viesos intensyvum\u0105 pagal savo pageidavimus.<\/p>","protected":false},"excerpt":{"rendered":"<p>\u201eDetmer\u201c lubinis \u0161viestuvas yra i\u0161skirtinis stiliaus akcentas ir modernus dizainas. D\u0117l puiki\u0173 matmen\u0173 jis tinka \u012fvairioms erdv\u0117ms. Pagaminti i\u0161 auk\u0161tos kokyb\u0117s plieno, tiek \u0161viestuvo gaubtas, tiek pagrindas yra tvirti ir patvar\u016bs. \u201eDetmer\u201c \u0161viestuvas turi 5 \u0161viesos ta\u0161kus, u\u017etikrinan\u010dius pakankam\u0105 ap\u0161vietim\u0105 kambaryje. E27 lizdas leid\u017eia lengvai [\u2026]<\/p>","protected":false},"featured_media":31739,"comment_status":"open","ping_status":"open","template":"","meta":[],"product_brand":[],"product_cat":[2012,1231],"product_tag":[],"class_list":{"0":"post-31738","1":"product","2":"type-product","3":"status-publish","4":"has-post-thumbnail","6":"product_cat-eltap","7":"product_cat-lamps","9":"first","10":"instock","11":"purchasable","12":"product-type-simple"},"_links":{"self":[{"href":"https:\/\/baldumarket.lt\/lt\/wp-json\/wp\/v2\/product\/31738","targetHints":{"allow":["GET"]}}],"collection":[{"href":"https:\/\/baldumarket.lt\/lt\/wp-json\/wp\/v2\/product"}],"about":[{"href":"https:\/\/baldumarket.lt\/lt\/wp-json\/wp\/v2\/types\/product"}],"replies":[{"embeddable":true,"href":"https:\/\/baldumarket.lt\/lt\/wp-json\/wp\/v2\/comments?post=31738"}],"wp:featuredmedia":[{"embeddable":true,"href":"https:\/\/baldumarket.lt\/lt\/wp-json\/wp\/v2\/media\/31739"}],"wp:attachment":[{"href":"https:\/\/baldumarket.lt\/lt\/wp-json\/wp\/v2\/media?parent=31738"}],"wp:term":[{"taxonomy":"product_brand","embeddable":true,"href":"https:\/\/baldumarket.lt\/lt\/wp-json\/wp\/v2\/product_brand?post=31738"},{"taxonomy":"product_cat","embeddable":true,"href":"https:\/\/baldumarket.lt\/lt\/wp-json\/wp\/v2\/product_cat?post=31738"},{"taxonomy":"product_tag","embeddable":true,"href":"https:\/\/baldumarket.lt\/lt\/wp-json\/wp\/v2\/product_tag?post=31738"}],"curies":[{"name":"wp","href":"https:\/\/api.w.org\/{rel}","templated":true}]}}