{"id":31726,"date":"2025-11-14T21:40:37","date_gmt":"2025-11-14T18:40:37","guid":{"rendered":"https:\/\/baldumarket.lt\/product\/detmer-17x17x110cm-wiszaca-1-czarny-zloty\/"},"modified":"2026-03-24T18:16:35","modified_gmt":"2026-03-24T15:16:35","slug":"detmer-17x17x110cm-wiszaca-1-czarny-zloty","status":"publish","type":"product","link":"https:\/\/baldumarket.lt\/lt\/product\/detmer-17x17x110cm-wiszaca-1-czarny-zloty\/","title":{"rendered":"Detmer, 17x17x110cm Pakabinamas 1 juodas\/auksinis"},"content":{"rendered":"<p>Pakabinamas \u0161viestuvas \u201eDetmer\u201c \u2013 tai modernus \u0161viestuvas, skirtas \u012fvairiems interjerams. Jis pasi\u017eymi stilingu dizainu ir auk\u0161tos kokyb\u0117s med\u017eiagomis. D\u0117l kompakti\u0161ko dyd\u017eio puikiai tinka svetain\u0117ms, miegamiesiems ir biurams. Jis skleid\u017eia ry\u0161k\u0173 ir malon\u0173 ap\u0161vietim\u0105, sukurdamas jauki\u0105 atmosfer\u0105. Paprastas montavimas ir intuityvus naudojimas paver\u010dia j\u012f prakti\u0161ku ir esteti\u0161ku bet kurio kambario papildymu.<\/p>","protected":false},"excerpt":{"rendered":"<p>Pakabinamas \u0161viestuvas \u201eDetmer\u201c \u2013 tai modernus \u0161viestuvas, skirtas \u012fvairiems interjerams. Jis pasi\u017eymi stilingu dizainu ir auk\u0161tos kokyb\u0117s med\u017eiagomis. D\u0117l kompakti\u0161ko dyd\u017eio puikiai tinka svetain\u0117ms, miegamiesiems ir biurams. Jis skleid\u017eia ry\u0161k\u0173 ir malon\u0173 ap\u0161vietim\u0105, sukurdamas jauki\u0105 atmosfer\u0105. Lengvas montavimas ir intuityvus naudojimas daro j\u012f prakti\u0161ku [\u2026]<\/p>","protected":false},"featured_media":31727,"comment_status":"open","ping_status":"open","template":"","meta":[],"product_brand":[],"product_cat":[2012,1231],"product_tag":[],"class_list":{"0":"post-31726","1":"product","2":"type-product","3":"status-publish","4":"has-post-thumbnail","6":"product_cat-eltap","7":"product_cat-lamps","9":"first","10":"instock","11":"purchasable","12":"product-type-simple"},"_links":{"self":[{"href":"https:\/\/baldumarket.lt\/lt\/wp-json\/wp\/v2\/product\/31726","targetHints":{"allow":["GET"]}}],"collection":[{"href":"https:\/\/baldumarket.lt\/lt\/wp-json\/wp\/v2\/product"}],"about":[{"href":"https:\/\/baldumarket.lt\/lt\/wp-json\/wp\/v2\/types\/product"}],"replies":[{"embeddable":true,"href":"https:\/\/baldumarket.lt\/lt\/wp-json\/wp\/v2\/comments?post=31726"}],"wp:featuredmedia":[{"embeddable":true,"href":"https:\/\/baldumarket.lt\/lt\/wp-json\/wp\/v2\/media\/31727"}],"wp:attachment":[{"href":"https:\/\/baldumarket.lt\/lt\/wp-json\/wp\/v2\/media?parent=31726"}],"wp:term":[{"taxonomy":"product_brand","embeddable":true,"href":"https:\/\/baldumarket.lt\/lt\/wp-json\/wp\/v2\/product_brand?post=31726"},{"taxonomy":"product_cat","embeddable":true,"href":"https:\/\/baldumarket.lt\/lt\/wp-json\/wp\/v2\/product_cat?post=31726"},{"taxonomy":"product_tag","embeddable":true,"href":"https:\/\/baldumarket.lt\/lt\/wp-json\/wp\/v2\/product_tag?post=31726"}],"curies":[{"name":"wp","href":"https:\/\/api.w.org\/{rel}","templated":true}]}}