{"id":31714,"date":"2025-11-14T21:40:08","date_gmt":"2025-11-14T18:40:08","guid":{"rendered":"https:\/\/baldumarket.lt\/product\/detmer-66x66x29cm-zyrandol-3-czarny-zloty\/"},"modified":"2026-03-24T18:16:44","modified_gmt":"2026-03-24T15:16:44","slug":"detmer-66x66x29cm-zyrandol-3-czarny-zloty","status":"publish","type":"product","link":"https:\/\/baldumarket.lt\/lt\/product\/detmer-66x66x29cm-zyrandol-3-czarny-zloty\/","title":{"rendered":"Detmer, 66x66x29cm sietynas 3 juodas\/auksinis"},"content":{"rendered":"<p>\u201eDetmer\u201c sietynas \u2013 stilingas j\u016bs\u0173 interjero papildymas. Juodas i\u0161orinis gaubtas sukuria modern\u0173 vaizd\u0105, o auksinis gaubto vidus \u2013 elegancijos. Galima naudoti iki 15 W lemputes, kurios u\u017etikrina pakankam\u0105 ap\u0161vietim\u0105 ir taupo energij\u0105. \u0160viestuvas, kurio apsaugos klas\u0117 yra IP20, tinka naudoti patalpose, ta\u010diau nerekomenduojamas didel\u0117s dr\u0117gm\u0117s patalpose. Tiek gaubtas, tiek pagrindas pagaminti i\u0161 plieno, tod\u0117l yra patvar\u016bs. \u0160viestuvas turi standartin\u012f E27 lizd\u0105, tod\u0117l jame galima naudoti \u012fvairias lemputes. \u201eDetmer\u201c sietynas \u2013 puikus pasirinkimas tiems, kurie nori savo interjerui suteikti elegancijos ir modernumo.<\/p>","protected":false},"excerpt":{"rendered":"<p>\u201eDetmer\u201c sietynas \u2013 stilingas j\u016bs\u0173 interjero papildymas. Juoda i\u0161or\u0117 suteikia modernumo, o gaubto vidus \u2013 auksinio atspalvio, suteikian\u010dio elegancijos. Galima naudoti iki 15 W lemputes, kurios u\u017etikrina pakankam\u0105 ap\u0161vietim\u0105 ir taupo energij\u0105. \u0160viestuvas, kurio apsaugos klas\u0117 yra IP20, tinka naudoti patalpose, [\u2026]<\/p>","protected":false},"featured_media":31715,"comment_status":"open","ping_status":"open","template":"","meta":[],"product_brand":[],"product_cat":[2012,1231],"product_tag":[],"class_list":{"0":"post-31714","1":"product","2":"type-product","3":"status-publish","4":"has-post-thumbnail","6":"product_cat-eltap","7":"product_cat-lamps","9":"first","10":"instock","11":"purchasable","12":"product-type-simple"},"_links":{"self":[{"href":"https:\/\/baldumarket.lt\/lt\/wp-json\/wp\/v2\/product\/31714","targetHints":{"allow":["GET"]}}],"collection":[{"href":"https:\/\/baldumarket.lt\/lt\/wp-json\/wp\/v2\/product"}],"about":[{"href":"https:\/\/baldumarket.lt\/lt\/wp-json\/wp\/v2\/types\/product"}],"replies":[{"embeddable":true,"href":"https:\/\/baldumarket.lt\/lt\/wp-json\/wp\/v2\/comments?post=31714"}],"wp:featuredmedia":[{"embeddable":true,"href":"https:\/\/baldumarket.lt\/lt\/wp-json\/wp\/v2\/media\/31715"}],"wp:attachment":[{"href":"https:\/\/baldumarket.lt\/lt\/wp-json\/wp\/v2\/media?parent=31714"}],"wp:term":[{"taxonomy":"product_brand","embeddable":true,"href":"https:\/\/baldumarket.lt\/lt\/wp-json\/wp\/v2\/product_brand?post=31714"},{"taxonomy":"product_cat","embeddable":true,"href":"https:\/\/baldumarket.lt\/lt\/wp-json\/wp\/v2\/product_cat?post=31714"},{"taxonomy":"product_tag","embeddable":true,"href":"https:\/\/baldumarket.lt\/lt\/wp-json\/wp\/v2\/product_tag?post=31714"}],"curies":[{"name":"wp","href":"https:\/\/api.w.org\/{rel}","templated":true}]}}