{"id":31667,"date":"2025-11-14T21:37:21","date_gmt":"2025-11-14T18:37:21","guid":{"rendered":"https:\/\/baldumarket.lt\/product\/vespillo-18x26x38cm-kinkiet-2a-bialy\/"},"modified":"2026-03-24T18:16:52","modified_gmt":"2026-03-24T15:16:52","slug":"vespillo-18x26x38cm-kinkiet-2a-bialy","status":"publish","type":"product","link":"https:\/\/baldumarket.lt\/lt\/product\/vespillo-18x26x38cm-kinkiet-2a-bialy\/","title":{"rendered":"Vespillo, 18x26x38cm Sieninis \u0161viestuvas 2A baltas"},"content":{"rendered":"<p>\u201eVespillo\u201c sieninis \u0161viestuvas yra stilingas ir funkcionalus. Jis pasi\u017eymi maksimalia 15 W \u0161viesos galia, u\u017etikrinan\u010dia malon\u0173 ir subtil\u0173 vidaus ap\u0161vietim\u0105. IP20 apsaugos klas\u0117 rei\u0161kia, kad \u0161viestuvas yra apsaugotas nuo 12,5 mm ar didesnio skersmens kiet\u0173 objekt\u0173, bet ne nuo dr\u0117gm\u0117s. D\u0117l to \u201eVespillo\u201c \u0161viestuvas idealiai tinka naudoti sausose patalpose, tokiose kaip svetain\u0117s, miegamieji ar koridoriai.<\/p>","protected":false},"excerpt":{"rendered":"<p>\u201eVespillo\u201c sieninis \u0161viestuvas yra stilingas ir funkcionalus. Jis pasi\u017eymi maksimalia 15 W \u0161viesos galia, u\u017etikrinan\u010dia malon\u0173 ir subtil\u0173 vidaus ap\u0161vietim\u0105. IP20 apsaugos klas\u0117 rei\u0161kia, kad \u0161viestuvas yra apsaugotas nuo 12,5 mm ar didesnio skersmens kiet\u0173 objekt\u0173, bet ne nuo dr\u0117gm\u0117s. D\u0117l to \u201eVespillo\u201c \u0161viestuvas idealiai tinka naudoti patalpose [\u2026]<\/p>","protected":false},"featured_media":31668,"comment_status":"open","ping_status":"open","template":"","meta":[],"product_brand":[],"product_cat":[2012,1231],"product_tag":[],"class_list":{"0":"post-31667","1":"product","2":"type-product","3":"status-publish","4":"has-post-thumbnail","6":"product_cat-eltap","7":"product_cat-lamps","9":"first","10":"instock","11":"purchasable","12":"product-type-simple"},"_links":{"self":[{"href":"https:\/\/baldumarket.lt\/lt\/wp-json\/wp\/v2\/product\/31667","targetHints":{"allow":["GET"]}}],"collection":[{"href":"https:\/\/baldumarket.lt\/lt\/wp-json\/wp\/v2\/product"}],"about":[{"href":"https:\/\/baldumarket.lt\/lt\/wp-json\/wp\/v2\/types\/product"}],"replies":[{"embeddable":true,"href":"https:\/\/baldumarket.lt\/lt\/wp-json\/wp\/v2\/comments?post=31667"}],"wp:featuredmedia":[{"embeddable":true,"href":"https:\/\/baldumarket.lt\/lt\/wp-json\/wp\/v2\/media\/31668"}],"wp:attachment":[{"href":"https:\/\/baldumarket.lt\/lt\/wp-json\/wp\/v2\/media?parent=31667"}],"wp:term":[{"taxonomy":"product_brand","embeddable":true,"href":"https:\/\/baldumarket.lt\/lt\/wp-json\/wp\/v2\/product_brand?post=31667"},{"taxonomy":"product_cat","embeddable":true,"href":"https:\/\/baldumarket.lt\/lt\/wp-json\/wp\/v2\/product_cat?post=31667"},{"taxonomy":"product_tag","embeddable":true,"href":"https:\/\/baldumarket.lt\/lt\/wp-json\/wp\/v2\/product_tag?post=31667"}],"curies":[{"name":"wp","href":"https:\/\/api.w.org\/{rel}","templated":true}]}}