{"id":316594,"date":"2026-01-16T08:56:26","date_gmt":"2026-01-16T05:56:26","guid":{"rendered":"https:\/\/baldumarket.lt\/product\/szafka-gorna-45-cm-stillo-bialy-dustgrey-45-g-72-1f\/"},"modified":"2026-01-17T01:37:51","modified_gmt":"2026-01-16T22:37:51","slug":"szafka-gorna-45-cm-stillo-bialy-dustgrey-45-g-72-1f","status":"publish","type":"product","link":"https:\/\/baldumarket.lt\/lt\/produktas\/szafka-gorna-45-cm-stillo-bialy-dustgrey-45-g-72-1f\/","title":{"rendered":"Szafka g\u00f3rna 45 cm Stillo bia\u0142y\/dustgrey 45 G-72 1F"},"content":{"rendered":"<p>The Stillo kitchen is a set of classic and stylish furniture that will fit into any interior.<br \/>\nVirtuv\u0117je yra de\u0161imtys spinteli\u0173, i\u0161 kuri\u0173 galite susikurti savo komplekt\u0105.<br \/>\n\u012e rinkin\u012f \u012feina:<br \/>\nauk\u0161tos kokyb\u0117s MDF fasadai<br \/>\nlaminuot\u0173 plok\u0161\u010di\u0173 korpusai<br \/>\n\u0161velniai u\u017esidaran\u010dios fasadin\u0117s dalys<br \/>\n\u201ePremium Box\u201c stal\u010diai su \u0161velniu u\u017edarymu<br \/>\nerdvios spintel\u0117s<br \/>\nspintel\u0117s, sumontuotos ant korpus\u0173 be koj\u0173<br \/>\nmatte white plinths included<br \/>\nauk\u0161ti statrams\u010diai<br \/>\n2,8 cm arba 3,8 cm storio stalvir\u0161iai, pagaminti naudojant pokalimo technologij\u0105, su ergonomi\u0161kai i\u0161lenktu priekiu (neb\u016btina)<br \/>\nVirtuv\u0117s specifikacijos:<br \/>\nFronts: 16mm MDF, dust grey with a milling cut &#8211; 1mm ABS edge (&#8220;dirty&#8221; grey)<br \/>\nHandles: 96 &#8211; 2342 metal<br \/>\nBodies: 16mm laminated board, matt white &#8211; melamine edge<br \/>\n45 cm Stillo white\/dust grey 45 G-72 1F upper cabinet &#8211; with a shelf.<\/p>","protected":false},"excerpt":{"rendered":"<p>Front Type: Laminated Board\/MDF\/Lacquered MDF<br \/>\nKitchen Color: Dirty Gray<br \/>\nKitchen Style: Classic, Stylish<br \/>\nFront Type: Laminated Board\/MDF\/Lacquered MDF<\/p>","protected":false},"featured_media":316595,"comment_status":"open","ping_status":"open","template":"","meta":[],"product_brand":[],"product_cat":[9234,9118],"product_tag":[],"class_list":{"0":"post-316594","1":"product","2":"type-product","3":"status-publish","4":"has-post-thumbnail","6":"product_cat-stolarz-lempert","7":"product_cat-kitchen-cabinets","9":"first","10":"instock","11":"purchasable","12":"product-type-simple"},"_links":{"self":[{"href":"https:\/\/baldumarket.lt\/lt\/wp-json\/wp\/v2\/product\/316594","targetHints":{"allow":["GET"]}}],"collection":[{"href":"https:\/\/baldumarket.lt\/lt\/wp-json\/wp\/v2\/product"}],"about":[{"href":"https:\/\/baldumarket.lt\/lt\/wp-json\/wp\/v2\/types\/product"}],"replies":[{"embeddable":true,"href":"https:\/\/baldumarket.lt\/lt\/wp-json\/wp\/v2\/comments?post=316594"}],"wp:featuredmedia":[{"embeddable":true,"href":"https:\/\/baldumarket.lt\/lt\/wp-json\/wp\/v2\/media\/316595"}],"wp:attachment":[{"href":"https:\/\/baldumarket.lt\/lt\/wp-json\/wp\/v2\/media?parent=316594"}],"wp:term":[{"taxonomy":"product_brand","embeddable":true,"href":"https:\/\/baldumarket.lt\/lt\/wp-json\/wp\/v2\/product_brand?post=316594"},{"taxonomy":"product_cat","embeddable":true,"href":"https:\/\/baldumarket.lt\/lt\/wp-json\/wp\/v2\/product_cat?post=316594"},{"taxonomy":"product_tag","embeddable":true,"href":"https:\/\/baldumarket.lt\/lt\/wp-json\/wp\/v2\/product_tag?post=316594"}],"curies":[{"name":"wp","href":"https:\/\/api.w.org\/{rel}","templated":true}]}}