{"id":31611,"date":"2025-11-14T21:34:35","date_gmt":"2025-11-14T18:34:35","guid":{"rendered":"https:\/\/baldumarket.lt\/product\/vespillo-20x20x33cm-nocna-1a-bialy\/"},"modified":"2026-03-24T18:17:00","modified_gmt":"2026-03-24T15:17:00","slug":"vespillo-20x20x33cm-nocna-1a-bialy","status":"publish","type":"product","link":"https:\/\/baldumarket.lt\/lt\/product\/vespillo-20x20x33cm-nocna-1a-bialy\/","title":{"rendered":"Vespillo, 20x20x33cm naktinis staliukas 1A baltas"},"content":{"rendered":"<p>\u201eVespillo\u201c naktin\u0117 lempa puikiai tinka miegamiesiems, svetain\u0117ms ar biurams, nes joje dera funkcionalumas ir estetika. Lempa turi vien\u0105 \u0161viesos \u0161altin\u012f, leid\u017eiant\u012f nukreipti \u0161vies\u0105 \u012f konkre\u010di\u0105 viet\u0105. Galima naudoti lemputes, kuri\u0173 maksimali galia yra 15 W, u\u017etikrinant pakankam\u0105 ap\u0161vietim\u0105 ir taupant energij\u0105. D\u0117l IP20 apsaugos klas\u0117s lempa tinka naudoti patalpose, ta\u010diau nerekomenduojama naudoti didel\u0117s dr\u0117gm\u0117s vietose. Naktin\u0117 lempa turi PVC audinio gaubt\u0105, suteikiant\u012f jai eleganti\u0161k\u0105 i\u0161vaizd\u0105 ir subtiliai i\u0161sklaidan\u010di\u0105 \u0161vies\u0105, bei tvirt\u0105 plienin\u012f pagrind\u0105, u\u017etikrinant\u012f patvarum\u0105 ir stabilum\u0105.<\/p>","protected":false},"excerpt":{"rendered":"<p>\u201eVespillo\u201c naktin\u0117 lempa puikiai tinka miegamiesiems, svetain\u0117ms ar biurams, nes joje dera funkcionalumas ir estetika. Lempa turi vien\u0105 \u0161viesos \u0161altin\u012f, leid\u017eiant\u012f nukreipti \u0161vies\u0105 \u012f konkre\u010di\u0105 viet\u0105. Galima naudoti lemputes, kuri\u0173 maksimali galia yra 15 W, u\u017etikrinan\u010dias pakankam\u0105 ap\u0161vietim\u0105 ir taupan\u010dias energij\u0105. D\u0117l IP20 apsaugos klas\u0117s ji tinka [\u2026]<\/p>","protected":false},"featured_media":31612,"comment_status":"open","ping_status":"open","template":"","meta":[],"product_brand":[],"product_cat":[2012,1231],"product_tag":[],"class_list":{"0":"post-31611","1":"product","2":"type-product","3":"status-publish","4":"has-post-thumbnail","6":"product_cat-eltap","7":"product_cat-lamps","9":"first","10":"instock","11":"purchasable","12":"product-type-simple"},"_links":{"self":[{"href":"https:\/\/baldumarket.lt\/lt\/wp-json\/wp\/v2\/product\/31611","targetHints":{"allow":["GET"]}}],"collection":[{"href":"https:\/\/baldumarket.lt\/lt\/wp-json\/wp\/v2\/product"}],"about":[{"href":"https:\/\/baldumarket.lt\/lt\/wp-json\/wp\/v2\/types\/product"}],"replies":[{"embeddable":true,"href":"https:\/\/baldumarket.lt\/lt\/wp-json\/wp\/v2\/comments?post=31611"}],"wp:featuredmedia":[{"embeddable":true,"href":"https:\/\/baldumarket.lt\/lt\/wp-json\/wp\/v2\/media\/31612"}],"wp:attachment":[{"href":"https:\/\/baldumarket.lt\/lt\/wp-json\/wp\/v2\/media?parent=31611"}],"wp:term":[{"taxonomy":"product_brand","embeddable":true,"href":"https:\/\/baldumarket.lt\/lt\/wp-json\/wp\/v2\/product_brand?post=31611"},{"taxonomy":"product_cat","embeddable":true,"href":"https:\/\/baldumarket.lt\/lt\/wp-json\/wp\/v2\/product_cat?post=31611"},{"taxonomy":"product_tag","embeddable":true,"href":"https:\/\/baldumarket.lt\/lt\/wp-json\/wp\/v2\/product_tag?post=31611"}],"curies":[{"name":"wp","href":"https:\/\/api.w.org\/{rel}","templated":true}]}}