{"id":31601,"date":"2025-11-14T21:34:06","date_gmt":"2025-11-14T18:34:06","guid":{"rendered":"https:\/\/baldumarket.lt\/product\/vespillo-40x70x151cm-stojaca-1b-bialy\/"},"modified":"2026-03-24T18:17:00","modified_gmt":"2026-03-24T15:17:00","slug":"vespillo-40x70x151cm-stojaca-1b-bialy","status":"publish","type":"product","link":"https:\/\/baldumarket.lt\/lt\/product\/vespillo-40x70x151cm-stojaca-1b-bialy\/","title":{"rendered":"Vespillo, 40x70x151cm, stovima 1B, balta"},"content":{"rendered":"<p>\u201eVespillo\u201c tor\u0161eras \u2013 eleganti\u0161kas ir funkcionalus ap\u0161vietimo variantas, puikiai tinkantis \u012fvairiems interjerams. Tur\u0117damas maksimal\u0173 15 W \u0161viesos \u0161altin\u012f, jis skleid\u017eia malon\u0173, be akinimo ap\u0161vietim\u0105. \u0160viestuvo gaubtas pagamintas i\u0161 PVC audinio, tod\u0117l atrodo moderniai ir stilingai, \u0161velniai skleid\u017eia \u0161vies\u0105 ir sukuria jauki\u0105 atmosfer\u0105. \u0160viestuvo pagrindas tvirtas i\u0161 plieno, u\u017etikrinantis patvarum\u0105 ir stabilum\u0105. \u0160viestuvas turi E27 lizd\u0105, tod\u0117l j\u012f lengva pritaikyti \u012fvairioms lemput\u0117ms.<\/p>","protected":false},"excerpt":{"rendered":"<p>\u201eVespillo\u201c tor\u0161eras yra eleganti\u0161kas ir funkcionalus ap\u0161vietimo variantas, puikiai tinkantis \u012fvairiems interjerams. Tur\u0117damas maksimal\u0173 15 W \u0161viesos \u0161altin\u012f, jis skleid\u017eia malon\u0173, be akinimo ap\u0161vietim\u0105. \u0160viestuvo gaubtas pagamintas i\u0161 PVC audinio, tod\u0117l atrodo moderniai ir stilingai, \u0161velniai skleid\u017eia \u0161vies\u0105 ir sukuria jauki\u0105 atmosfer\u0105. \u0160viestuvo pagrindas yra [\u2026]<\/p>","protected":false},"featured_media":31602,"comment_status":"open","ping_status":"open","template":"","meta":[],"product_brand":[],"product_cat":[2012,1231],"product_tag":[],"class_list":{"0":"post-31601","1":"product","2":"type-product","3":"status-publish","4":"has-post-thumbnail","6":"product_cat-eltap","7":"product_cat-lamps","9":"first","10":"instock","11":"purchasable","12":"product-type-simple"},"_links":{"self":[{"href":"https:\/\/baldumarket.lt\/lt\/wp-json\/wp\/v2\/product\/31601","targetHints":{"allow":["GET"]}}],"collection":[{"href":"https:\/\/baldumarket.lt\/lt\/wp-json\/wp\/v2\/product"}],"about":[{"href":"https:\/\/baldumarket.lt\/lt\/wp-json\/wp\/v2\/types\/product"}],"replies":[{"embeddable":true,"href":"https:\/\/baldumarket.lt\/lt\/wp-json\/wp\/v2\/comments?post=31601"}],"wp:featuredmedia":[{"embeddable":true,"href":"https:\/\/baldumarket.lt\/lt\/wp-json\/wp\/v2\/media\/31602"}],"wp:attachment":[{"href":"https:\/\/baldumarket.lt\/lt\/wp-json\/wp\/v2\/media?parent=31601"}],"wp:term":[{"taxonomy":"product_brand","embeddable":true,"href":"https:\/\/baldumarket.lt\/lt\/wp-json\/wp\/v2\/product_brand?post=31601"},{"taxonomy":"product_cat","embeddable":true,"href":"https:\/\/baldumarket.lt\/lt\/wp-json\/wp\/v2\/product_cat?post=31601"},{"taxonomy":"product_tag","embeddable":true,"href":"https:\/\/baldumarket.lt\/lt\/wp-json\/wp\/v2\/product_tag?post=31601"}],"curies":[{"name":"wp","href":"https:\/\/api.w.org\/{rel}","templated":true}]}}