{"id":31537,"date":"2025-11-14T21:30:32","date_gmt":"2025-11-14T18:30:32","guid":{"rendered":"https:\/\/baldumarket.lt\/product\/vespillo-58x58x18cm-sufitowa-5-bialy\/"},"modified":"2026-04-07T01:31:54","modified_gmt":"2026-04-06T22:31:54","slug":"vespillo-58x58x18cm-sufitowa-5-bialy","status":"publish","type":"product","link":"https:\/\/baldumarket.lt\/lt\/product\/vespillo-58x58x18cm-sufitowa-5-bialy\/","title":{"rendered":"Vespillo, 58x58x18cm Lubos 5 balta"},"content":{"rendered":"<p>\u201eVespillo\u201c lubinis \u0161viestuvas \u2013 eleganti\u0161kas \u0161viestuvas, puikiai tinkantis moderniam interjerui. PVC audinio gaubtas ne tik suteikia stiliaus, bet ir skleid\u017eia \u0161velni\u0105 bei maloni\u0105 \u0161vies\u0105. Tvirtas plieninis pagrindas u\u017etikrina patvarum\u0105 ir stabilum\u0105. \u0160viestuvo maksimali \u0161viesos galia yra 15 W, o standartinis E27 lizdas leid\u017eia lengvai \u012fmontuoti \u012fvairias lemputes \u2013 tiek tradicines, tiek energij\u0105 taupan\u010dias. Puikiai tinkantis svetain\u0117ms, miegamiesiems ar valgomiesiems, \u201eVespillo\u201c lubinis \u0161viestuvas derina funkcionalum\u0105 ir estetik\u0105, sukurdamas jauki\u0105 ir stiling\u0105 atmosfer\u0105 bet kuriame kambaryje.<\/p>","protected":false},"excerpt":{"rendered":"<p>\u201eVespillo\u201c lubinis \u0161viestuvas yra eleganti\u0161kas lubinis \u0161viestuvas, puikiai tinkantis moderniam interjerui. D\u0117l PVC audinio gaubto jis ne tik suteikia stiliaus, bet ir skleid\u017eia \u0161velni\u0105 bei maloni\u0105 \u0161vies\u0105. Tvirtas plieninis pagrindas u\u017etikrina patvarum\u0105 ir stabilum\u0105. \u0160viestuvo maksimali \u0161viesos galia yra 15 W, o jo [\u2026]<\/p>","protected":false},"featured_media":31538,"comment_status":"open","ping_status":"open","template":"","meta":[],"product_brand":[],"product_cat":[2012,1231],"product_tag":[],"class_list":{"0":"post-31537","1":"product","2":"type-product","3":"status-publish","4":"has-post-thumbnail","6":"product_cat-eltap","7":"product_cat-lamps","9":"first","10":"instock","11":"purchasable","12":"product-type-simple"},"_links":{"self":[{"href":"https:\/\/baldumarket.lt\/lt\/wp-json\/wp\/v2\/product\/31537","targetHints":{"allow":["GET"]}}],"collection":[{"href":"https:\/\/baldumarket.lt\/lt\/wp-json\/wp\/v2\/product"}],"about":[{"href":"https:\/\/baldumarket.lt\/lt\/wp-json\/wp\/v2\/types\/product"}],"replies":[{"embeddable":true,"href":"https:\/\/baldumarket.lt\/lt\/wp-json\/wp\/v2\/comments?post=31537"}],"wp:featuredmedia":[{"embeddable":true,"href":"https:\/\/baldumarket.lt\/lt\/wp-json\/wp\/v2\/media\/31538"}],"wp:attachment":[{"href":"https:\/\/baldumarket.lt\/lt\/wp-json\/wp\/v2\/media?parent=31537"}],"wp:term":[{"taxonomy":"product_brand","embeddable":true,"href":"https:\/\/baldumarket.lt\/lt\/wp-json\/wp\/v2\/product_brand?post=31537"},{"taxonomy":"product_cat","embeddable":true,"href":"https:\/\/baldumarket.lt\/lt\/wp-json\/wp\/v2\/product_cat?post=31537"},{"taxonomy":"product_tag","embeddable":true,"href":"https:\/\/baldumarket.lt\/lt\/wp-json\/wp\/v2\/product_tag?post=31537"}],"curies":[{"name":"wp","href":"https:\/\/api.w.org\/{rel}","templated":true}]}}