{"id":31526,"date":"2025-11-14T21:29:54","date_gmt":"2025-11-14T18:29:54","guid":{"rendered":"https:\/\/baldumarket.lt\/product\/vespillo-58x58x115cm-wiszaca-5-zielony-zloty\/"},"modified":"2026-03-24T18:17:16","modified_gmt":"2026-03-24T15:17:16","slug":"vespillo-58x58x115cm-wiszaca-5-zielony-zloty","status":"publish","type":"product","link":"https:\/\/baldumarket.lt\/lt\/product\/vespillo-58x58x115cm-wiszaca-5-zielony-zloty\/","title":{"rendered":"Vespillo, 58x58x115cm Pakabinamos 5 \u017ealios\/auksin\u0117s spalvos"},"content":{"rendered":"<p>\u201eVespillo\u201c pakabinamas \u0161viestuvas yra stilingas ir funkcionalus \u0161viestuvas, puikiai tinkantis moderniam interjerui. Maksimali 15 W \u0161viesos galia u\u017etikrina pakankam\u0105 erdv\u0117s ap\u0161vietim\u0105 ir sukuria maloni\u0105 atmosfer\u0105. PVC audinio gaubtas suteikia \u0161viestuvui eleganti\u0161k\u0105 i\u0161vaizd\u0105 ir \u0161velniai i\u0161sklaido \u0161vies\u0105, sukurdamas \u0161ilt\u0105 atmosfer\u0105 kambaryje. Tvirtas plieninis pagrindas u\u017etikrina patvarum\u0105 ir stabilum\u0105, o \u0161viestuvas turi standartin\u012f E27 srieg\u012f, tod\u0117l j\u012f lengva pritaikyti \u012fvairi\u0173 tip\u0173 lemput\u0117ms \u2013 tiek tradicin\u0117ms, tiek energij\u0105 taupan\u010dioms. Puikiai tinkantis svetain\u0117ms, valgomiesiems, virtuv\u0117ms ar miegamiesiems, \u201eVespillo\u201c pakabinamas \u0161viestuvas derina estetik\u0105 ir funkcionalum\u0105, pary\u0161kindamas bet kokio interjero charakter\u012f.<\/p>","protected":false},"excerpt":{"rendered":"<p>Pakabinamas \u0161viestuvas \u201eVespillo\u201c \u2013 stilingas ir funkcionalus \u0161viestuvas, puikiai tinkantis moderniam interjerui. Maksimali 15 W \u0161viesos galia u\u017etikrina pakankam\u0105 erdv\u0117s ap\u0161vietim\u0105 ir sukuria maloni\u0105 atmosfer\u0105. PVC audinio gaubtas suteikia \u0161viestuvui eleganti\u0161k\u0105 i\u0161vaizd\u0105 ir \u0161velniai i\u0161sklaido \u0161vies\u0105, sukurdamas \u0161ilt\u0105 atmosfer\u0105 kambaryje. Tvirtas plienas [\u2026]<\/p>","protected":false},"featured_media":31527,"comment_status":"open","ping_status":"open","template":"","meta":[],"product_brand":[],"product_cat":[2012,1231],"product_tag":[],"class_list":{"0":"post-31526","1":"product","2":"type-product","3":"status-publish","4":"has-post-thumbnail","6":"product_cat-eltap","7":"product_cat-lamps","9":"first","10":"instock","11":"purchasable","12":"product-type-simple"},"_links":{"self":[{"href":"https:\/\/baldumarket.lt\/lt\/wp-json\/wp\/v2\/product\/31526","targetHints":{"allow":["GET"]}}],"collection":[{"href":"https:\/\/baldumarket.lt\/lt\/wp-json\/wp\/v2\/product"}],"about":[{"href":"https:\/\/baldumarket.lt\/lt\/wp-json\/wp\/v2\/types\/product"}],"replies":[{"embeddable":true,"href":"https:\/\/baldumarket.lt\/lt\/wp-json\/wp\/v2\/comments?post=31526"}],"wp:featuredmedia":[{"embeddable":true,"href":"https:\/\/baldumarket.lt\/lt\/wp-json\/wp\/v2\/media\/31527"}],"wp:attachment":[{"href":"https:\/\/baldumarket.lt\/lt\/wp-json\/wp\/v2\/media?parent=31526"}],"wp:term":[{"taxonomy":"product_brand","embeddable":true,"href":"https:\/\/baldumarket.lt\/lt\/wp-json\/wp\/v2\/product_brand?post=31526"},{"taxonomy":"product_cat","embeddable":true,"href":"https:\/\/baldumarket.lt\/lt\/wp-json\/wp\/v2\/product_cat?post=31526"},{"taxonomy":"product_tag","embeddable":true,"href":"https:\/\/baldumarket.lt\/lt\/wp-json\/wp\/v2\/product_tag?post=31526"}],"curies":[{"name":"wp","href":"https:\/\/api.w.org\/{rel}","templated":true}]}}