{"id":314971,"date":"2026-01-16T08:33:45","date_gmt":"2026-01-16T05:33:45","guid":{"rendered":"https:\/\/baldumarket.lt\/product\/zestaw-kuchenny-narozny-luna-artisan-claygrey-kuchnia-narozna-285-170-cm\/"},"modified":"2026-03-23T13:00:26","modified_gmt":"2026-03-23T10:00:26","slug":"zestaw-kuchenny-narozny-luna-artisan-claygrey-kuchnia-narozna-285-170-cm","status":"publish","type":"product","link":"https:\/\/baldumarket.lt\/lt\/product\/zestaw-kuchenny-narozny-luna-artisan-claygrey-kuchnia-narozna-285-170-cm\/","title":{"rendered":"Luna artisan\/molio pilkumo kampinis virtuv\u0117s komplektas, kampin\u0117 virtuv\u0117 285\/170 cm"},"content":{"rendered":"<h5><span style=\"color: #54859b\">Apsilankykite m\u016bs\u0173 virtualioje Stolarz-Lempert prek\u0117s \u017eenklo parduotuv\u0117je<\/span><\/h5>\n<p> <a href=\"http:\/\/spacer.lempert.pl\/\" target=\"_blank\" rel=\"noopener\"><span style=\"color: #e47025\">http:\/\/spacer.lempert.pl\/<\/span><\/a><\/p>\n<p>\u201eLuna\u201c virtuv\u0117 \u2013 tai klasikinio ir stilingo stiliaus bald\u0173 komplektas, kuris tiks prie bet kokio interjero.<br \/>\nVirtuv\u0117je yra de\u0161imtys spinteli\u0173, i\u0161 kuri\u0173 galite susikurti savo komplekt\u0105.<br \/>\n\u012e rinkin\u012f \u012feina:<br \/>\nAuk\u0161tos kokyb\u0117s MDF fasadai<br \/>\nLaminuot\u0173 plok\u0161\u010di\u0173 korpusai<br \/>\nFasadai su \u0161velnaus u\u017edarymo sistema<br \/>\n\u201ePremium Box\u201c stal\u010diai su \u0161velnaus u\u017edarymo sistema<br \/>\nErdvios spintel\u0117s<br \/>\nSpintel\u0117s, sumontuotos ant korpus\u0173 be koj\u0173<br \/>\n\u012e komplekt\u0105 \u012feina amatinink\u0173 \u0105\u017euolin\u0117s cokolin\u0117s grindys<br \/>\nAuk\u0161ti postai<br \/>\n2,8 cm arba 3,8 cm storio stalvir\u0161iai, pagaminti naudojant pokalimo technologij\u0105, su ergonomi\u0161kai u\u017eapvalinta priekine dalimi (neb\u016btina)<br \/>\nVirtuv\u0117s specifikacijos:<br \/>\nPriekin\u0117s dalys: 16 mm molio pilkumo MDF su frezavimu \u2013 1 mm ABS briauna (pilka su sm\u0117lio spalvos atspalviu)<br \/>\nRankenos: juodos<br \/>\nKorpusas: 16 mm laminuotas \u0105\u017euolas su melamino kra\u0161tais<br \/>\nKomplekt\u0105 sudaro spintel\u0117s be stalvir\u0161i\u0173:<br \/>\n60 cm orkait\u0117s stovas \u2013 60 DP-210 2F<br \/>\n40 cm \u2013 40 D 1F BB<br \/>\n80 cm stal\u010diai \u2013 80 D 3S BB<br \/>\n105\/60 cm kampas \u2013 105 ND 1F BB<br \/>\n60 cm indaplov\u0117 su priekiu atidaroma \u2013 ZM 570 \u00d7 596<br \/>\n50 cm kriaukl\u0117 \u2013 50 ZL 1F BB<br \/>\nvir\u0161uje<br \/>\n60 cm \u2013 60 G-72 1F<br \/>\n40 cm \u2013 40 G-72 1F \u2013 2 vnt.<\/p>","protected":false},"excerpt":{"rendered":"<p>Fasado tipas: Laminuota plok\u0161t\u0117 \/ MDF \/ Lakuota MDF<br \/>\nVirtuv\u0117s spalva: matin\u0117 pilka su sm\u0117lio atspalviu<br \/>\nVirtuv\u0117s stilius: klasikinis, stilingas<br \/>\nFasado tipas: Laminuota plok\u0161t\u0117 \/ MDF \/ Lakuota MDF<br \/>\nPlotis [cm]: 285-170<br \/>\nAuk\u0161tis [cm]: 71,5 (vir\u0161uje)<br \/>\nAuk\u0161tis be stalvir\u0161io [cm]: 82<\/p>","protected":false},"featured_media":314972,"comment_status":"open","ping_status":"open","template":"","meta":[],"product_brand":[],"product_cat":[9234,1932],"product_tag":[],"class_list":{"0":"post-314971","1":"product","2":"type-product","3":"status-publish","4":"has-post-thumbnail","6":"product_cat-stolarz-lempert","7":"product_cat-kitchen-sets","9":"first","10":"instock","11":"purchasable","12":"product-type-simple"},"_links":{"self":[{"href":"https:\/\/baldumarket.lt\/lt\/wp-json\/wp\/v2\/product\/314971","targetHints":{"allow":["GET"]}}],"collection":[{"href":"https:\/\/baldumarket.lt\/lt\/wp-json\/wp\/v2\/product"}],"about":[{"href":"https:\/\/baldumarket.lt\/lt\/wp-json\/wp\/v2\/types\/product"}],"replies":[{"embeddable":true,"href":"https:\/\/baldumarket.lt\/lt\/wp-json\/wp\/v2\/comments?post=314971"}],"wp:featuredmedia":[{"embeddable":true,"href":"https:\/\/baldumarket.lt\/lt\/wp-json\/wp\/v2\/media\/314972"}],"wp:attachment":[{"href":"https:\/\/baldumarket.lt\/lt\/wp-json\/wp\/v2\/media?parent=314971"}],"wp:term":[{"taxonomy":"product_brand","embeddable":true,"href":"https:\/\/baldumarket.lt\/lt\/wp-json\/wp\/v2\/product_brand?post=314971"},{"taxonomy":"product_cat","embeddable":true,"href":"https:\/\/baldumarket.lt\/lt\/wp-json\/wp\/v2\/product_cat?post=314971"},{"taxonomy":"product_tag","embeddable":true,"href":"https:\/\/baldumarket.lt\/lt\/wp-json\/wp\/v2\/product_tag?post=314971"}],"curies":[{"name":"wp","href":"https:\/\/api.w.org\/{rel}","templated":true}]}}