{"id":314651,"date":"2026-01-16T08:29:14","date_gmt":"2026-01-16T05:29:14","guid":{"rendered":"https:\/\/baldumarket.lt\/product\/szafka-dolna-15-cm-cargo-luna-artisan-claygrey-15-d-cargo-bb\/"},"modified":"2026-04-23T18:47:32","modified_gmt":"2026-04-23T15:47:32","slug":"szafka-dolna-15-cm-cargo-luna-artisan-claygrey-15-d-cargo-bb","status":"publish","type":"product","link":"https:\/\/baldumarket.lt\/lt\/product\/szafka-dolna-15-cm-cargo-luna-artisan-claygrey-15-d-cargo-bb\/","title":{"rendered":"Apatin\u0117 spintel\u0117 15 cm Cargo Luna artisan\/molio pilkumo 15 D CARGO BB"},"content":{"rendered":"<h5><span style=\"color: #54859b\">Apsilankykite m\u016bs\u0173 virtualioje Stolarz-Lempert prek\u0117s \u017eenklo parduotuv\u0117je<\/span><\/h5>\n<p> <a href=\"http:\/\/spacer.lempert.pl\/\" target=\"_blank\" rel=\"noopener\"><span style=\"color: #e47025\">http:\/\/spacer.lempert.pl\/<\/span><\/a><\/p>\n<p>\u201eLuna\u201c virtuv\u0117 \u2013 tai klasikinio ir stilingo stiliaus bald\u0173 komplektas, kuris tiks prie bet kokio interjero.<br \/>\nVirtuv\u0117je yra de\u0161imtys spinteli\u0173, i\u0161 kuri\u0173 galite susikurti savo komplekt\u0105.<br \/>\n\u012e rinkin\u012f \u012feina:<br \/>\nAuk\u0161tos kokyb\u0117s MDF fasadai<br \/>\nLaminuot\u0173 plok\u0161\u010di\u0173 korpusai<br \/>\nFasadai su \u0161velnaus u\u017edarymo sistema<br \/>\n\u201ePremium Box\u201c stal\u010diai su \u0161velnaus u\u017edarymo sistema<br \/>\nErdvios spintel\u0117s<br \/>\nSpintel\u0117s, sumontuotos ant korpus\u0173 be koj\u0173<br \/>\n\u012e komplekt\u0105 \u012feina amatinink\u0173 \u0105\u017euolin\u0117s cokolin\u0117s grindys<br \/>\nAuk\u0161ti postai<br \/>\n2,8 cm arba 3,8 cm storio stalvir\u0161iai, pagaminti naudojant pokalimo technologij\u0105, su ergonomi\u0161kai u\u017eapvalinta priekine dalimi (neb\u016btina)<br \/>\nVirtuv\u0117s specifikacijos:<br \/>\nPriekin\u0117s dalys: 16 mm molio pilkumo MDF su frezavimu \u2013 1 mm ABS apvadas (pilkas su sm\u0117lio spalvos atspalviu)<br \/>\nRankenos: juodos<br \/>\nKorpusas: 16 mm laminuota plok\u0161t\u0117, \u0105\u017euolas \u2013 melamino kra\u0161tai<br \/>\nApatin\u0117 spintel\u0117 15 cm Cargo Luna artisan\/molio pilkumo 15 D CARGO BB<\/p>","protected":false},"excerpt":{"rendered":"<p>Fasado tipas: Laminuota plok\u0161t\u0117 \/ MDF \/ Lakuota MDF<br \/>\nVirtuv\u0117s spalva: matin\u0117 pilka su sm\u0117lio atspalviu<br \/>\nVirtuv\u0117s stilius: klasikinis, stilingas<br \/>\nFasado tipas: Laminuota plok\u0161t\u0117 \/ MDF \/ Lakuota MDF<br \/>\nAuk\u0161tis be stalvir\u0161io [cm]: 82<\/p>","protected":false},"featured_media":314652,"comment_status":"open","ping_status":"open","template":"","meta":[],"product_brand":[],"product_cat":[9234,9118],"product_tag":[],"class_list":{"0":"post-314651","1":"product","2":"type-product","3":"status-publish","4":"has-post-thumbnail","6":"product_cat-stolarz-lempert","7":"product_cat-kitchen-cabinets","9":"first","10":"instock","11":"purchasable","12":"product-type-simple"},"_links":{"self":[{"href":"https:\/\/baldumarket.lt\/lt\/wp-json\/wp\/v2\/product\/314651","targetHints":{"allow":["GET"]}}],"collection":[{"href":"https:\/\/baldumarket.lt\/lt\/wp-json\/wp\/v2\/product"}],"about":[{"href":"https:\/\/baldumarket.lt\/lt\/wp-json\/wp\/v2\/types\/product"}],"replies":[{"embeddable":true,"href":"https:\/\/baldumarket.lt\/lt\/wp-json\/wp\/v2\/comments?post=314651"}],"wp:featuredmedia":[{"embeddable":true,"href":"https:\/\/baldumarket.lt\/lt\/wp-json\/wp\/v2\/media\/314652"}],"wp:attachment":[{"href":"https:\/\/baldumarket.lt\/lt\/wp-json\/wp\/v2\/media?parent=314651"}],"wp:term":[{"taxonomy":"product_brand","embeddable":true,"href":"https:\/\/baldumarket.lt\/lt\/wp-json\/wp\/v2\/product_brand?post=314651"},{"taxonomy":"product_cat","embeddable":true,"href":"https:\/\/baldumarket.lt\/lt\/wp-json\/wp\/v2\/product_cat?post=314651"},{"taxonomy":"product_tag","embeddable":true,"href":"https:\/\/baldumarket.lt\/lt\/wp-json\/wp\/v2\/product_tag?post=314651"}],"curies":[{"name":"wp","href":"https:\/\/api.w.org\/{rel}","templated":true}]}}