{"id":314232,"date":"2026-01-16T08:23:33","date_gmt":"2026-01-16T05:23:33","guid":{"rendered":"https:\/\/baldumarket.lt\/product\/listwa-szczelinowa-do-blatu-28-mm\/"},"modified":"2026-04-23T18:48:36","modified_gmt":"2026-04-23T15:48:36","slug":"listwa-szczelinowa-do-blatu-28-mm","status":"publish","type":"product","link":"https:\/\/baldumarket.lt\/lt\/product\/listwa-szczelinowa-do-blatu-28-mm\/","title":{"rendered":"Ply\u0161in\u0117 stalvir\u0161io juostel\u0117 28 mm"},"content":{"rendered":"<h5><span style=\"color: #54859b\">Apsilankykite m\u016bs\u0173 virtualioje Stolarz-Lempert prek\u0117s \u017eenklo parduotuv\u0117je<\/span><\/h5>\n<p> <a href=\"http:\/\/spacer.lempert.pl\/\" target=\"_blank\" rel=\"noopener\"><span style=\"color: #e47025\">http:\/\/spacer.lempert.pl\/<\/span><\/a><\/p>\n<p>28 mm stalvir\u0161io ply\u0161io juostel\u0117 \u2013 stalvir\u0161i\u0173 sujungimui tiesia linija.<br \/>\nPASTABA \u2013 \u0161i juostel\u0117 parduodama tik perkant virtuv\u0119 i\u0161 gamintojo Nr. 10; jos negalima si\u0173sti atskirai.<\/p>","protected":false},"excerpt":{"rendered":"<p>Auk\u0161tis [cm]: 2,8<\/p>","protected":false},"featured_media":314233,"comment_status":"open","ping_status":"open","template":"","meta":[],"product_brand":[],"product_cat":[9234,1043],"product_tag":[],"class_list":{"0":"post-314232","1":"product","2":"type-product","3":"status-publish","4":"has-post-thumbnail","6":"product_cat-stolarz-lempert","7":"product_cat-extras","9":"first","10":"instock","11":"purchasable","12":"product-type-simple"},"_links":{"self":[{"href":"https:\/\/baldumarket.lt\/lt\/wp-json\/wp\/v2\/product\/314232","targetHints":{"allow":["GET"]}}],"collection":[{"href":"https:\/\/baldumarket.lt\/lt\/wp-json\/wp\/v2\/product"}],"about":[{"href":"https:\/\/baldumarket.lt\/lt\/wp-json\/wp\/v2\/types\/product"}],"replies":[{"embeddable":true,"href":"https:\/\/baldumarket.lt\/lt\/wp-json\/wp\/v2\/comments?post=314232"}],"wp:featuredmedia":[{"embeddable":true,"href":"https:\/\/baldumarket.lt\/lt\/wp-json\/wp\/v2\/media\/314233"}],"wp:attachment":[{"href":"https:\/\/baldumarket.lt\/lt\/wp-json\/wp\/v2\/media?parent=314232"}],"wp:term":[{"taxonomy":"product_brand","embeddable":true,"href":"https:\/\/baldumarket.lt\/lt\/wp-json\/wp\/v2\/product_brand?post=314232"},{"taxonomy":"product_cat","embeddable":true,"href":"https:\/\/baldumarket.lt\/lt\/wp-json\/wp\/v2\/product_cat?post=314232"},{"taxonomy":"product_tag","embeddable":true,"href":"https:\/\/baldumarket.lt\/lt\/wp-json\/wp\/v2\/product_tag?post=314232"}],"curies":[{"name":"wp","href":"https:\/\/api.w.org\/{rel}","templated":true}]}}