{"id":313839,"date":"2026-01-16T08:18:23","date_gmt":"2026-01-16T05:18:23","guid":{"rendered":"https:\/\/baldumarket.lt\/product\/zestaw-kuchenny-luna-kuchnia-250-cm-bialy-artisan\/"},"modified":"2026-04-23T18:49:37","modified_gmt":"2026-04-23T15:49:37","slug":"zestaw-kuchenny-luna-kuchnia-250-cm-bialy-artisan","status":"publish","type":"product","link":"https:\/\/baldumarket.lt\/lt\/product\/zestaw-kuchenny-luna-kuchnia-250-cm-bialy-artisan\/","title":{"rendered":"Luna virtuv\u0117s komplektas, virtuv\u0117 250 cm balta\/amatininko stilius"},"content":{"rendered":"<h5><span style=\"color: #54859b\">Apsilankykite m\u016bs\u0173 virtualioje Stolarz-Lempert prek\u0117s \u017eenklo parduotuv\u0117je<\/span><\/h5>\n<p> <a href=\"http:\/\/spacer.lempert.pl\/\" target=\"_blank\" rel=\"noopener\"><span style=\"color: #e47025\">http:\/\/spacer.lempert.pl\/<\/span><\/a><\/p>\n<p>\u201eLuna\u201c virtuv\u0117 \u2013 tai klasikinio ir stilingo stiliaus bald\u0173 komplektas, kuris tiks prie bet kokio interjero.<br \/>\nVirtuv\u0117je yra de\u0161imtys spinteli\u0173, i\u0161 kuri\u0173 galite susikurti savo komplekt\u0105.<br \/>\n\u012e rinkin\u012f \u012feina:<br \/>\nAuk\u0161tos kokyb\u0117s MDF fasadai<br \/>\nLaminuot\u0173 plok\u0161\u010di\u0173 korpusai<br \/>\n\u0160velniai u\u017esidaran\u010dios fasadin\u0117s dalys<br \/>\n\u201ePremium Box\u201c stal\u010diai su \u0161velniu u\u017edarymu<br \/>\nErdvios spintel\u0117s<br \/>\nSpintel\u0117s, sumontuotos ant korpus\u0173 be koj\u0173<br \/>\n\u012e komplekt\u0105 \u012feina amatinink\u0173 \u0105\u017euolin\u0117s cokolin\u0117s grindys<br \/>\nAuk\u0161ti postai<br \/>\n2,8 cm arba 3,8 cm storio stalvir\u0161iai, pagaminti naudojant pokalimo technologij\u0105, su ergonomi\u0161kai u\u017eapvalinta priekine dalimi (neb\u016btina)<br \/>\nVirtuv\u0117s specifikacijos:<br \/>\nFasadas: 16 mm MDF, matin\u0117s baltos spalvos su frezuotu 1 mm ABS apvadu<br \/>\nRankenos: 192 mm metalin\u0117s<br \/>\nKorpusas: 16 mm storio \u201eArtisan\u201c \u0105\u017euolo laminuota plok\u0161t\u0117 su melamino apvadais<br \/>\nKomplekt\u0105 sudaro spintel\u0117s be stalvir\u0161i\u0173:<br \/>\n80 cm kriaukl\u0117s spintel\u0117 \u2013 80 ZL 2F BB<br \/>\n60 cm atvira indaplov\u0117s priekin\u0117 dalis \u2013 ZM 570\u00d7596<br \/>\n60 cm \u012fmontuojama orkait\u0117 \u2013 60 D dujin\u0117 BB<br \/>\n50 cm su stal\u010diumi \u2013 50 D 1F 1S<br \/>\nvir\u0161uje<br \/>\n80 cm \u2013 80 G-72 2F<br \/>\n60 cm \u2013 60 G-72 1F<br \/>\n50 cm \u2013 40 G-72 1F<\/p>","protected":false},"excerpt":{"rendered":"<p>Gylis su stalvir\u0161iu [cm]: 60<br \/>\nGylis [cm]: 31 vir\u0161uje<br \/>\nGylis be vir\u0161utinio sluoksnio [cm]: 52<br \/>\nGylis su stalvir\u0161iu [cm]: 60<br \/>\nPlotis [cm]: 250<br \/>\nAuk\u0161tis [cm]: 71,5 vir\u0161uje<br \/>\nAuk\u0161tis be vir\u0161utinio sluoksnio [cm]: 82<\/p>","protected":false},"featured_media":313840,"comment_status":"open","ping_status":"open","template":"","meta":[],"product_brand":[],"product_cat":[9234,1932],"product_tag":[],"class_list":{"0":"post-313839","1":"product","2":"type-product","3":"status-publish","4":"has-post-thumbnail","6":"product_cat-stolarz-lempert","7":"product_cat-kitchen-sets","9":"first","10":"instock","11":"purchasable","12":"product-type-simple"},"_links":{"self":[{"href":"https:\/\/baldumarket.lt\/lt\/wp-json\/wp\/v2\/product\/313839","targetHints":{"allow":["GET"]}}],"collection":[{"href":"https:\/\/baldumarket.lt\/lt\/wp-json\/wp\/v2\/product"}],"about":[{"href":"https:\/\/baldumarket.lt\/lt\/wp-json\/wp\/v2\/types\/product"}],"replies":[{"embeddable":true,"href":"https:\/\/baldumarket.lt\/lt\/wp-json\/wp\/v2\/comments?post=313839"}],"wp:featuredmedia":[{"embeddable":true,"href":"https:\/\/baldumarket.lt\/lt\/wp-json\/wp\/v2\/media\/313840"}],"wp:attachment":[{"href":"https:\/\/baldumarket.lt\/lt\/wp-json\/wp\/v2\/media?parent=313839"}],"wp:term":[{"taxonomy":"product_brand","embeddable":true,"href":"https:\/\/baldumarket.lt\/lt\/wp-json\/wp\/v2\/product_brand?post=313839"},{"taxonomy":"product_cat","embeddable":true,"href":"https:\/\/baldumarket.lt\/lt\/wp-json\/wp\/v2\/product_cat?post=313839"},{"taxonomy":"product_tag","embeddable":true,"href":"https:\/\/baldumarket.lt\/lt\/wp-json\/wp\/v2\/product_tag?post=313839"}],"curies":[{"name":"wp","href":"https:\/\/api.w.org\/{rel}","templated":true}]}}