{"id":312438,"date":"2026-01-16T07:59:52","date_gmt":"2026-01-16T04:59:52","guid":{"rendered":"https:\/\/baldumarket.lt\/product\/salon-flawia-szary\/"},"modified":"2026-04-23T18:53:09","modified_gmt":"2026-04-23T15:53:09","slug":"salon-flawia-szary","status":"publish","type":"product","link":"https:\/\/baldumarket.lt\/lt\/product\/salon-flawia-szary\/","title":{"rendered":"Pilka Flawia svetain\u0117"},"content":{"rendered":"<h5><span style=\"color: #54859b\">Apsilankykite m\u016bs\u0173 virtualioje Stolarz-Lempert prek\u0117s \u017eenklo parduotuv\u0117je<\/span><\/h5>\n<p> <a href=\"http:\/\/spacer.lempert.pl\/\" target=\"_blank\" rel=\"noopener\"><span style=\"color: #e47025\">http:\/\/spacer.lempert.pl\/<\/span><\/a><\/p>\n<p>\u201eFlawia\u201c kolekcija papildo \u201eStillo\u201c virtuv\u0117s baldus \u2013 i\u0161 to paties gamintojo ir naudojant tas pa\u010dias med\u017eiagas.<br \/>\n\u201eFlawia\u201c \u2013 tai klasikini\u0173 ir stiling\u0173 bald\u0173 komplektas, puikiai tinkantis valgomajam ir svetainei. Savo ruo\u017etu \u201eStillo\u201c virtuv\u0117je yra de\u0161imtys spinteli\u0173, i\u0161 kuri\u0173 galite susikurti savo virtuv\u0117s komplekt\u0105.<br \/>\nSistemos ypatyb\u0117s:<br \/>\nauk\u0161tos kokyb\u0117s MDF fasadai<br \/>\nlaminuot\u0173 plok\u0161\u010di\u0173 korpusai<br \/>\n\u0161velniai u\u017esidaran\u010dios fasadin\u0117s dalys<br \/>\nerdvios spintel\u0117s, sumontuotos ant bekoj\u0173 r\u0117m\u0173<br \/>\nerdvios spintos<br \/>\nstikliniai stalvir\u0161iai<br \/>\npasirenkamos \u0161onin\u0117s lentynos<br \/>\nmetalin\u0117s rankenos<br \/>\nSpalvos:<br \/>\nFasadas: matin\u0117s pilkos spalvos MDF<br \/>\nKorpusas ir stalvir\u0161is: Artisan Oak<br \/>\nRankenos: 96\u20132342 metalin\u0117s<br \/>\nCokolin\u0117s grindys: Artisan Oak<br \/>\n\u012e rinkin\u012f \u012feina:<br \/>\nStilinga 2 dur\u0173 spinta Flawia \u2013 120\/210\/60 cm (plotis\/auk\u0161tis\/gylis)<br \/>\nStilinga vitrina su 1 durel\u0117mis ir stal\u010diais Flawia \u2013 60\/210\/37 cm (plotis\/auk\u0161tis\/gylis)<br \/>\nStilinga televizoriaus spintel\u0117 2D1S Flawia \u2013 150\/50\/40 P\/A\/G<br \/>\nAR Flawia lentyna \u2013 120\/18\/17,6 P\/A\/G<\/p>","protected":false},"excerpt":{"rendered":"<p>Apsilankykite m\u016bs\u0173 virtualioje \u201eStolarz-Lempert\u201c prek\u0117s \u017eenklo parduotuv\u0117je http:\/\/spacer.lempert.pl\/ \u201eFlawia\u201c kolekcija papildo \u201eStillo\u201c virtuv\u0117s baldus \u2013 i\u0161 to paties gamintojo ir naudojant tas pa\u010dias med\u017eiagas. \u201eFlawia\u201c \u2013 tai klasikini\u0173 ir stiling\u0173 bald\u0173 komplektas, puikiai tinkantis valgomajam ir svetainei. Savo ruo\u017etu \u201eStillo\u201c virtuv\u0117je yra de\u0161imtys spinteli\u0173, i\u0161 kuri\u0173 [\u2026]<\/p>","protected":false},"featured_media":312439,"comment_status":"open","ping_status":"open","template":"","meta":[],"product_brand":[],"product_cat":[9234,2008],"product_tag":[],"class_list":{"0":"post-312438","1":"product","2":"type-product","3":"status-publish","4":"has-post-thumbnail","6":"product_cat-stolarz-lempert","7":"product_cat-wall-units","9":"first","10":"instock","11":"purchasable","12":"product-type-simple"},"_links":{"self":[{"href":"https:\/\/baldumarket.lt\/lt\/wp-json\/wp\/v2\/product\/312438","targetHints":{"allow":["GET"]}}],"collection":[{"href":"https:\/\/baldumarket.lt\/lt\/wp-json\/wp\/v2\/product"}],"about":[{"href":"https:\/\/baldumarket.lt\/lt\/wp-json\/wp\/v2\/types\/product"}],"replies":[{"embeddable":true,"href":"https:\/\/baldumarket.lt\/lt\/wp-json\/wp\/v2\/comments?post=312438"}],"wp:featuredmedia":[{"embeddable":true,"href":"https:\/\/baldumarket.lt\/lt\/wp-json\/wp\/v2\/media\/312439"}],"wp:attachment":[{"href":"https:\/\/baldumarket.lt\/lt\/wp-json\/wp\/v2\/media?parent=312438"}],"wp:term":[{"taxonomy":"product_brand","embeddable":true,"href":"https:\/\/baldumarket.lt\/lt\/wp-json\/wp\/v2\/product_brand?post=312438"},{"taxonomy":"product_cat","embeddable":true,"href":"https:\/\/baldumarket.lt\/lt\/wp-json\/wp\/v2\/product_cat?post=312438"},{"taxonomy":"product_tag","embeddable":true,"href":"https:\/\/baldumarket.lt\/lt\/wp-json\/wp\/v2\/product_tag?post=312438"}],"curies":[{"name":"wp","href":"https:\/\/api.w.org\/{rel}","templated":true}]}}