{"id":312305,"date":"2026-01-16T07:58:06","date_gmt":"2026-01-16T04:58:06","guid":{"rendered":"https:\/\/baldumarket.lt\/product\/kuchnia-dave-zestaw-300-cm-z-blatami\/"},"modified":"2026-03-23T13:00:26","modified_gmt":"2026-03-23T10:00:26","slug":"kuchnia-dave-zestaw-300-cm-z-blatami","status":"publish","type":"product","link":"https:\/\/baldumarket.lt\/lt\/product\/kuchnia-dave-zestaw-300-cm-z-blatami\/","title":{"rendered":"Dave virtuv\u0117s komplektas 300 cm su stalvir\u0161iais"},"content":{"rendered":"<h5><span style=\"color: #54859b\">Apsilankykite m\u016bs\u0173 virtualioje Stolarz-Lempert prek\u0117s \u017eenklo parduotuv\u0117je<\/span><\/h5>\n<p> <a href=\"http:\/\/spacer.lempert.pl\/\" target=\"_blank\" rel=\"noopener\"><span style=\"color: #e47025\">http:\/\/spacer.lempert.pl\/<\/span><\/a><\/p>\n<p>\u201eDave Kitchen\u201c 300 cm virtuv\u0117s bald\u0173 komplektas, galima \u012fsigyti su stalvir\u0161iais, net ir kriaukl\u0117s spintelei, vir\u0161utin\u0117s spintel\u0117s 60 cm auk\u0161\u010dio. Komplekt\u0105 sudaro:<br \/>\nAuk\u0161tos kokyb\u0117s fasadai pagaminti i\u0161 laminuotos plok\u0161t\u0117s<br \/>\nErdvios spintel\u0117s<br \/>\nPlastikin\u0117s rankenos<br \/>\n2,8 cm storio stalvir\u0161is, pagamintas naudojant postformavimo technologij\u0105, su ergonomi\u0161kai u\u017eapvalinta priekine dalimi<br \/>\nMetaliniai vyriai ir stal\u010diai<br \/>\n\u00a0<br \/>\nVirtuv\u0117s spalvos:<br \/>\nVir\u0161utin\u0117 priekin\u0117 dalis: Sonoma Truffle Oak \/ 2 mm PVC kra\u0161tas<br \/>\nKorpusas: baltas<br \/>\nRankena: 128 mm \u2013 plastikin\u0117<br \/>\nStalvir\u0161is: 28 mm baltas<br \/>\n\u00a0<br \/>\n\u012e rinkin\u012f \u012feina:<br \/>\nVir\u0161utin\u0117s spintel\u0117s:<br \/>\n40 G-60<br \/>\n60 G-60 2F<br \/>\n80 G-60 2F<br \/>\n\u00a0<br \/>\nApatin\u0117s spintel\u0117s:<br \/>\n80 ZL 2F ZB<br \/>\nZM 713\u00d7596 \u2013 60 cm u\u017edengta indaplov\u0117s priekin\u0117 dalis<br \/>\n60 D GAZ ZB<br \/>\n40D1S1F<br \/>\n60 HSKK-190 \u2013 sand\u0117liukas<br \/>\nApatin\u0117s spintel\u0117s: visos su stalvir\u0161iais, padalintais \u012f atskiras spinteles<\/p>","protected":false},"excerpt":{"rendered":"<p>Nustatykite plot\u012f: 300<br \/>\nVirtuv\u0117s spalva: triufeli\u0173 \u0105\u017euolas<br \/>\nVirtuv\u0117s stilius: modernus<br \/>\nNustatykite plot\u012f: 300<br \/>\nAuk\u0161tis su stalvir\u0161iu [cm]: 82<\/p>","protected":false},"featured_media":312306,"comment_status":"open","ping_status":"open","template":"","meta":[],"product_brand":[],"product_cat":[9234,1932],"product_tag":[],"class_list":{"0":"post-312305","1":"product","2":"type-product","3":"status-publish","4":"has-post-thumbnail","6":"product_cat-stolarz-lempert","7":"product_cat-kitchen-sets","9":"first","10":"instock","11":"purchasable","12":"product-type-simple"},"_links":{"self":[{"href":"https:\/\/baldumarket.lt\/lt\/wp-json\/wp\/v2\/product\/312305","targetHints":{"allow":["GET"]}}],"collection":[{"href":"https:\/\/baldumarket.lt\/lt\/wp-json\/wp\/v2\/product"}],"about":[{"href":"https:\/\/baldumarket.lt\/lt\/wp-json\/wp\/v2\/types\/product"}],"replies":[{"embeddable":true,"href":"https:\/\/baldumarket.lt\/lt\/wp-json\/wp\/v2\/comments?post=312305"}],"wp:featuredmedia":[{"embeddable":true,"href":"https:\/\/baldumarket.lt\/lt\/wp-json\/wp\/v2\/media\/312306"}],"wp:attachment":[{"href":"https:\/\/baldumarket.lt\/lt\/wp-json\/wp\/v2\/media?parent=312305"}],"wp:term":[{"taxonomy":"product_brand","embeddable":true,"href":"https:\/\/baldumarket.lt\/lt\/wp-json\/wp\/v2\/product_brand?post=312305"},{"taxonomy":"product_cat","embeddable":true,"href":"https:\/\/baldumarket.lt\/lt\/wp-json\/wp\/v2\/product_cat?post=312305"},{"taxonomy":"product_tag","embeddable":true,"href":"https:\/\/baldumarket.lt\/lt\/wp-json\/wp\/v2\/product_tag?post=312305"}],"curies":[{"name":"wp","href":"https:\/\/api.w.org\/{rel}","templated":true}]}}