{"id":312267,"date":"2026-01-16T07:57:30","date_gmt":"2026-01-16T04:57:30","guid":{"rendered":"https:\/\/baldumarket.lt\/product\/kontenerek-wysoki-z-szafka-malta-symbol-220\/"},"modified":"2026-03-23T13:00:26","modified_gmt":"2026-03-23T10:00:26","slug":"kontenerek-wysoki-z-szafka-malta-symbol-220","status":"publish","type":"product","link":"https:\/\/baldumarket.lt\/lt\/product\/kontenerek-wysoki-z-szafka-malta-symbol-220\/","title":{"rendered":"Auk\u0161tas konteineris su spintele \u201eMalta\u201c simbolis 220"},"content":{"rendered":"<h5><span style=\"color: #54859b\">Apsilankykite m\u016bs\u0173 virtualioje Stolarz-Lempert prek\u0117s \u017eenklo parduotuv\u0117je<\/span><\/h5>\n<p> <a href=\"http:\/\/spacer.lempert.pl\/\" target=\"_blank\" rel=\"noopener\"><span style=\"color: #e47025\">http:\/\/spacer.lempert.pl\/<\/span><\/a><\/p>\n<p>\u201eMalta\u201c moduliniai baldai si\u016blo modernius baldus, kurie pad\u0117s sutvarkyti bet kur\u012f biur\u0105 ar jaunimo kambar\u012f.<br \/>\nKomplektus sudaro knyg\u0173 lentynos, komodos, prie sienos tvirtinamos spintel\u0117s, lentynos, konteineriai, ra\u0161omieji stalai ir net drabu\u017ein\u0117s.<br \/>\nSavo svajoni\u0173 erdv\u0119 galite susikurti bet kokiu jums patinkan\u010diu b\u016bdu.<br \/>\nLaminuota plok\u0161t\u0117.<br \/>\nPakuot\u0117 \u2013 1\/1 \u2013 1790x457x96 \u2013 33 kg<br \/>\nSpalvos:<br \/>\nGalima rinktis i\u0161 \u012fvairi\u0173 spalv\u0173:<br \/>\nMatin\u0117s pilkos arba meni\u0161ko \u0105\u017euolo r\u0117mai<br \/>\nMatin\u0117s pilkos arba dirbtinio \u0105\u017euolo fasadai<br \/>\nKai kurie gaminiai yra vienspalviai \u2013 pilki arba dirbtinio \u0105\u017euolo \u2013 \u017er. variantus<br \/>\n\u201eMalta 220\u201c auk\u0161tas postamentas su spintele.<\/p>","protected":false},"excerpt":{"rendered":"<p>Gylis [cm]: 42<br \/>\nPlotis [cm]: 45<br \/>\nAuk\u0161tis [cm]: 159<br \/>\nGylis [cm]: 42<\/p>","protected":false},"featured_media":312268,"comment_status":"open","ping_status":"open","template":"","meta":[],"product_brand":[],"product_cat":[9234,1987],"product_tag":[],"class_list":{"0":"post-312267","1":"product","2":"type-product","3":"status-publish","4":"has-post-thumbnail","6":"product_cat-stolarz-lempert","7":"product_cat-shelving-units","9":"first","10":"instock","11":"purchasable","12":"product-type-simple"},"_links":{"self":[{"href":"https:\/\/baldumarket.lt\/lt\/wp-json\/wp\/v2\/product\/312267","targetHints":{"allow":["GET"]}}],"collection":[{"href":"https:\/\/baldumarket.lt\/lt\/wp-json\/wp\/v2\/product"}],"about":[{"href":"https:\/\/baldumarket.lt\/lt\/wp-json\/wp\/v2\/types\/product"}],"replies":[{"embeddable":true,"href":"https:\/\/baldumarket.lt\/lt\/wp-json\/wp\/v2\/comments?post=312267"}],"wp:featuredmedia":[{"embeddable":true,"href":"https:\/\/baldumarket.lt\/lt\/wp-json\/wp\/v2\/media\/312268"}],"wp:attachment":[{"href":"https:\/\/baldumarket.lt\/lt\/wp-json\/wp\/v2\/media?parent=312267"}],"wp:term":[{"taxonomy":"product_brand","embeddable":true,"href":"https:\/\/baldumarket.lt\/lt\/wp-json\/wp\/v2\/product_brand?post=312267"},{"taxonomy":"product_cat","embeddable":true,"href":"https:\/\/baldumarket.lt\/lt\/wp-json\/wp\/v2\/product_cat?post=312267"},{"taxonomy":"product_tag","embeddable":true,"href":"https:\/\/baldumarket.lt\/lt\/wp-json\/wp\/v2\/product_tag?post=312267"}],"curies":[{"name":"wp","href":"https:\/\/api.w.org\/{rel}","templated":true}]}}