{"id":312235,"date":"2026-01-16T07:57:06","date_gmt":"2026-01-16T04:57:06","guid":{"rendered":"https:\/\/baldumarket.lt\/product\/biurko-proste-zakryte-malta-symbol-170\/"},"modified":"2026-03-23T13:00:26","modified_gmt":"2026-03-23T10:00:26","slug":"biurko-proste-zakryte-malta-symbol-170","status":"publish","type":"product","link":"https:\/\/baldumarket.lt\/lt\/product\/biurko-proste-zakryte-malta-symbol-170\/","title":{"rendered":"Maltos paprasto dengto stalo simboliai 170"},"content":{"rendered":"<h5><span style=\"color: #54859b\">Apsilankykite m\u016bs\u0173 virtualioje Stolarz-Lempert prek\u0117s \u017eenklo parduotuv\u0117je<\/span><\/h5>\n<p> <a href=\"http:\/\/spacer.lempert.pl\/\" target=\"_blank\" rel=\"noopener\"><span style=\"color: #e47025\">http:\/\/spacer.lempert.pl\/<\/span><\/a><\/p>\n<p>Moduliniai baldai \u201eMalta\u201c \u2013 tai modernus dizainas, kuris pad\u0117s sutvarkyti bet kur\u012f biur\u0105 ar jaunimo kambar\u012f.<br \/>\nKomplekt\u0105 sudaro knyg\u0173 lentynos, komodos, prie sienos tvirtinamos spintel\u0117s, lentynos, konteineriai, ra\u0161omieji stalai ir net drabu\u017ein\u0117s.<br \/>\nSavo svajoni\u0173 erdv\u0119 galite susikurti bet kokiu jums patinkan\u010diu b\u016bdu.<br \/>\nPagaminta i\u0161 laminuotos plok\u0161t\u0117s.<br \/>\n1\/2 pakuot\u0117s \u2013 1225 x 665 x 75 mm \u2013 21,00 kg<br \/>\n2\/2 pakuot\u0117 \u2013 1550 x 705 x 40 mm \u2013 19,00 kg<br \/>\nSpalvos:<br \/>\nGalimos \u012fvairios spalvos:<br \/>\nMatin\u0117s pilkos arba meni\u0161ko \u0105\u017euolo r\u0117mai<br \/>\nMatin\u0117s pilkos arba dirbtinio \u0105\u017euolo fasadai<br \/>\nKai kurie gaminiai yra tik vienos spalvos \u2013 pilkos arba dirbtinio \u0105\u017euolo \u2013 \u017er. parinktis<br \/>\n\u201eMalta 170\u201c tiesus dengtas ra\u0161omasis stalas<br \/>\nKiekvieno stalo vir\u0161uje yra skyl\u0117s ir laid\u0173 tvarkymo angos.<\/p>","protected":false},"excerpt":{"rendered":"<p>Gylis [cm]: 67<br \/>\nPlotis [cm]: 138<br \/>\nAuk\u0161tis [cm]: 75<br \/>\nGylis [cm]: 67<\/p>","protected":false},"featured_media":312236,"comment_status":"open","ping_status":"open","template":"","meta":[],"product_brand":[],"product_cat":[9234,1312],"product_tag":[],"class_list":{"0":"post-312235","1":"product","2":"type-product","3":"status-publish","4":"has-post-thumbnail","6":"product_cat-stolarz-lempert","7":"product_cat-desks","9":"first","10":"instock","11":"purchasable","12":"product-type-simple"},"_links":{"self":[{"href":"https:\/\/baldumarket.lt\/lt\/wp-json\/wp\/v2\/product\/312235","targetHints":{"allow":["GET"]}}],"collection":[{"href":"https:\/\/baldumarket.lt\/lt\/wp-json\/wp\/v2\/product"}],"about":[{"href":"https:\/\/baldumarket.lt\/lt\/wp-json\/wp\/v2\/types\/product"}],"replies":[{"embeddable":true,"href":"https:\/\/baldumarket.lt\/lt\/wp-json\/wp\/v2\/comments?post=312235"}],"wp:featuredmedia":[{"embeddable":true,"href":"https:\/\/baldumarket.lt\/lt\/wp-json\/wp\/v2\/media\/312236"}],"wp:attachment":[{"href":"https:\/\/baldumarket.lt\/lt\/wp-json\/wp\/v2\/media?parent=312235"}],"wp:term":[{"taxonomy":"product_brand","embeddable":true,"href":"https:\/\/baldumarket.lt\/lt\/wp-json\/wp\/v2\/product_brand?post=312235"},{"taxonomy":"product_cat","embeddable":true,"href":"https:\/\/baldumarket.lt\/lt\/wp-json\/wp\/v2\/product_cat?post=312235"},{"taxonomy":"product_tag","embeddable":true,"href":"https:\/\/baldumarket.lt\/lt\/wp-json\/wp\/v2\/product_tag?post=312235"}],"curies":[{"name":"wp","href":"https:\/\/api.w.org\/{rel}","templated":true}]}}