{"id":312139,"date":"2026-01-16T07:55:53","date_gmt":"2026-01-16T04:55:53","guid":{"rendered":"https:\/\/baldumarket.lt\/product\/szafa-biurowa-z-polkami-2f-malta-symbol-107\/"},"modified":"2026-03-23T13:00:26","modified_gmt":"2026-03-23T10:00:26","slug":"szafa-biurowa-z-polkami-2f-malta-symbol-107","status":"publish","type":"product","link":"https:\/\/baldumarket.lt\/lt\/product\/szafa-biurowa-z-polkami-2f-malta-symbol-107\/","title":{"rendered":"Biuro spintel\u0117 su lentynomis 2F Maltos simbolis 107"},"content":{"rendered":"<h5><span style=\"color: #54859b\">Apsilankykite m\u016bs\u0173 virtualioje Stolarz-Lempert prek\u0117s \u017eenklo parduotuv\u0117je<\/span><\/h5>\n<p> <a href=\"http:\/\/spacer.lempert.pl\/\" target=\"_blank\" rel=\"noopener\"><span style=\"color: #e47025\">http:\/\/spacer.lempert.pl\/<\/span><\/a><\/p>\n<p>\u201eMalta\u201c moduliniai baldai si\u016blo modernius baldus, kurie pad\u0117s sutvarkyti bet kur\u012f biur\u0105 ar jaunimo kambar\u012f.<br \/>\nKomplektus sudaro knyg\u0173 lentynos, komodos, prie sienos tvirtinamos spintel\u0117s, lentynos, konteineriai, ra\u0161omieji stalai ir net drabu\u017ein\u0117s.<br \/>\nGalite sukurti bet kok\u012f norim\u0105 erdv\u0117s i\u0161d\u0117stym\u0105.<br \/>\nPagaminta i\u0161 laminuotos plok\u0161t\u0117s. 1\/3 pakuot\u0117 \u2013 1665 x 430 x 40 mm \u2013 15,0 kg<br \/>\n2\/3 pakuot\u0117 \u2013 950 x 455 x 120 mm \u2013 21,0 kg<br \/>\nPakuot\u0117 3\/3 \u2013 1605 x 455 x 40 mm \u2013 26,5 kg<br \/>\n\u00a0<br \/>\nSpalvos:<br \/>\nGalimos \u012fvairios spalvos:<br \/>\nMatin\u0117s pilkos arba meni\u0161ko \u0105\u017euolo r\u0117mai<br \/>\nMatin\u0117s pilkos arba dirbtinio \u0105\u017euolo fasadai<br \/>\nKai kurie gaminiai yra tik vienos spalvos \u2013 pilkos arba dirbtinio \u0105\u017euolo \u2013 \u017er. parinktis<br \/>\nDviej\u0173 prieki\u0173 \u201eMalta 107\u201c biuro spintel\u0117 \u2013 lentynos u\u017e prieki\u0173.<\/p>","protected":false},"excerpt":{"rendered":"<p>Gylis [cm]: 44<br \/>\nPlotis [cm]: 80<br \/>\nAuk\u0161tis [cm]: 154<br \/>\nGylis [cm]: 44<\/p>","protected":false},"featured_media":312140,"comment_status":"open","ping_status":"open","template":"","meta":[],"product_brand":[],"product_cat":[9234,1177],"product_tag":[],"class_list":{"0":"post-312139","1":"product","2":"type-product","3":"status-publish","4":"has-post-thumbnail","6":"product_cat-stolarz-lempert","7":"product_cat-wardrobes","9":"first","10":"instock","11":"purchasable","12":"product-type-simple"},"_links":{"self":[{"href":"https:\/\/baldumarket.lt\/lt\/wp-json\/wp\/v2\/product\/312139","targetHints":{"allow":["GET"]}}],"collection":[{"href":"https:\/\/baldumarket.lt\/lt\/wp-json\/wp\/v2\/product"}],"about":[{"href":"https:\/\/baldumarket.lt\/lt\/wp-json\/wp\/v2\/types\/product"}],"replies":[{"embeddable":true,"href":"https:\/\/baldumarket.lt\/lt\/wp-json\/wp\/v2\/comments?post=312139"}],"wp:featuredmedia":[{"embeddable":true,"href":"https:\/\/baldumarket.lt\/lt\/wp-json\/wp\/v2\/media\/312140"}],"wp:attachment":[{"href":"https:\/\/baldumarket.lt\/lt\/wp-json\/wp\/v2\/media?parent=312139"}],"wp:term":[{"taxonomy":"product_brand","embeddable":true,"href":"https:\/\/baldumarket.lt\/lt\/wp-json\/wp\/v2\/product_brand?post=312139"},{"taxonomy":"product_cat","embeddable":true,"href":"https:\/\/baldumarket.lt\/lt\/wp-json\/wp\/v2\/product_cat?post=312139"},{"taxonomy":"product_tag","embeddable":true,"href":"https:\/\/baldumarket.lt\/lt\/wp-json\/wp\/v2\/product_tag?post=312139"}],"curies":[{"name":"wp","href":"https:\/\/api.w.org\/{rel}","templated":true}]}}