{"id":312131,"date":"2026-01-16T07:55:47","date_gmt":"2026-01-16T04:55:47","guid":{"rendered":"https:\/\/baldumarket.lt\/product\/regal-szafka-dolna-z-polkami-malta-symbol-106\/"},"modified":"2026-03-23T13:00:26","modified_gmt":"2026-03-23T10:00:26","slug":"regal-szafka-dolna-z-polkami-malta-symbol-106","status":"publish","type":"product","link":"https:\/\/baldumarket.lt\/lt\/product\/regal-szafka-dolna-z-polkami-malta-symbol-106\/","title":{"rendered":"Knyg\u0173 lentyna su apatin\u0117mis spintel\u0117s lentynomis, Maltos simbolis 106"},"content":{"rendered":"<h5><span style=\"color: #54859b\">Apsilankykite m\u016bs\u0173 virtualioje Stolarz-Lempert prek\u0117s \u017eenklo parduotuv\u0117je<\/span><\/h5>\n<p> <a href=\"http:\/\/spacer.lempert.pl\/\" target=\"_blank\" rel=\"noopener\"><span style=\"color: #e47025\">http:\/\/spacer.lempert.pl\/<\/span><\/a><\/p>\n<p>\u201eMalta\u201c moduliniai baldai si\u016blo modernius baldus, kurie pad\u0117s sutvarkyti bet kur\u012f biur\u0105 ar jaunimo kambar\u012f.<br \/>\nKomplektus sudaro knyg\u0173 lentynos, komodos, prie sienos tvirtinamos spintel\u0117s, lentynos, konteineriai, ra\u0161omieji stalai ir net drabu\u017ein\u0117s.<br \/>\nSavo svajoni\u0173 erdv\u0119 galite susikurti bet kokiu jums patinkan\u010diu b\u016bdu.<br \/>\nPagaminta i\u0161 laminuotos plok\u0161t\u0117s.<br \/>\n1\/2 pakuot\u0117s \u2013 950 x 455 x 120 mm \u2013 21,0 kg<br \/>\n2\/2 pakuot\u0117 \u2013 1605 x 455 x 40 mm \u2013 26,5 kg<br \/>\nSpalvos:<br \/>\nGalimos \u012fvairios spalvos:<br \/>\nMatin\u0117s pilkos arba meni\u0161ko \u0105\u017euolo r\u0117mai<br \/>\nMatin\u0117s pilkos arba dirbtinio \u0105\u017euolo fasadai<br \/>\nKai kurie gaminiai yra tik vienos spalvos \u2013 pilkos arba dirbtinio \u0105\u017euolo \u2013 \u017er. parinktis<br \/>\n\u201eMalta 106\u201c apatin\u0117 spintel\u0117 su lentynomis \u2013 laisvai stovinti lentyna.<\/p>","protected":false},"excerpt":{"rendered":"<p>Gylis [cm]: 42<br \/>\nPlotis [cm]: 80<br \/>\nAuk\u0161tis [cm]: 154<br \/>\nGylis [cm]: 42<\/p>","protected":false},"featured_media":312132,"comment_status":"open","ping_status":"open","template":"","meta":[],"product_brand":[],"product_cat":[9234,9118],"product_tag":[],"class_list":{"0":"post-312131","1":"product","2":"type-product","3":"status-publish","4":"has-post-thumbnail","6":"product_cat-stolarz-lempert","7":"product_cat-kitchen-cabinets","9":"first","10":"instock","11":"purchasable","12":"product-type-simple"},"_links":{"self":[{"href":"https:\/\/baldumarket.lt\/lt\/wp-json\/wp\/v2\/product\/312131","targetHints":{"allow":["GET"]}}],"collection":[{"href":"https:\/\/baldumarket.lt\/lt\/wp-json\/wp\/v2\/product"}],"about":[{"href":"https:\/\/baldumarket.lt\/lt\/wp-json\/wp\/v2\/types\/product"}],"replies":[{"embeddable":true,"href":"https:\/\/baldumarket.lt\/lt\/wp-json\/wp\/v2\/comments?post=312131"}],"wp:featuredmedia":[{"embeddable":true,"href":"https:\/\/baldumarket.lt\/lt\/wp-json\/wp\/v2\/media\/312132"}],"wp:attachment":[{"href":"https:\/\/baldumarket.lt\/lt\/wp-json\/wp\/v2\/media?parent=312131"}],"wp:term":[{"taxonomy":"product_brand","embeddable":true,"href":"https:\/\/baldumarket.lt\/lt\/wp-json\/wp\/v2\/product_brand?post=312131"},{"taxonomy":"product_cat","embeddable":true,"href":"https:\/\/baldumarket.lt\/lt\/wp-json\/wp\/v2\/product_cat?post=312131"},{"taxonomy":"product_tag","embeddable":true,"href":"https:\/\/baldumarket.lt\/lt\/wp-json\/wp\/v2\/product_tag?post=312131"}],"curies":[{"name":"wp","href":"https:\/\/api.w.org\/{rel}","templated":true}]}}