{"id":312076,"date":"2026-01-16T07:55:05","date_gmt":"2026-01-16T04:55:05","guid":{"rendered":"https:\/\/baldumarket.lt\/product\/komoda-rumba-z-polka-2f-old-style\/"},"modified":"2026-03-23T13:00:26","modified_gmt":"2026-03-23T10:00:26","slug":"komoda-rumba-z-polka-2f-old-style","status":"publish","type":"product","link":"https:\/\/baldumarket.lt\/lt\/product\/komoda-rumba-z-polka-2f-old-style\/","title":{"rendered":"Rumba komoda su 2 lentynomis \u2013 senovinio stiliaus"},"content":{"rendered":"<h5><span style=\"color: #54859b\">Apsilankykite m\u016bs\u0173 virtualioje Stolarz-Lempert prek\u0117s \u017eenklo parduotuv\u0117je<\/span><\/h5>\n<p> <a href=\"http:\/\/spacer.lempert.pl\/\" target=\"_blank\" rel=\"noopener\"><span style=\"color: #e47025\">http:\/\/spacer.lempert.pl\/<\/span><\/a><\/p>\n<p>Komoda \u201eRumba\u201c \u2013 tai modernus ir erdvus baldas, papildantis \u201eRumba\u201c sienin\u0119 spintel\u0119.<br \/>\nKomoda turi dvi spinteles, viduje yra lentyna.<br \/>\nPaie\u0161kos juostoje \u012fveskite \u201cRumba\u201d \u2013 yra sienin\u0117 spintel\u0117 ir komodos.<br \/>\nSpalva \u2013 OLD STYLE laminato fasadas \/ MATERA laminato korpusas<\/p>","protected":false},"excerpt":{"rendered":"<p>Auk\u0161tis [cm]: 82<br \/>\nGylis [cm]: 40,3<br \/>\nPlotis [cm]: 97,2<br \/>\nAuk\u0161tis [cm]: 82<\/p>","protected":false},"featured_media":312077,"comment_status":"open","ping_status":"open","template":"","meta":[],"product_brand":[],"product_cat":[9234,1173],"product_tag":[],"class_list":{"0":"post-312076","1":"product","2":"type-product","3":"status-publish","4":"has-post-thumbnail","6":"product_cat-stolarz-lempert","7":"product_cat-chests-of-drawers","9":"first","10":"instock","11":"purchasable","12":"product-type-simple"},"_links":{"self":[{"href":"https:\/\/baldumarket.lt\/lt\/wp-json\/wp\/v2\/product\/312076","targetHints":{"allow":["GET"]}}],"collection":[{"href":"https:\/\/baldumarket.lt\/lt\/wp-json\/wp\/v2\/product"}],"about":[{"href":"https:\/\/baldumarket.lt\/lt\/wp-json\/wp\/v2\/types\/product"}],"replies":[{"embeddable":true,"href":"https:\/\/baldumarket.lt\/lt\/wp-json\/wp\/v2\/comments?post=312076"}],"wp:featuredmedia":[{"embeddable":true,"href":"https:\/\/baldumarket.lt\/lt\/wp-json\/wp\/v2\/media\/312077"}],"wp:attachment":[{"href":"https:\/\/baldumarket.lt\/lt\/wp-json\/wp\/v2\/media?parent=312076"}],"wp:term":[{"taxonomy":"product_brand","embeddable":true,"href":"https:\/\/baldumarket.lt\/lt\/wp-json\/wp\/v2\/product_brand?post=312076"},{"taxonomy":"product_cat","embeddable":true,"href":"https:\/\/baldumarket.lt\/lt\/wp-json\/wp\/v2\/product_cat?post=312076"},{"taxonomy":"product_tag","embeddable":true,"href":"https:\/\/baldumarket.lt\/lt\/wp-json\/wp\/v2\/product_tag?post=312076"}],"curies":[{"name":"wp","href":"https:\/\/api.w.org\/{rel}","templated":true}]}}