{"id":312070,"date":"2026-01-16T07:55:00","date_gmt":"2026-01-16T04:55:00","guid":{"rendered":"https:\/\/baldumarket.lt\/product\/komoda-rumba-3f-old-style\/"},"modified":"2026-03-23T13:00:26","modified_gmt":"2026-03-23T10:00:26","slug":"komoda-rumba-3f-old-style","status":"publish","type":"product","link":"https:\/\/baldumarket.lt\/lt\/product\/komoda-rumba-3f-old-style\/","title":{"rendered":"Rumba 3F komoda &#8211; senovinio stiliaus"},"content":{"rendered":"<h5><span style=\"color: #54859b\">Apsilankykite m\u016bs\u0173 virtualioje Stolarz-Lempert prek\u0117s \u017eenklo parduotuv\u0117je<\/span><\/h5>\n<p> <a href=\"http:\/\/spacer.lempert.pl\/\" target=\"_blank\" rel=\"noopener\"><span style=\"color: #e47025\">http:\/\/spacer.lempert.pl\/<\/span><\/a><\/p>\n<p>Komoda \u201eRumba\u201c \u2013 tai modernus ir erdvus baldas, papildantis \u201eRumba\u201c sienin\u0119 spintel\u0119.<br \/>\nKomoda turi tris spinteles, viduje yra lentyna.<br \/>\n\u012e paie\u0161kos laukel\u012f \u012fveskite \u017eod\u012f \u201eRumba\u201c \u2013 sienin\u0117 spintel\u0117 ir komodos bus laisvos.<br \/>\nSpalva \u2013 OLD STYLE laminato fasadas \/ MATERA laminato korpusas<\/p>","protected":false},"excerpt":{"rendered":"<p>Plotis [cm]: 148,8<br \/>\nAuk\u0161tis [cm]: 82<br \/>\ngylis [cm]: 40,3<\/p>","protected":false},"featured_media":312071,"comment_status":"open","ping_status":"open","template":"","meta":[],"product_brand":[],"product_cat":[9234,1173],"product_tag":[],"class_list":{"0":"post-312070","1":"product","2":"type-product","3":"status-publish","4":"has-post-thumbnail","6":"product_cat-stolarz-lempert","7":"product_cat-chests-of-drawers","9":"first","10":"instock","11":"purchasable","12":"product-type-simple"},"_links":{"self":[{"href":"https:\/\/baldumarket.lt\/lt\/wp-json\/wp\/v2\/product\/312070","targetHints":{"allow":["GET"]}}],"collection":[{"href":"https:\/\/baldumarket.lt\/lt\/wp-json\/wp\/v2\/product"}],"about":[{"href":"https:\/\/baldumarket.lt\/lt\/wp-json\/wp\/v2\/types\/product"}],"replies":[{"embeddable":true,"href":"https:\/\/baldumarket.lt\/lt\/wp-json\/wp\/v2\/comments?post=312070"}],"wp:featuredmedia":[{"embeddable":true,"href":"https:\/\/baldumarket.lt\/lt\/wp-json\/wp\/v2\/media\/312071"}],"wp:attachment":[{"href":"https:\/\/baldumarket.lt\/lt\/wp-json\/wp\/v2\/media?parent=312070"}],"wp:term":[{"taxonomy":"product_brand","embeddable":true,"href":"https:\/\/baldumarket.lt\/lt\/wp-json\/wp\/v2\/product_brand?post=312070"},{"taxonomy":"product_cat","embeddable":true,"href":"https:\/\/baldumarket.lt\/lt\/wp-json\/wp\/v2\/product_cat?post=312070"},{"taxonomy":"product_tag","embeddable":true,"href":"https:\/\/baldumarket.lt\/lt\/wp-json\/wp\/v2\/product_tag?post=312070"}],"curies":[{"name":"wp","href":"https:\/\/api.w.org\/{rel}","templated":true}]}}