{"id":312064,"date":"2026-01-16T07:54:56","date_gmt":"2026-01-16T04:54:56","guid":{"rendered":"https:\/\/baldumarket.lt\/product\/komoda-rumba-old-style\/"},"modified":"2026-03-23T13:00:26","modified_gmt":"2026-03-23T10:00:26","slug":"komoda-rumba-old-style","status":"publish","type":"product","link":"https:\/\/baldumarket.lt\/lt\/product\/komoda-rumba-old-style\/","title":{"rendered":"Rumba komoda &#8211; senovinio stiliaus"},"content":{"rendered":"<h5><span style=\"color: #54859b\">Apsilankykite m\u016bs\u0173 virtualioje Stolarz-Lempert prek\u0117s \u017eenklo parduotuv\u0117je<\/span><\/h5>\n<p> <a href=\"http:\/\/spacer.lempert.pl\/\" target=\"_blank\" rel=\"noopener\"><span style=\"color: #e47025\">http:\/\/spacer.lempert.pl\/<\/span><\/a><\/p>\n<p>Komoda \u201eRumba\u201c \u2013 tai modernus ir erdvus baldas, papildantis \u201eRumba\u201c sienin\u0119 spintel\u0119.<br \/>\nKomodoje yra dvi spintel\u0117s \u2013 viena su lentyna viduje, ni\u0161a su stikline lentyna ir du stal\u010diai \u2013 su pasirinktinai pasirenkamu ap\u0161vietimu.<br \/>\n\u012e paie\u0161kos laukel\u012f \u012fveskite \u017eod\u012f \u201eRumba\u201c \u2013 sienin\u0117 spintel\u0117 ir komodos bus laisvos.<br \/>\nSpalva: OLD STYLE laminato fasadas \/ MATERA laminato korpusas<\/p>","protected":false},"excerpt":{"rendered":"<p>Plotis [cm]: 157<br \/>\nAuk\u0161tis [cm]: 82<br \/>\nGylis [cm]: 40<br \/>\nKomodos stilius: senovinis<br \/>\nMed\u017eiaga: laminuota plok\u0161t\u0117<br \/>\nAtidarymo b\u016bdas: naudojant rankenas<br \/>\nStal\u010di\u0173 skai\u010dius: 2 stal\u010diai<br \/>\nKoj\u0173 tipas: be koj\u0173 \u2013 ant cokolio<br \/>\nAp\u0161vietimas: su LED ap\u0161vietimu<\/p>","protected":false},"featured_media":312065,"comment_status":"open","ping_status":"open","template":"","meta":[],"product_brand":[],"product_cat":[9234,1173],"product_tag":[],"class_list":{"0":"post-312064","1":"product","2":"type-product","3":"status-publish","4":"has-post-thumbnail","6":"product_cat-stolarz-lempert","7":"product_cat-chests-of-drawers","9":"first","10":"instock","11":"purchasable","12":"product-type-simple"},"_links":{"self":[{"href":"https:\/\/baldumarket.lt\/lt\/wp-json\/wp\/v2\/product\/312064","targetHints":{"allow":["GET"]}}],"collection":[{"href":"https:\/\/baldumarket.lt\/lt\/wp-json\/wp\/v2\/product"}],"about":[{"href":"https:\/\/baldumarket.lt\/lt\/wp-json\/wp\/v2\/types\/product"}],"replies":[{"embeddable":true,"href":"https:\/\/baldumarket.lt\/lt\/wp-json\/wp\/v2\/comments?post=312064"}],"wp:featuredmedia":[{"embeddable":true,"href":"https:\/\/baldumarket.lt\/lt\/wp-json\/wp\/v2\/media\/312065"}],"wp:attachment":[{"href":"https:\/\/baldumarket.lt\/lt\/wp-json\/wp\/v2\/media?parent=312064"}],"wp:term":[{"taxonomy":"product_brand","embeddable":true,"href":"https:\/\/baldumarket.lt\/lt\/wp-json\/wp\/v2\/product_brand?post=312064"},{"taxonomy":"product_cat","embeddable":true,"href":"https:\/\/baldumarket.lt\/lt\/wp-json\/wp\/v2\/product_cat?post=312064"},{"taxonomy":"product_tag","embeddable":true,"href":"https:\/\/baldumarket.lt\/lt\/wp-json\/wp\/v2\/product_tag?post=312064"}],"curies":[{"name":"wp","href":"https:\/\/api.w.org\/{rel}","templated":true}]}}